{"id":14,"date":"2023-08-02T13:17:45","date_gmt":"2023-08-02T10:17:45","guid":{"rendered":"https:\/\/blogit.sasky.fi\/hymy\/?page_id=14"},"modified":"2023-08-02T13:17:45","modified_gmt":"2023-08-02T10:17:45","slug":"tietoa-blogista-ja-hankkeesta","status":"publish","type":"page","link":"https:\/\/blogit.sasky.fi\/hymy\/tietoa-blogista-ja-hankkeesta\/","title":{"rendered":"Tietoa blogista ja hankkeesta"},"content":{"rendered":"\n<p><strong>HYMY<\/strong><br>Aikataulu 19.12.2022-30.4.2025<\/p>\n\n\n\n<p><\/p>\n\n\n\n<p><strong>Hankkeen kuvaus<br><\/strong>HYMY-hankkeen toiminnassa painotetaan opiskelijoiden osallistumis- ja vaikuttamistoiminnan vahvistamista, oppilaitosyhteis\u00f6n hyvinvoinnin tukemista yhdenvertaisuuden ja tasa-arvon edist\u00e4miseksi, opiskelijoiden arjenhallintataitojen vahvistamista sek\u00e4 hyvinvointijohtamisen kehitt\u00e4mist\u00e4.<\/p>\n\n\n\n<p>Koronapandemia aiheutti uusia tarpeita opiskelijoiden hyvinvoinnin, yhteis\u00f6llisyyden ja osallisuuden rakentamiseksi oppilaitoksissa. Hankkeessa sitoudutaan my\u00f6s Agenda2030\u2011tavoitteisiin terveellisest\u00e4 el\u00e4m\u00e4st\u00e4, hyvinvoinnista sek\u00e4 avoimesta, tasa-arvoisesta ja laadukkaasta koulutuksesta. T\u00e4m\u00e4n johdosta HYMY-hankkeen keski\u00f6ss\u00e4 on kehitt\u00e4\u00e4 opiskelijoiden hyvinvointia, yhteis\u00f6llisyytt\u00e4 sek\u00e4 osallisuutta hy\u00f6dynt\u00e4en eri menetelmi\u00e4 ja malleja. Kehitettyj\u00e4 toimintamalleja levitet\u00e4\u00e4n muille verkostoille ja alan toimijoille.<\/p>\n\n\n\n<p><\/p>\n\n\n\n<p><strong>Tavoitteet<br><\/strong>Verkostolla on organisaatio kohtaisia tavoitteita, joita jokainen toimija toteuttaa omissa oppilaitoksissaan. Lis\u00e4ksi on yhteisi\u00e4 tavoitteita ja teemoja, joita kehitet\u00e4\u00e4n pienemmiss\u00e4 ty\u00f6ryhmiss\u00e4 valtakunnallisesti. Pilotoitu toiminta mallinnetaan, jotta malleja voidaan juurruttaa ja levitt\u00e4\u00e4.<\/p>\n\n\n\n<p><\/p>\n\n\n\n<p><strong>Saskyn tavoitteet<br><\/strong>Selvitet\u00e4\u00e4n osallisuuden ja osallistamisen kulmakivet, edistet\u00e4\u00e4n opiskelijoiden vaikuttamismahdollisuuksia. Sis\u00e4llytet\u00e4\u00e4n opinnollistamisen mahdollisuus vaikuttamiseen mukaan.<\/p>\n\n\n\n<p><br>Vahvistetaan asuntolaohjaajien osaamista, otetaan k\u00e4ytt\u00f6\u00f6n VEKE-malli sek\u00e4 OPH:n Laadukas asuntolatoiminta -opas. Kehitet\u00e4\u00e4n opiskeluhuoltoon konsultoivan ty\u00f6otteen toimintamalli sek\u00e4 kehitet\u00e4\u00e4n yhteis\u00f6llisyytt\u00e4 ja osallisuutta.<\/p>\n\n\n\n<p><br>Opiskelijoiden itseohjautuvuuden, arjen hallintataitojen, opiskelutaitojen sek\u00e4 sosiaalisten taitojen tukeminen. Ryhm\u00e4menetelmien benchmarkkaus ja pilotointi sek\u00e4 vertaisarviointi. Osallistutaan vierailuohjelmaan.<\/p>\n\n\n\n<p><\/p>\n\n\n\n<p><br><strong>Toimenpiteet<\/strong><br>Verkosto toimii SAKU ry:n Kiinni strategiaan -mallin mukaan. Verkosto kokoontuu avainkohtaamisiin 10 kertaa hankkeen aikana. Avainkohtaamisissa muodostetaan verkoston toimijoista soluja, jotka kokoontuvat yhteiskehitt\u00e4misen ja vertaisoppimisen puitteissa. Verkoston kesken toteutetaan my\u00f6s vierailuohjelmaa, jossa verkoston j\u00e4sen kutsuu muut omaan oppilaitokseen tutustumaan toimintaan, kehitettyihin malleihin ja hyviin k\u00e4yt\u00e4nt\u00f6ihin.<\/p>\n\n\n\n<p>Saskyn omia toimenpiteit\u00e4 ovat mm. selvitt\u00e4\u00e4 oppilaitoskohtainen osallisuuden taso ja siihen vaikuttavat tekij\u00e4t, kehitt\u00e4\u00e4, pilotoida ja jalkauttaa opiskelijakunnan vaikuttamista ja osallistumista organisaatiotasoisesti toimintakulttuuriin. Samalla selvitet\u00e4\u00e4n, miten osallistumista ja vaikuttamista saadaan opinnollistettua ja vaikuttamisosallistumista lis\u00e4tty\u00e4 eri ty\u00f6ryhmiss\u00e4 oppilaitoksissa ja koko organisaation tasolla.<\/p>\n\n\n\n<p>Hankkeessa koulutetaan asuntolaohjaajia tukemaan mielen hyvinvointia, opiskelua ja yhteis\u00f6llisyytt\u00e4. Otetaan my\u00f6s k\u00e4ytt\u00f6\u00f6n VEKE-malli ja osallistutaan sen kehitt\u00e4miseen ja p\u00e4ivitt\u00e4miseen. Kartoitetaan esimerkiksi Laadukas asuntolatoiminta (OPH) tilanne Saskyssa ja pyrit\u00e4\u00e4n parantamaan toimintaa sen mukaisesti. Lis\u00e4ksi ty\u00f6stet\u00e4\u00e4n yhdess\u00e4 opiskeluhuollon, opettajien ja opiskelijoiden kanssa konsultoivan ty\u00f6otteen opiskeluhuoltoa.<\/p>\n\n\n\n<p>Hankkeessa benchmarkataan my\u00f6s erilaisia arjenhallintataitoryhmi\u00e4. Pilotoidaan Saskyssa arjentaitoja tukevat ryhm\u00e4t opiskelijoille. Ty\u00f6skentelyn painopiste tulee olemaan taitojen harjoittelussa.<\/p>\n\n\n\n<p><\/p>\n\n\n\n<p><strong>Kohderyhm\u00e4<br><\/strong>Ammatilliset opiskelijat<\/p>\n\n\n\n<p><strong>P\u00e4\u00e4toteuttaja<br><\/strong>SAKU ry<\/p>\n\n\n\n<p><strong>Yhteisty\u00f6kumppanit<br><\/strong>AhlmanEdu<br>Jokilaaksojen koulutuskuntayhtym\u00e4, Jedu<br>Jyv\u00e4skyl\u00e4n kristillinen opisto, JKO<br>Jyv\u00e4skyl\u00e4n palvelualan opisto, Jypao<br>Keski-Pohjanmaan koulutuskuntayhtym\u00e4, Kpedu<br>Kotkan-Haminan seudun koulutuskuntayhtym\u00e4, Ekami<br>Koulutuskeskus Salpaus<br>Koulutuskuntayhtym\u00e4 OSAO<br>Novida<br>Pohjoisen Keski-Suomen ammattiopisto, Poke<br>Raision seudun koulutuskuntayhtym\u00e4, Raseko<br>Saimaan ammattiopisto, Sampo<br>SASKY koulutuskuntayhtym\u00e4<br>Savon ammattiopisto, Sakky<br>Varalan Urheiluopisto<\/p>\n\n\n\n<p><\/p>\n\n\n\n<p><br><strong>Lis\u00e4tietoja<br><\/strong>Iris Sundelin<\/p>\n\n\n\n<p>iris.sundelin(at)sasky.fi<\/p>\n\n\n\n<p><strong>Rahoittaja<br><\/strong>Opetushallitus OPH<\/p>\n\n\n\n<p><strong>Voimassa<\/strong><br>30.4.2031<\/p>\n","protected":false},"excerpt":{"rendered":"<p>HYMYAikataulu 19.12.2022-30.4.2025 Hankkeen kuvausHYMY-hankkeen toiminnassa painotetaan opiskelijoiden osallistumis- ja vaikuttamistoiminnan vahvistamista, oppilaitosyhteis\u00f6n hyvinvoinnin tukemista yhdenvertaisuuden ja tasa-arvon edist\u00e4miseksi, opiskelijoiden arjenhallintataitojen vahvistamista sek\u00e4 hyvinvointijohtamisen kehitt\u00e4mist\u00e4. Koronapandemia aiheutti uusia tarpeita opiskelijoiden hyvinvoinnin, yhteis\u00f6llisyyden ja osallisuuden rakentamiseksi oppilaitoksissa. Hankkeessa sitoudutaan my\u00f6s Agenda2030\u2011tavoitteisiin terveellisest\u00e4 el\u00e4m\u00e4st\u00e4, hyvinvoinnista sek\u00e4 avoimesta, tasa-arvoisesta ja laadukkaasta koulutuksesta. T\u00e4m\u00e4n johdosta HYMY-hankkeen keski\u00f6ss\u00e4 on kehitt\u00e4\u00e4 opiskelijoiden &hellip; <\/p>\n<p class=\"link-more\"><a href=\"https:\/\/blogit.sasky.fi\/hymy\/tietoa-blogista-ja-hankkeesta\/\" class=\"more-link\">Jatka lukemista<span class=\"screen-reader-text\"> &#8221;Tietoa blogista ja hankkeesta&#8221;<\/span><\/a><\/p>\n","protected":false},"author":45,"featured_media":0,"parent":0,"menu_order":0,"comment_status":"closed","ping_status":"closed","template":"","meta":{"footnotes":""},"class_list":["post-14","page","type-page","status-publish","hentry"],"_links":{"self":[{"href":"https:\/\/blogit.sasky.fi\/hymy\/wp-json\/wp\/v2\/pages\/14","targetHints":{"allow":["GET"]}}],"collection":[{"href":"https:\/\/blogit.sasky.fi\/hymy\/wp-json\/wp\/v2\/pages"}],"about":[{"href":"https:\/\/blogit.sasky.fi\/hymy\/wp-json\/wp\/v2\/types\/page"}],"author":[{"embeddable":true,"href":"https:\/\/blogit.sasky.fi\/hymy\/wp-json\/wp\/v2\/users\/45"}],"replies":[{"embeddable":true,"href":"https:\/\/blogit.sasky.fi\/hymy\/wp-json\/wp\/v2\/comments?post=14"}],"version-history":[{"count":1,"href":"https:\/\/blogit.sasky.fi\/hymy\/wp-json\/wp\/v2\/pages\/14\/revisions"}],"predecessor-version":[{"id":15,"href":"https:\/\/blogit.sasky.fi\/hymy\/wp-json\/wp\/v2\/pages\/14\/revisions\/15"}],"wp:attachment":[{"href":"https:\/\/blogit.sasky.fi\/hymy\/wp-json\/wp\/v2\/media?parent=14"}],"curies":[{"name":"wp","href":"https:\/\/api.w.org\/{rel}","templated":true}]}}