{"id":47,"date":"2024-04-05T09:03:00","date_gmt":"2024-04-05T06:03:00","guid":{"rendered":"https:\/\/blogit.sasky.fi\/hymy\/?page_id=47"},"modified":"2025-04-23T10:30:19","modified_gmt":"2025-04-23T07:30:19","slug":"opiskelijavaikuttaminen","status":"publish","type":"page","link":"https:\/\/blogit.sasky.fi\/hymy\/opiskelijavaikuttaminen\/","title":{"rendered":"Opiskelijavaikuttaminen"},"content":{"rendered":"\n<p>HYMY-hanke kehitt\u00e4\u00e4 Sasky koulutuskuntayhtym\u00e4ss\u00e4 organisaatiotasoista materiaalia opiskelijakunnan hallituksien, tutoreiden ja heid\u00e4n ohjaajiensa k\u00e4ytt\u00f6\u00f6n. Materiaalia, ohjeita ja oppaita kehitet\u00e4\u00e4n hankkeen loppuun asti ja lis\u00e4t\u00e4\u00e4n t\u00e4nne malliksi my\u00f6s muiden hy\u00f6dynnett\u00e4v\u00e4ksi, miten meill\u00e4 Saskyssa toimitaan.<\/p>\n\n\n\n<div class=\"wp-block-file\"><a id=\"wp-block-file--media-5a535354-da6c-4c49-8760-fe926a707425\" href=\"https:\/\/blogit.sasky.fi\/hymy\/wp-content\/uploads\/sites\/20\/2024\/05\/Sasky_opiskelijakunta_tutor_todistus.docx\">Sasky_opiskelijakunta_tutor_todistus<\/a><a href=\"https:\/\/blogit.sasky.fi\/hymy\/wp-content\/uploads\/sites\/20\/2024\/05\/Sasky_opiskelijakunta_tutor_todistus.docx\" class=\"wp-block-file__button wp-element-button\" download aria-describedby=\"wp-block-file--media-5a535354-da6c-4c49-8760-fe926a707425\">Lataa<\/a><\/div>\n\n\n\n<h2 class=\"wp-block-heading\">Opiskelijat &amp; Jory -kyselytunti<\/h2>\n\n\n\n<div class=\"wp-block-file\"><a id=\"wp-block-file--media-e4fcbe1a-10eb-4988-86b4-1943b0318390\" href=\"https:\/\/blogit.sasky.fi\/hymy\/wp-content\/uploads\/sites\/20\/2024\/11\/OPKU_JORY_KYSELYTUNTI_PROSESSIKAAVIO.pdf\">OPKU_JORY_KYSELYTUNTI_PROSESSIKAAVIO<\/a><a href=\"https:\/\/blogit.sasky.fi\/hymy\/wp-content\/uploads\/sites\/20\/2024\/11\/OPKU_JORY_KYSELYTUNTI_PROSESSIKAAVIO.pdf\" class=\"wp-block-file__button wp-element-button\" download aria-describedby=\"wp-block-file--media-e4fcbe1a-10eb-4988-86b4-1943b0318390\">Lataa<\/a><\/div>\n\n\n\n<div class=\"wp-block-file\"><a id=\"wp-block-file--media-73ac4b5e-96a7-4463-9719-00f180f7058d\" href=\"https:\/\/blogit.sasky.fi\/hymy\/wp-content\/uploads\/sites\/20\/2024\/11\/OPISKELIJAT-JORY-KYSELYTUNTI_OHJE.pdf\">OPISKELIJAT &amp; JORY KYSELYTUNTI_OHJE<\/a><a href=\"https:\/\/blogit.sasky.fi\/hymy\/wp-content\/uploads\/sites\/20\/2024\/11\/OPISKELIJAT-JORY-KYSELYTUNTI_OHJE.pdf\" class=\"wp-block-file__button wp-element-button\" download aria-describedby=\"wp-block-file--media-73ac4b5e-96a7-4463-9719-00f180f7058d\">Lataa<\/a><\/div>\n\n\n\n<p><\/p>\n\n\n\n<h2 class=\"wp-block-heading\">Huippukokous<\/h2>\n\n\n\n<div class=\"wp-block-file\"><a id=\"wp-block-file--media-235eae5d-be17-42df-919c-ae38d41a38f7\" href=\"https:\/\/blogit.sasky.fi\/hymy\/wp-content\/uploads\/sites\/20\/2024\/11\/SASKY_OPKU_HUIPPUKOKOUS_OHJE.pdf\">SASKY_OPKU_HUIPPUKOKOUS_OHJE<\/a><a href=\"https:\/\/blogit.sasky.fi\/hymy\/wp-content\/uploads\/sites\/20\/2024\/11\/SASKY_OPKU_HUIPPUKOKOUS_OHJE.pdf\" class=\"wp-block-file__button wp-element-button\" download aria-describedby=\"wp-block-file--media-235eae5d-be17-42df-919c-ae38d41a38f7\">Lataa<\/a><\/div>\n\n\n\n<div class=\"wp-block-file\"><a id=\"wp-block-file--media-6ae4771b-05f5-4985-9a4d-91a4a9a8a9eb\" href=\"https:\/\/blogit.sasky.fi\/hymy\/wp-content\/uploads\/sites\/20\/2024\/11\/OPKU_HUIPPUKOKOUS_PROSESSIKAAVIO.pdf\">OPKU_HUIPPUKOKOUS_PROSESSIKAAVIO<\/a><a href=\"https:\/\/blogit.sasky.fi\/hymy\/wp-content\/uploads\/sites\/20\/2024\/11\/OPKU_HUIPPUKOKOUS_PROSESSIKAAVIO.pdf\" class=\"wp-block-file__button wp-element-button\" download aria-describedby=\"wp-block-file--media-6ae4771b-05f5-4985-9a4d-91a4a9a8a9eb\">Lataa<\/a><\/div>\n\n\n\n<p><\/p>\n\n\n\n<h2 class=\"wp-block-heading\">Opiskelijakuntatoiminnan esittelypiste<\/h2>\n\n\n\n<div class=\"wp-block-file\"><a id=\"wp-block-file--media-f01ac249-8ac3-4205-82fc-2edd7e3634e5\" href=\"https:\/\/blogit.sasky.fi\/hymy\/wp-content\/uploads\/sites\/20\/2024\/11\/OPKUTOIMINNAN_ESITTELYPISTE.pdf\">OPKUTOIMINNAN_ESITTELYPISTE<\/a><a href=\"https:\/\/blogit.sasky.fi\/hymy\/wp-content\/uploads\/sites\/20\/2024\/11\/OPKUTOIMINNAN_ESITTELYPISTE.pdf\" class=\"wp-block-file__button wp-element-button\" download aria-describedby=\"wp-block-file--media-f01ac249-8ac3-4205-82fc-2edd7e3634e5\">Lataa<\/a><\/div>\n\n\n\n<div class=\"wp-block-file\"><a id=\"wp-block-file--media-4c61a6f8-2072-4fbc-8753-0e50a8b58a5c\" href=\"https:\/\/blogit.sasky.fi\/hymy\/wp-content\/uploads\/sites\/20\/2024\/11\/OPISKELIJAKUNTATOIMINNAN-ESITTELYPISTE_OHJE.pdf\">OPISKELIJAKUNTATOIMINNAN ESITTELYPISTE_OHJE<\/a><a href=\"https:\/\/blogit.sasky.fi\/hymy\/wp-content\/uploads\/sites\/20\/2024\/11\/OPISKELIJAKUNTATOIMINNAN-ESITTELYPISTE_OHJE.pdf\" class=\"wp-block-file__button wp-element-button\" download aria-describedby=\"wp-block-file--media-4c61a6f8-2072-4fbc-8753-0e50a8b58a5c\">Lataa<\/a><\/div>\n\n\n\n<p><\/p>\n\n\n\n<h2 class=\"wp-block-heading\">Nuorisovaltuustoyhteisty\u00f6<\/h2>\n\n\n\n<div class=\"wp-block-file\"><a id=\"wp-block-file--media-8d37c15c-add8-4723-b324-096753c40039\" href=\"https:\/\/blogit.sasky.fi\/hymy\/wp-content\/uploads\/sites\/20\/2024\/11\/NUORISOVALTUUSTOYHTEISTYO_OHJE.pdf\">NUORISOVALTUUSTOYHTEISTY\u00d6_OHJE<\/a><a href=\"https:\/\/blogit.sasky.fi\/hymy\/wp-content\/uploads\/sites\/20\/2024\/11\/NUORISOVALTUUSTOYHTEISTYO_OHJE.pdf\" class=\"wp-block-file__button wp-element-button\" download aria-describedby=\"wp-block-file--media-8d37c15c-add8-4723-b324-096753c40039\">Lataa<\/a><\/div>\n\n\n\n<h2 class=\"wp-block-heading\">Opiskelijakunnan hallituksen arvot ja ohjeet<\/h2>\n\n\n\n<div class=\"wp-block-file\"><a id=\"wp-block-file--media-2976b215-361d-4cd7-9ea1-5e6a017e2b6f\" href=\"https:\/\/blogit.sasky.fi\/hymy\/wp-content\/uploads\/sites\/20\/2025\/04\/SASKY-OPKU-ARVOT-SYKSY-2024_OHJE.pdf\">SASKY OPKU ARVOT SYKSY 2024_OHJE<\/a><a href=\"https:\/\/blogit.sasky.fi\/hymy\/wp-content\/uploads\/sites\/20\/2025\/04\/SASKY-OPKU-ARVOT-SYKSY-2024_OHJE.pdf\" class=\"wp-block-file__button wp-element-button\" download aria-describedby=\"wp-block-file--media-2976b215-361d-4cd7-9ea1-5e6a017e2b6f\">Lataa<\/a><\/div>\n","protected":false},"excerpt":{"rendered":"<p>HYMY-hanke kehitt\u00e4\u00e4 Sasky koulutuskuntayhtym\u00e4ss\u00e4 organisaatiotasoista materiaalia opiskelijakunnan hallituksien, tutoreiden ja heid\u00e4n ohjaajiensa k\u00e4ytt\u00f6\u00f6n. Materiaalia, ohjeita ja oppaita kehitet\u00e4\u00e4n hankkeen loppuun asti ja lis\u00e4t\u00e4\u00e4n t\u00e4nne malliksi my\u00f6s muiden hy\u00f6dynnett\u00e4v\u00e4ksi, miten meill\u00e4 Saskyssa toimitaan. Opiskelijat &amp; Jory -kyselytunti Huippukokous Opiskelijakuntatoiminnan esittelypiste Nuorisovaltuustoyhteisty\u00f6 Opiskelijakunnan hallituksen arvot ja ohjeet<\/p>\n","protected":false},"author":46,"featured_media":0,"parent":0,"menu_order":0,"comment_status":"closed","ping_status":"closed","template":"","meta":{"footnotes":""},"class_list":["post-47","page","type-page","status-publish","hentry"],"_links":{"self":[{"href":"https:\/\/blogit.sasky.fi\/hymy\/wp-json\/wp\/v2\/pages\/47","targetHints":{"allow":["GET"]}}],"collection":[{"href":"https:\/\/blogit.sasky.fi\/hymy\/wp-json\/wp\/v2\/pages"}],"about":[{"href":"https:\/\/blogit.sasky.fi\/hymy\/wp-json\/wp\/v2\/types\/page"}],"author":[{"embeddable":true,"href":"https:\/\/blogit.sasky.fi\/hymy\/wp-json\/wp\/v2\/users\/46"}],"replies":[{"embeddable":true,"href":"https:\/\/blogit.sasky.fi\/hymy\/wp-json\/wp\/v2\/comments?post=47"}],"version-history":[{"count":6,"href":"https:\/\/blogit.sasky.fi\/hymy\/wp-json\/wp\/v2\/pages\/47\/revisions"}],"predecessor-version":[{"id":96,"href":"https:\/\/blogit.sasky.fi\/hymy\/wp-json\/wp\/v2\/pages\/47\/revisions\/96"}],"wp:attachment":[{"href":"https:\/\/blogit.sasky.fi\/hymy\/wp-json\/wp\/v2\/media?parent=47"}],"curies":[{"name":"wp","href":"https:\/\/api.w.org\/{rel}","templated":true}]}}