{"id":181,"date":"2020-10-02T09:41:03","date_gmt":"2020-10-02T06:41:03","guid":{"rendered":"https:\/\/blogit.sasky.fi\/intoamis\/?page_id=181"},"modified":"2024-06-03T13:49:14","modified_gmt":"2024-06-03T10:49:14","slug":"ny-yritykset","status":"publish","type":"page","link":"https:\/\/blogit.sasky.fi\/intoamis\/ny-yritykset\/","title":{"rendered":"NYT-Yritykset"},"content":{"rendered":"\n<p class=\"has-text-color\" style=\"color:#716a53\"><strong>MIKSI<\/strong>?<\/p>\n\n\n\n<p>\u201dYritt\u00e4jyyskasvatus on kasvava trendi koulutuksessa ja osa kaikkien kouluasteiden opetussuunnitelmia. Sen avulla vahvistetaan ihmisten taitoja, tietoa ja asenteita, joita he tarvitsevat menesty\u00e4kseen globaalissa taloudessa ja muuttuvassa ty\u00f6el\u00e4m\u00e4ss\u00e4.\u201d (Euroopan Komissio)<\/p>\n\n\n\n<p class=\"has-text-color\" style=\"color:#716a53\"><strong>MIK\u00c4<\/strong>?<\/p>\n\n\n\n<p>Nuori Yritt\u00e4jyys ry:n Vuosi yritt\u00e4j\u00e4n\u00e4 -ohjelma on teorian ja k\u00e4yt\u00e4nn\u00f6n yhdist\u00e4v\u00e4 ty\u00f6kalu yritt\u00e4jyyden&nbsp;<strong>taitojen<\/strong>,&nbsp;<strong>osaamisen&nbsp;<\/strong>ja&nbsp;<strong>asenteen&nbsp;<\/strong>opettamiseen ja oppimiseen. Ohjelma tarjoaa opiskelijalle hauskan sek\u00e4 k\u00e4yt\u00e4nn\u00f6nl\u00e4heisen ty\u00f6kalun yritt\u00e4jyyden ja ty\u00f6el\u00e4m\u00e4taitojen oppimiseen.<\/p>\n\n\n\n<p class=\"has-text-color\" style=\"color:#716a53\"><strong>MITEN<\/strong>?<\/p>\n\n\n\n<p>Ohjelmassa osallistujat perustavat yksin tai ryhm\u00e4ss\u00e4 oikealla rahalla toimivan NY-yrityksen, jota he py\u00f6ritt\u00e4v\u00e4t lukukauden. Jokaiseen yritykseen valitaan vastuuhenkil\u00f6t, jotka vastaavat esimerkiksi NY-yrityksen pankkitilin hallinnasta, teht\u00e4vien jaosta, asiakassuhteista. Lukuvuoden loppuessa NY-yritys lopetetaan, tehd\u00e4\u00e4n tarvittavat ilmoitukset ja kertynyt voitto jaetaan yrityksen osallistujien kesken.<\/p>\n\n\n\n<p><\/p>\n\n\n\n<h2 class=\"wp-block-heading\">NY-yritykset lukuvuonna 22-23<\/h2>\n\n\n\n<p><strong>Fresh Bistro<\/strong> <strong>NY<\/strong><\/p>\n\n\n\n<p>Fresh Bistro tarjoaa a la carte annoksia, catering-palveluja ja juhlatilaisuuksia kaikille, jotka tykk\u00e4\u00e4v\u00e4t tuoreista ja maukkaista ruoista.&nbsp;Valmistamme kotimaisia ruokia my\u00f6s erilaisten teemojen mukaan.&nbsp;Huolehdimme ruoan laadusta ja asiakkaidemme tarpeista, edullisesti ja luotettavasti.&nbsp;Jos olette kiinnostuneita, tulkaa peremm\u00e4lle maistamaan.&nbsp;<\/p>\n\n\n\n<p><\/p>\n\n\n\n<p><\/p>\n\n\n\n<p><strong>Flame Chef NY<\/strong><\/p>\n\n\n\n<p>Flame Chef Ny tarjoaa kahvila- ja ravintolapalveluja sek\u00e4 otamme vastaan tilauksia. Py\u00f6rit\u00e4mme Cafe Into nimist\u00e4 kahvilaa koulun aulassa ja meilt\u00e4 l\u00f6ytyy my\u00f6s Pop-up ravintola Bisto Intola ravintola puolen toisesta kerroksesta. Meilt\u00e4 voi tilata esim. kahvitukset kokouksiin tai muihin tilaisuuksiin, toteutamme tilaukset koulun tai asiakkaan tiloissa. Palveluitamme voivat k\u00e4ytt\u00e4\u00e4 yritykset ja yksityiset henkil\u00f6t. Meihin saa yhteytt\u00e4 Bistro Intolan s\u00e4hk\u00f6postilla: bistrointola@sasky.fi tai soittamalla numeroon 040 632 9244. Palvelumme ovat edullisia. Tervetuloa asiakkaaksi!<\/p>\n\n\n\n<p><\/p>\n\n\n\n<p><\/p>\n\n\n\n<p><strong>High Season NY<\/strong><\/p>\n\n\n\n<p>Meid\u00e4n yrityksemme tarjoaa erilaisia palveluja asiakkaille erilaisiin kokous- sek\u00e4 juhlatilaisuuksiin. Palvelumme ovat suunniteltu el\u00e4kel\u00e4isille sek\u00e4 ty\u00f6ik\u00e4isille. Otamme monenlaisia tilauksia vastaan: mm. tarjoilemme sek\u00e4 leivomme. Voimme j\u00e4rjest\u00e4\u00e4 tapahtumia koulun tiloissa tai koulun ulkopuolella joustavasti koko p\u00e4iv\u00e4n aikana.&nbsp;<\/p>\n\n\n\n<p>\u201cJos ei taidolla, niin sitten menn\u00e4\u00e4n tuurilla\u201d&nbsp;<\/p>\n\n\n\n<p><\/p>\n\n\n\n<p><\/p>\n\n\n\n<p><strong>Bright Ones NY<\/strong><\/p>\n\n\n\n<p>Tarjoamme positiivisella asenteella kohtuuhintaista a la cartea sek\u00e4 noutop\u00f6yt\u00e4 tarjoilupalveluja&nbsp; suunnattuna ty\u00f6ik\u00e4isille sek\u00e4 el\u00e4kel\u00e4isille.&nbsp; Meilt\u00e4 on my\u00f6s mahdollista tilata kahvituksia sek\u00e4 juoma- ja tarjoilupalveluja erilaisiin tilaisuuksiin.&nbsp;J\u00e4rjest\u00e4mme my\u00f6s erilaisia tapahtumia.<\/p>\n\n\n\n<p><em>El\u00e4m\u00e4 on liian lyhyt keskivertopalveluun<\/em>!<\/p>\n\n\n\n<figure class=\"wp-block-gallery has-nested-images columns-default is-cropped wp-block-gallery-1 is-layout-flex wp-block-gallery-is-layout-flex\">\n<figure class=\"wp-block-image size-large\"><img loading=\"lazy\" decoding=\"async\" width=\"820\" height=\"682\" data-id=\"562\" src=\"https:\/\/blogit.sasky.fi\/intoamis\/wp-content\/uploads\/sites\/6\/2022\/01\/bistro_intola_vari.png\" alt=\"\" class=\"wp-image-562\" srcset=\"https:\/\/blogit.sasky.fi\/intoamis\/wp-content\/uploads\/sites\/6\/2022\/01\/bistro_intola_vari.png 820w, https:\/\/blogit.sasky.fi\/intoamis\/wp-content\/uploads\/sites\/6\/2022\/01\/bistro_intola_vari-300x250.png 300w, https:\/\/blogit.sasky.fi\/intoamis\/wp-content\/uploads\/sites\/6\/2022\/01\/bistro_intola_vari-768x639.png 768w\" sizes=\"auto, (max-width: 820px) 100vw, 820px\" \/><\/figure>\n<\/figure>\n","protected":false},"excerpt":{"rendered":"<p>MIKSI? \u201dYritt\u00e4jyyskasvatus on kasvava trendi koulutuksessa ja osa kaikkien kouluasteiden opetussuunnitelmia. Sen avulla vahvistetaan ihmisten taitoja, tietoa ja asenteita, joita he tarvitsevat menesty\u00e4kseen globaalissa taloudessa ja muuttuvassa ty\u00f6el\u00e4m\u00e4ss\u00e4.\u201d (Euroopan Komissio) MIK\u00c4? Nuori Yritt\u00e4jyys ry:n Vuosi yritt\u00e4j\u00e4n\u00e4 -ohjelma on teorian ja k\u00e4yt\u00e4nn\u00f6n yhdist\u00e4v\u00e4 ty\u00f6kalu yritt\u00e4jyyden&nbsp;taitojen,&nbsp;osaamisen&nbsp;ja&nbsp;asenteen&nbsp;opettamiseen ja oppimiseen. Ohjelma tarjoaa opiskelijalle hauskan sek\u00e4 k\u00e4yt\u00e4nn\u00f6nl\u00e4heisen ty\u00f6kalun yritt\u00e4jyyden ja &hellip; <a href=\"https:\/\/blogit.sasky.fi\/intoamis\/ny-yritykset\/\" class=\"more-link\">Jatka lukemista <span class=\"screen-reader-text\">NYT-Yritykset<\/span> <span class=\"meta-nav\">&rarr;<\/span><\/a><\/p>\n","protected":false},"author":20,"featured_media":0,"parent":0,"menu_order":0,"comment_status":"closed","ping_status":"closed","template":"","meta":{"footnotes":""},"class_list":["post-181","page","type-page","status-publish","hentry"],"_links":{"self":[{"href":"https:\/\/blogit.sasky.fi\/intoamis\/wp-json\/wp\/v2\/pages\/181","targetHints":{"allow":["GET"]}}],"collection":[{"href":"https:\/\/blogit.sasky.fi\/intoamis\/wp-json\/wp\/v2\/pages"}],"about":[{"href":"https:\/\/blogit.sasky.fi\/intoamis\/wp-json\/wp\/v2\/types\/page"}],"author":[{"embeddable":true,"href":"https:\/\/blogit.sasky.fi\/intoamis\/wp-json\/wp\/v2\/users\/20"}],"replies":[{"embeddable":true,"href":"https:\/\/blogit.sasky.fi\/intoamis\/wp-json\/wp\/v2\/comments?post=181"}],"version-history":[{"count":23,"href":"https:\/\/blogit.sasky.fi\/intoamis\/wp-json\/wp\/v2\/pages\/181\/revisions"}],"predecessor-version":[{"id":950,"href":"https:\/\/blogit.sasky.fi\/intoamis\/wp-json\/wp\/v2\/pages\/181\/revisions\/950"}],"wp:attachment":[{"href":"https:\/\/blogit.sasky.fi\/intoamis\/wp-json\/wp\/v2\/media?parent=181"}],"curies":[{"name":"wp","href":"https:\/\/api.w.org\/{rel}","templated":true}]}}