{"id":19,"date":"2020-06-11T15:27:02","date_gmt":"2020-06-11T12:27:02","guid":{"rendered":"https:\/\/blogit.sasky.fi\/intoamis\/?page_id=19"},"modified":"2020-10-23T11:57:51","modified_gmt":"2020-10-23T08:57:51","slug":"tiimioppijan-opas","status":"publish","type":"page","link":"https:\/\/blogit.sasky.fi\/intoamis\/opiskelu\/tiimioppijan-opas\/","title":{"rendered":"Tiimioppijan opas"},"content":{"rendered":"\n<p style=\"font-size:18px\"><strong>SANASTOA <\/strong>\u2013 meid\u00e4n yhteinen oma kieli<\/p>\n\n\n\n<p><strong>Asiantuntijavierailut<\/strong><br>Asiantuntijavierailujen tavoitteena voi olla esimerkiksi: oman ja tiimin osaamisen laajentaminen, asiantuntijan erityisasiantuntemus, suhdeverkostojen rakentaminen, ajank\u00e4yt\u00f6n ja stressin hallinta tai ty\u00f6hyvinvoinnin lis\u00e4\u00e4minen. Asiantuntijan ei ole aina mahdollista vierailla koululla esimerkiksi pitk\u00e4n v\u00e4limatkan vuoksi. T\u00e4ll\u00f6in vierailun voisi tehd\u00e4 verkon v\u00e4lityksell\u00e4. T\u00e4m\u00e4 tapa antaa enemm\u00e4n mahdollisuuksia mietti\u00e4 tiimi\u00e4si kiinnostavia kontakteja. Ketk\u00e4 ovat alasi huippuja maailman laajuisesti, Suomessa, omalla paikkakunnallasi\u2026<\/p>\n\n\n\n<p><strong>Dialogi \/ dialogirinki<\/strong><br>Nelj\u00e4 t\u00e4rke\u00e4\u00e4 periaatetta: kuuntele, odota, kunnioita ja puhu suoraan. Dialogiringiss\u00e4 keskustelemme tasavertaisesti ja vuorovaikutteisesti yhdess\u00e4 oppien.<\/p>\n\n\n\n<figure class=\"wp-block-image size-large\"><img loading=\"lazy\" decoding=\"async\" width=\"352\" height=\"198\" src=\"https:\/\/blogit.sasky.fi\/intoamis\/wp-content\/uploads\/sites\/6\/2020\/10\/image-18.png\" alt=\"\" class=\"wp-image-169\" srcset=\"https:\/\/blogit.sasky.fi\/intoamis\/wp-content\/uploads\/sites\/6\/2020\/10\/image-18.png 352w, https:\/\/blogit.sasky.fi\/intoamis\/wp-content\/uploads\/sites\/6\/2020\/10\/image-18-300x169.png 300w\" sizes=\"auto, (max-width: 352px) 100vw, 352px\" \/><\/figure>\n\n\n\n<figure class=\"wp-block-image size-large\"><img loading=\"lazy\" decoding=\"async\" width=\"269\" height=\"187\" src=\"https:\/\/blogit.sasky.fi\/intoamis\/wp-content\/uploads\/sites\/6\/2020\/10\/image-19.png\" alt=\"\" class=\"wp-image-170\" \/><\/figure>\n\n\n\n<p class=\"has-text-align-left\"><strong>Esimotorola<\/strong><br>Jokaiselle tiimijaksolle laaditaan esimotorola. Se auttaa sinua suunnittelemaan opintoja tavoitteellisesti. Mit\u00e4 tavoitteita asetamme? Mit\u00e4 asiakas hy\u00f6tyy? Mit\u00e4 teoriatietoja tarvitset ja mit\u00e4 haluat oppia? Mit\u00e4 aiempaa osaamista t\u00e4m\u00e4 vaatii tiimilt\u00e4si ja sinulta?<\/p>\n\n\n\n<p><strong>HOKS eli henkil\u00f6kohtainen osaamisen kehitt\u00e4missuunnitelma<\/strong><br>Suunnitelma tehd\u00e4\u00e4n heti opintojen alkaessa ja sit\u00e4 p\u00e4ivitet\u00e4\u00e4n s\u00e4\u00e4nn\u00f6llisesti opintojen aikana.<\/p>\n\n\n\n<p><strong>Huoltomekaanikkotiimi (j\u00e4rjest\u00e4j\u00e4<\/strong>)<br>Kun tiimisi toimii huoltomekaanikkona, huolehditte yhdess\u00e4 tilojen tuuletuksesta taukojen aikana. Varmistatte, ett\u00e4 tuolit ja p\u00f6yd\u00e4t j\u00e4\u00e4v\u00e4t siististi paikoilleen. Huolehditte, ett\u00e4 roskat on roskiksissa ja astiat palautettu kahvioon\/ keitti\u00f6\u00f6n oikeille paikoilleen sek\u00e4 tyhj\u00e4t pullot\/ t\u00f6lkit palautettu ker\u00e4yspisteeseen. Teid\u00e4n vastuulle kuuluu my\u00f6s huolehtia, ett\u00e4 kirjat\/ kansiot yms. tarvikkeet omilla paikoillaan ja ty\u00f6kalupakin tarvikkeita (tussit, post it-laput\u2026), kopiopaperia ja fl\u00e4ppipaperia yms. on riitt\u00e4v\u00e4sti. Huoltomekaanikkojen vuorot sovitaan tiimikohtaisesti ja tiimit itse sopivat omat vastuuvuoronsa.<\/p>\n\n\n\n<p><strong>Huoltoasema<\/strong><br>Kokeneemmat tiimiyritt\u00e4j\u00e4t ja\/ tai ty\u00f6el\u00e4m\u00e4n edustajat sparraavat sinua ja muita tiimiyritt\u00e4ji\u00e4 projekti-ideoissa ja tiimity\u00f6skentelyyn liittyviss\u00e4 haasteissa.<\/p>\n\n\n\n<p><strong>Jalostamo\/ Reflektointi<\/strong><br>Perustuu ajatukseen, ett\u00e4 ihminen oppii omista kokemuksistaan ja reflektiossa k\u00e4yd\u00e4\u00e4n l\u00e4pi tapahtunutta tai ollutta tilannetta. Voit tehd\u00e4 sit\u00e4 yksin tai yhdess\u00e4 tiimin kanssa(dialogi). On tarpeellista reflektoida yksin, mutta on t\u00e4rke\u00e4\u00e4 ty\u00f6st\u00e4\u00e4 keskener\u00e4isi\u00e4 ajatuksia ja oivalluksen poikasia yhdess\u00e4 muiden kanssa. Yhdess\u00e4 muiden kanssa reflektoimalla voi oppia ja saada vahvistusta omille ajatuksilleen.<\/p>\n\n\n\n<p><strong>J\u00e4lkimotorola<\/strong><br>J\u00e4lkimotorola on hyv\u00e4 reflektiov\u00e4line ty\u00f6- tai oppimisteht\u00e4v\u00e4n p\u00e4\u00e4tteeksi ja se auttaa sinua ammattitaidon kehittymisess\u00e4. T\u00e4m\u00e4 tehd\u00e4\u00e4n joka perjantai tiimijaksoviikon p\u00e4\u00e4tteeksi. J\u00e4lkimotorolassa vastaat kysymyksiin: Mik\u00e4 meni hyvin? Mik\u00e4 meni huonosti? Mit\u00e4 opin? Mit\u00e4 vien k\u00e4yt\u00e4nt\u00f6\u00f6n eli mit\u00e4 teen ensi kerralla paremmin? <strong>On eritt\u00e4in t\u00e4rke\u00e4\u00e4, ett\u00e4 olet aina paikalla.<\/strong><\/p>\n\n\n\n<p><strong>Kaverijohtaminen<\/strong><br>Kaverijohtamisen perusteht\u00e4v\u00e4 on saada muut ponnistelemaan kohti yhteist\u00e4 p\u00e4\u00e4m\u00e4\u00e4r\u00e4\u00e4. Ole herkk\u00e4 johdettavien tunnetiloille ja toimi niiden mukaisesti. Ole johtajana aina l\u00e4sn\u00e4 ja tavoitettavissa, kuuntele aidosti. Vain teoilla on merkityst\u00e4 kaverijohtamisessa. Et voi johtaa muita, jos et osaa johtaa itse\u00e4si. Kaverijohtamisessa on t\u00e4rke\u00e4\u00e4 rakentaa kaikille tiimiyrityksess\u00e4 pelipaikat ja keskitty\u00e4 tiimil\u00e4isten vahvuuksiin. Kaikki kaatuu johtamiseen ja johtaminen viestinn\u00e4n puuttumiseen. Kaverijohtajuus ei ole koskaan palkinto, sill\u00e4 se on ansaittava joka p\u00e4iv\u00e4. Kaverijohtajan teht\u00e4v\u00e4 on luoda tiimiyritykseen hyv\u00e4 yhteishenki ja positiivinen ajattelu. Se merkitsee aina esimerkkin\u00e4 olemista. Mihin kiinnit\u00e4t huomion, siihen muutkin kiinnitt\u00e4v\u00e4t.<\/p>\n\n\n\n<p><strong>Kuski ja repsikka<\/strong><br>Jokainen tiimi valitsee keskuudestaan kaksi kuskia: varsinaisen kuskin ja repsikan (apukuskin). He toimivat yhteisty\u00f6ss\u00e4 tiimiopettajan kanssa huolehtien tiimin hyvinvoinnista ja oppimisen edistymisest\u00e4. He huolehtivat, ett\u00e4 ty\u00f6skentelyn raamit (aikataulut, sopimukset&#8230;) ovat kaikkien tiedossa ja ett\u00e4, tiimi etenee kohti tavoitteita aikataulussa. He toimivat esimerkkin\u00e4 muille ja edist\u00e4v\u00e4t tiimin my\u00f6nteist\u00e4 ilmapiiri\u00e4. Eri tiimien kuskit kokoontuvat yhteen s\u00e4\u00e4nn\u00f6llisesti ja hoitavat tiimien v\u00e4lisi\u00e4 asioita kuskipalavereissa. Kuski ja repsikka voidaan vaihtaa sovituin v\u00e4liajoin.<\/p>\n\n\n\n<p><strong>Mentori<\/strong><br>Aseta itsellesi unelmia ja rohkeitakin tavoitteita. Ota itse vastuu kehittymisest\u00e4si ja hanki mentori kehittymisesi tueksi. Mentorointi on kokemuksen tai tiedon siirt\u00e4mist\u00e4 eteenp\u00e4in ihmiselle, joka sit\u00e4 tarvitsee. Se ei ole opettamista, vaan sparraamista ja oivalluttamista. Vaihtoehtoisesti voitte hankkia tiimille yhteisen mentorin. T\u00e4ll\u00f6in tiimi m\u00e4\u00e4rittelee tavoitteensa yhdess\u00e4 ja kaikkien ryhm\u00e4n j\u00e4senten tulee sitoutua niihin. Ny-yritystoiminnassa mentoria kutsutaan neuvonantajaksi. Mentori auttaa oivaltamaan omat vahvuudet ja kehityskohdat. H\u00e4n kysyy, kuuntelee ja kyseenalaistaa.<\/p>\n\n\n\n<p><strong>N\u00e4ytt\u00f6<\/strong><br>N\u00e4yt\u00f6ss\u00e4 osoitat ammatillisen osaamisesi ty\u00f6el\u00e4m\u00e4ss\u00e4. Teet sen jokaisesta tutkinnon osasta ja n\u00e4yt\u00f6n arvosana tulee tutkintotodistukseesi.<\/p>\n\n\n\n<p><strong>Onnistumiskeskustelu<\/strong><br>Tiimiopen ja opiskelijan\/ tiimin v\u00e4linen keskusteluhetki, jossa k\u00e4yd\u00e4\u00e4n l\u00e4pi vahvuuksia ja onnistumisia ja toisaalta kehitt\u00e4misen kohteita ja ep\u00e4onnistumisista opittuja asioita. Tiimin onnistumiskeskustelut k\u00e4yd\u00e4\u00e4n aina Huoltamo-viikoilla. Henkil\u00f6kohtaisessa onnistumiskeskusteluissa k\u00e4yd\u00e4\u00e4n l\u00e4pi osaamistasi esim. osaamispassin avulla. Mik\u00e4li osaamisesi on riitt\u00e4v\u00e4\u00e4, voit sopia tiimiopen kanssa n\u00e4yt\u00f6n suorittamisesta.<\/p>\n\n\n\n<p><strong>Opiskelija \u2013 paras mahdollinen joukkuepelaaja<\/strong><\/p>\n\n\n\n<figure class=\"wp-block-image size-large\"><img loading=\"lazy\" decoding=\"async\" width=\"201\" height=\"170\" src=\"https:\/\/blogit.sasky.fi\/intoamis\/wp-content\/uploads\/sites\/6\/2020\/10\/image-11.png\" alt=\"\" class=\"wp-image-150\" \/><\/figure>\n\n\n\n<p style=\"font-size:18px\"><strong>OPISKELIJATIIMI<\/strong><\/p>\n\n\n\n<ul class=\"wp-block-list\"><li>Opiskelijoista muodostetaan opiskelijatiimit, jotka opiskelevat koko lukuvuoden samassa tiimiss\u00e4.<\/li><li>Jokainen tiimin j\u00e4sen vaikuttaa ilmapiiriin ja oppimisen edistymiseen.<\/li><li>Tiimiss\u00e4 opitaan yhdess\u00e4, toteutetaan yhdess\u00e4 projekteja ja oppimisteht\u00e4vi\u00e4 sek\u00e4 harjoitellaan erilaisia tiimirooleja.<\/li><li>Tiimiss\u00e4 harjoitellaan my\u00f6s vertaispalautteen antamista ja vastaanottamista.<\/li><li>Tiimiss\u00e4 opitaan my\u00f6s itsens\u00e4 johtamista ja kaverijohtamista.<\/li><\/ul>\n\n\n\n<figure class=\"wp-block-image size-large\"><img loading=\"lazy\" decoding=\"async\" width=\"479\" height=\"270\" src=\"https:\/\/blogit.sasky.fi\/intoamis\/wp-content\/uploads\/sites\/6\/2020\/10\/image-12.png\" alt=\"\" class=\"wp-image-153\" srcset=\"https:\/\/blogit.sasky.fi\/intoamis\/wp-content\/uploads\/sites\/6\/2020\/10\/image-12.png 479w, https:\/\/blogit.sasky.fi\/intoamis\/wp-content\/uploads\/sites\/6\/2020\/10\/image-12-300x169.png 300w\" sizes=\"auto, (max-width: 479px) 100vw, 479px\" \/><\/figure>\n\n\n\n<p><\/p>\n\n\n\n<figure class=\"wp-block-image size-large\"><img loading=\"lazy\" decoding=\"async\" width=\"439\" height=\"247\" src=\"https:\/\/blogit.sasky.fi\/intoamis\/wp-content\/uploads\/sites\/6\/2020\/10\/image-21.png\" alt=\"\" class=\"wp-image-223\" srcset=\"https:\/\/blogit.sasky.fi\/intoamis\/wp-content\/uploads\/sites\/6\/2020\/10\/image-21.png 439w, https:\/\/blogit.sasky.fi\/intoamis\/wp-content\/uploads\/sites\/6\/2020\/10\/image-21-300x169.png 300w\" sizes=\"auto, (max-width: 439px) 100vw, 439px\" \/><\/figure>\n\n\n\n<figure class=\"wp-block-image size-large\"><img loading=\"lazy\" decoding=\"async\" width=\"548\" height=\"308\" src=\"https:\/\/blogit.sasky.fi\/intoamis\/wp-content\/uploads\/sites\/6\/2020\/10\/image-22.png\" alt=\"\" class=\"wp-image-224\" srcset=\"https:\/\/blogit.sasky.fi\/intoamis\/wp-content\/uploads\/sites\/6\/2020\/10\/image-22.png 548w, https:\/\/blogit.sasky.fi\/intoamis\/wp-content\/uploads\/sites\/6\/2020\/10\/image-22-300x169.png 300w\" sizes=\"auto, (max-width: 548px) 100vw, 548px\" \/><\/figure>\n\n\n\n<p style=\"font-size:18px\"><strong>TY\u00d6EL\u00c4M\u00c4TAIDOT<\/strong><\/p>\n\n\n\n<figure class=\"wp-block-image size-large\"><img loading=\"lazy\" decoding=\"async\" width=\"469\" height=\"326\" src=\"https:\/\/blogit.sasky.fi\/intoamis\/wp-content\/uploads\/sites\/6\/2020\/10\/image-32.png\" alt=\"\" class=\"wp-image-291\" srcset=\"https:\/\/blogit.sasky.fi\/intoamis\/wp-content\/uploads\/sites\/6\/2020\/10\/image-32.png 469w, https:\/\/blogit.sasky.fi\/intoamis\/wp-content\/uploads\/sites\/6\/2020\/10\/image-32-300x209.png 300w\" sizes=\"auto, (max-width: 469px) 100vw, 469px\" \/><\/figure>\n\n\n\n<p><strong>Valitusrinki<\/strong><br>Ringiss\u00e4 on lupa valittaa asioista, sill\u00e4 edellytyksell\u00e4, ett\u00e4 haluat niihin itse aktiivisesti l\u00f6yt\u00e4\u00e4 my\u00f6s ratkaisun. Sin\u00e4 ja\/ tai tiimit voitte itse ehdottaa, kun koette tarvetta valitusringille.<\/p>\n\n\n\n<p><strong>Valkunvartti<\/strong><br>Tiimiopen ja tiimin v\u00e4linen keskusteluhetki, jossa k\u00e4yd\u00e4\u00e4n l\u00e4pi tiimi\u00e4 askarruttavia asioita. Tiimit sopivat itse ajan valkunvarttiin, kun kokevat sellaiselle tarvetta.<\/p>\n\n\n\n<p><strong>Varikkopys\u00e4hdys<\/strong><br>Jaksamisen kannalta on t\u00e4rke\u00e4\u00e4, ett\u00e4 v\u00e4lill\u00e4 tehd\u00e4\u00e4n kunnollisia pys\u00e4hdyksi\u00e4, joissa nostetaan ty\u00f6kyky\u00e4 ja yhteishenke\u00e4. Yhdess\u00e4 toimiminen vaatii luottamusta tiimin j\u00e4seniin ja valmentajiin, siksi hyv\u00e4st\u00e4 ty\u00f6ilmapiirist\u00e4 huolehtiminen on ensiarvoisen t\u00e4rke\u00e4\u00e4. Avoin, positiivinen ja erilaiset toimijat huomioon ottava ilmapiiri ruokkii luottamuksen henke\u00e4 ja helpottaa kaikkien osallistumista yhteisten tavoitteiden. Tiimit ehdottavat ja suunnittelevat varikkopys\u00e4hdysten ajankohdan ja sis\u00e4ll\u00f6n budjetti huomioiden. Varikkopys\u00e4hdykset j\u00e4rjestet\u00e4\u00e4n kaikkein tiimien yhteiseksi virkistysp\u00e4iv\u00e4ksi.<\/p>\n\n\n\n<p><strong>ViKi-ohjelma<\/strong><br>Pelkill\u00e4 treeneill\u00e4 et kuitenkaan saa riitt\u00e4v\u00e4\u00e4 teoriatietoa hankittua, vaan sit\u00e4 sinun pit\u00e4\u00e4 kartuttaa lukemalla kirjoja, artikkeleita, blogeja ja alan lehti\u00e4 tai katsomalla esim. alaan tai yritt\u00e4jyyteen liittyvi\u00e4 ohjelmia ja videoita. T\u00e4t\u00e4 systeemi\u00e4 meill\u00e4 kutsutaan <strong>VIKI-ohjelmaksi<\/strong> (videot\/kirjat). Treeneiss\u00e4 jaetaan muille tiimiyritt\u00e4jille ydinkohdat luetuista tai katsotuista materiaaleista.<\/p>\n\n\n\n<figure class=\"wp-block-image size-large\"><img loading=\"lazy\" decoding=\"async\" width=\"342\" height=\"166\" src=\"https:\/\/blogit.sasky.fi\/intoamis\/wp-content\/uploads\/sites\/6\/2020\/10\/image-23.png\" alt=\"\" class=\"wp-image-225\" srcset=\"https:\/\/blogit.sasky.fi\/intoamis\/wp-content\/uploads\/sites\/6\/2020\/10\/image-23.png 342w, https:\/\/blogit.sasky.fi\/intoamis\/wp-content\/uploads\/sites\/6\/2020\/10\/image-23-300x146.png 300w\" sizes=\"auto, (max-width: 342px) 100vw, 342px\" \/><\/figure>\n\n\n\n<p><strong>Yhteisty\u00f6n arvotaulu<\/strong><br>Yhdess\u00e4 sovitut arvot toimivat kivijalkana tiimisi toiminnalle. Tiiminne omat arvot ja yhdess\u00e4 sovitut asiat vaikuttavat turvallisuudentunteen ja luottamuksen lis\u00e4\u00e4ntymiseen. Arvojen tulee olla my\u00f6s sopusoinnussa oppilaitoksen yhteisten arvojen kanssa. Tiimioppiminen vaatii sitoutumista yhteisiin arvoihin. Oppiminen tapahtuu yhdess\u00e4 tekemisen kautta: olemalla vuorovaikutuksessa tiimin j\u00e4senten, asiakkaiden ja valmentajan kanssa. Sovitte arvot yhdess\u00e4, eik\u00e4 kukaan teid\u00e4n tiimin j\u00e4sen voi muuttaa niit\u00e4 yksin. Arvotaulu pidet\u00e4\u00e4n esill\u00e4 tiimin yhteisiss\u00e4 tiloissa sek\u00e4 tiimin sosiaalisen median kanavissa.<\/p>\n\n\n\n<figure class=\"wp-block-image size-large\"><img loading=\"lazy\" decoding=\"async\" width=\"640\" height=\"360\" src=\"https:\/\/blogit.sasky.fi\/intoamis\/wp-content\/uploads\/sites\/6\/2020\/10\/image-24.png\" alt=\"\" class=\"wp-image-227\" srcset=\"https:\/\/blogit.sasky.fi\/intoamis\/wp-content\/uploads\/sites\/6\/2020\/10\/image-24.png 640w, https:\/\/blogit.sasky.fi\/intoamis\/wp-content\/uploads\/sites\/6\/2020\/10\/image-24-300x169.png 300w\" sizes=\"auto, (max-width: 640px) 100vw, 640px\" \/><\/figure>\n\n\n\n<p><strong>Yritysvierailut<\/strong><br>Yritysvierailujen tarkoituksena on tutustua yritykseen sek\u00e4 aloittaa yhteisty\u00f6, josta molemmat osapuolet voisivat hy\u00f6ty\u00e4 uusien ideoiden, n\u00e4k\u00f6kulmien ja toimintatapojen my\u00f6t\u00e4. Pienetkin kertomukset ja kokemukset voivat johtaa unohtumattomiin oivalluksiin ja oppimiskokemuksiin.<\/p>\n\n\n\n<p><\/p>\n","protected":false},"excerpt":{"rendered":"<p>SANASTOA \u2013 meid\u00e4n yhteinen oma kieli AsiantuntijavierailutAsiantuntijavierailujen tavoitteena voi olla esimerkiksi: oman ja tiimin osaamisen laajentaminen, asiantuntijan erityisasiantuntemus, suhdeverkostojen rakentaminen, ajank\u00e4yt\u00f6n ja stressin hallinta tai ty\u00f6hyvinvoinnin lis\u00e4\u00e4minen. Asiantuntijan ei ole aina mahdollista vierailla koululla esimerkiksi pitk\u00e4n v\u00e4limatkan vuoksi. T\u00e4ll\u00f6in vierailun voisi tehd\u00e4 verkon v\u00e4lityksell\u00e4. T\u00e4m\u00e4 tapa antaa enemm\u00e4n mahdollisuuksia mietti\u00e4 tiimi\u00e4si kiinnostavia kontakteja. Ketk\u00e4 ovat &hellip; <a href=\"https:\/\/blogit.sasky.fi\/intoamis\/opiskelu\/tiimioppijan-opas\/\" class=\"more-link\">Jatka lukemista <span class=\"screen-reader-text\">Tiimioppijan opas<\/span> <span class=\"meta-nav\">&rarr;<\/span><\/a><\/p>\n","protected":false},"author":3,"featured_media":0,"parent":6,"menu_order":0,"comment_status":"closed","ping_status":"closed","template":"","meta":{"footnotes":""},"class_list":["post-19","page","type-page","status-publish","hentry"],"_links":{"self":[{"href":"https:\/\/blogit.sasky.fi\/intoamis\/wp-json\/wp\/v2\/pages\/19","targetHints":{"allow":["GET"]}}],"collection":[{"href":"https:\/\/blogit.sasky.fi\/intoamis\/wp-json\/wp\/v2\/pages"}],"about":[{"href":"https:\/\/blogit.sasky.fi\/intoamis\/wp-json\/wp\/v2\/types\/page"}],"author":[{"embeddable":true,"href":"https:\/\/blogit.sasky.fi\/intoamis\/wp-json\/wp\/v2\/users\/3"}],"replies":[{"embeddable":true,"href":"https:\/\/blogit.sasky.fi\/intoamis\/wp-json\/wp\/v2\/comments?post=19"}],"version-history":[{"count":12,"href":"https:\/\/blogit.sasky.fi\/intoamis\/wp-json\/wp\/v2\/pages\/19\/revisions"}],"predecessor-version":[{"id":292,"href":"https:\/\/blogit.sasky.fi\/intoamis\/wp-json\/wp\/v2\/pages\/19\/revisions\/292"}],"up":[{"embeddable":true,"href":"https:\/\/blogit.sasky.fi\/intoamis\/wp-json\/wp\/v2\/pages\/6"}],"wp:attachment":[{"href":"https:\/\/blogit.sasky.fi\/intoamis\/wp-json\/wp\/v2\/media?parent=19"}],"curies":[{"name":"wp","href":"https:\/\/api.w.org\/{rel}","templated":true}]}}