{"id":344,"date":"2021-09-07T10:32:50","date_gmt":"2021-09-07T07:32:50","guid":{"rendered":"https:\/\/blogit.sasky.fi\/intoamis\/?page_id=344"},"modified":"2022-01-21T09:26:51","modified_gmt":"2022-01-21T07:26:51","slug":"demotesti-tarkea","status":"publish","type":"page","link":"https:\/\/blogit.sasky.fi\/intoamis\/ny-yritykset\/demotesti-tarkea\/","title":{"rendered":"NY-yritykset"},"content":{"rendered":"\n<p style=\"font-size:1px\"><strong>NY-yritykset<\/strong><\/p>\n\n\n\n<p><strong>MIKSI<\/strong><\/p>\n\n\n\n<p>\u201dYritt\u00e4jyyskasvatus on kasvava trendi koulutuksessa ja osa kaikkien kouluasteiden opetussuunnitelmia. Sen avulla vahvistetaan ihmisten taitoja, tietoa ja asenteita, joita he tarvitsevat menesty\u00e4kseen globaalissa taloudessa ja muuttuvassa ty\u00f6el\u00e4m\u00e4ss\u00e4.\u201d (Euroopan Komissio)<\/p>\n\n\n\n<p><strong>MIK\u00c4<\/strong><\/p>\n\n\n\n<p>Nuori Yritt\u00e4jyys ry:n Vuosi yritt\u00e4j\u00e4n\u00e4 -ohjelma on teorian ja k\u00e4yt\u00e4nn\u00f6n yhdist\u00e4v\u00e4 ty\u00f6kalu yritt\u00e4jyyden <strong>taitojen<\/strong>, <strong>osaamisen <\/strong>ja <strong>asenteen <\/strong>opettamiseen ja oppimiseen. Ohjelma tarjoaa opiskelijalle hauskan sek\u00e4 k\u00e4yt\u00e4nn\u00f6nl\u00e4heisen ty\u00f6kalun yritt\u00e4jyyden ja ty\u00f6el\u00e4m\u00e4taitojen oppimiseen.<\/p>\n\n\n\n<p><strong>MITEN<\/strong><\/p>\n\n\n\n<p>Ohjelmassa osallistujat perustavat yksin tai ryhm\u00e4ss\u00e4 oikealla rahalla toimivan NY-yrityksen, jota he py\u00f6ritt\u00e4v\u00e4t lukukauden. Jokaiseen yritykseen valitaan vastuuhenkil\u00f6t, jotka vastaavat esimerkiksi NY-yrityksen pankkitilin hallinnasta, teht\u00e4vien jaosta, asiakassuhteista. Lukuvuoden loppuessa NY-yritys lopetetaan, tehd\u00e4\u00e4n tarvittavat ilmoitukset ja kertynyt voitto jaetaan yrityksen osallistujien kesken.<\/p>\n\n\n\n<p><\/p>\n\n\n\n<p><\/p>\n\n\n\n<p><\/p>\n\n\n\n<p class=\"has-large-font-size\"><strong>NY-yritykset lukuvuonna 2021-2022<\/strong><\/p>\n\n\n\n<p><\/p>\n\n\n\n<p><\/p>\n\n\n\n<p style=\"font-size:26px\"><strong>CookMaster NY<\/strong><\/p>\n\n\n\n<p style=\"font-size:18px\">Emme ole vain paperilla!!!<\/p>\n\n\n\n<figure class=\"wp-block-image size-large is-resized\"><img loading=\"lazy\" decoding=\"async\" src=\"https:\/\/blogit.sasky.fi\/intoamis\/wp-content\/uploads\/sites\/6\/2022\/01\/thumbnail_Cook-Master-NY-Logo.png\" alt=\"\" class=\"wp-image-544\" width=\"255\" height=\"178\" srcset=\"https:\/\/blogit.sasky.fi\/intoamis\/wp-content\/uploads\/sites\/6\/2022\/01\/thumbnail_Cook-Master-NY-Logo.png 377w, https:\/\/blogit.sasky.fi\/intoamis\/wp-content\/uploads\/sites\/6\/2022\/01\/thumbnail_Cook-Master-NY-Logo-300x209.png 300w\" sizes=\"auto, (max-width: 255px) 100vw, 255px\" \/><\/figure>\n\n\n\n<p><\/p>\n\n\n\n<p>Cook Master NY tarjoaa kahvila- ja ravintolapalveluita tilauksesta. Palvelemme Pop-up ravintola Bistro Intolassa ja Cafe Into kahvilassa. Voitte tilata meilt\u00e4, esim. Kakkuja, pikkuleipi\u00e4, leivonnaisia. Palvelumme ovat suunnattuja senioreille, ulkopuolisille asiakkaille, kaiken ik\u00e4isille, koulun henkil\u00f6kunnalle ja opiskelijoille.<\/p>\n\n\n\n<p><strong>Roolit<\/strong><\/p>\n\n\n\n<p>Eve \u2013 kuski, toimitusjohtaja<\/p>\n\n\n\n<p>Anna \u2013 Repsikka, talousp\u00e4\u00e4llikk\u00f6<\/p>\n\n\n\n<p>Mariia \u2013 sihteeri, myynti- ja markkinointi p\u00e4\u00e4llikk\u00f6<\/p>\n\n\n\n<p>Shiferaw \u2013 kehitt\u00e4misp\u00e4\u00e4llikk\u00f6<\/p>\n\n\n\n<p>Markus \u2013 myynti- ja markkinointip\u00e4\u00e4llikk\u00f6<\/p>\n\n\n\n<p><strong>Seuraa sivuamme Facebookissa \u2013 Cook Master NY<\/strong><\/p>\n\n\n\n<p><\/p>\n\n\n\n<p style=\"font-size:27px\"><strong>Bistro 14 NY<br><\/strong>Herkullista nopeasti ja edullisesti!<\/p>\n\n\n\n<figure class=\"wp-block-image size-large is-resized\"><img loading=\"lazy\" decoding=\"async\" src=\"https:\/\/blogit.sasky.fi\/intoamis\/wp-content\/uploads\/sites\/6\/2022\/01\/thumbnail_Bistro14-NY-Logo.png\" alt=\"\" class=\"wp-image-540\" width=\"194\" height=\"193\" srcset=\"https:\/\/blogit.sasky.fi\/intoamis\/wp-content\/uploads\/sites\/6\/2022\/01\/thumbnail_Bistro14-NY-Logo.png 642w, https:\/\/blogit.sasky.fi\/intoamis\/wp-content\/uploads\/sites\/6\/2022\/01\/thumbnail_Bistro14-NY-Logo-300x300.png 300w, https:\/\/blogit.sasky.fi\/intoamis\/wp-content\/uploads\/sites\/6\/2022\/01\/thumbnail_Bistro14-NY-Logo-150x150.png 150w\" sizes=\"auto, (max-width: 194px) 100vw, 194px\" \/><\/figure>\n\n\n\n<p><\/p>\n\n\n\n<p>Kuka?<br>Me olemme NY yritys Bistro 14, opiskelemme kokeiksi.<\/p>\n\n\n\n<p><br>Miten?<br>Palvelemme koulumme pop-up ravintolassa Bistro Intolassa ja pid\u00e4mme koulumme aulassa Cafe intoa, sek\u00e4 otamme tilauksia vastaan. Meilt\u00e4 voit tilata esim. Kahvitukset kokouksiin tai muihin tilaisuuksiin, voimme toteuttaa tilauksen koulumme tiloissa tai omissa tiloissanne.<\/p>\n\n\n\n<p><br>Kenelle?<br>Teemme tilauksia kaiken ik\u00e4isille.<\/p>\n\n\n\n<p><\/p>\n\n\n\n<p><strong>Roolit:<br><\/strong>Silja: kuski<br>Vilma: sihteeri<br>Eleonora: talousp\u00e4\u00e4llikk\u00f6<br>Yasser: ideanikkari<\/p>\n\n\n\n<p><\/p>\n\n\n\n<p><strong>Brikkamestarit NY<\/strong><\/p>\n\n\n\n<figure class=\"wp-block-image size-large is-resized\"><img loading=\"lazy\" decoding=\"async\" src=\"https:\/\/blogit.sasky.fi\/intoamis\/wp-content\/uploads\/sites\/6\/2022\/01\/Brikkamestarit-Logo-1.png\" alt=\"\" class=\"wp-image-541\" width=\"185\" height=\"185\" srcset=\"https:\/\/blogit.sasky.fi\/intoamis\/wp-content\/uploads\/sites\/6\/2022\/01\/Brikkamestarit-Logo-1.png 500w, https:\/\/blogit.sasky.fi\/intoamis\/wp-content\/uploads\/sites\/6\/2022\/01\/Brikkamestarit-Logo-1-300x300.png 300w, https:\/\/blogit.sasky.fi\/intoamis\/wp-content\/uploads\/sites\/6\/2022\/01\/Brikkamestarit-Logo-1-150x150.png 150w\" sizes=\"auto, (max-width: 185px) 100vw, 185px\" \/><\/figure>\n\n\n\n<p>Brikkamestarit NY tarjoaa tarjoilupalveluita yrityksille ja yksityishenkil\u00f6ille.<br>Palvelemme Bistro Intolan ja Cafe Intolan asiakkaita.<br>Meilt\u00e4 voit varata kahvituksia ja tarjoilupalveluita tilaisuuksiin \/tapahtumiin.<br>Ota rohkeasti yhteytt\u00e4! ?<\/p>\n\n\n\n<p><strong>Brikkamestarit NY henkil\u00f6esittely:<br><\/strong>Toimitusjohtaja: Tatu Koskela<br>Henkil\u00f6st\u00f6p\u00e4\u00e4llikk\u00f6: Siru Kataja<br>Markkinointi- ja Myyntip\u00e4\u00e4llikk\u00f6: Chakhrit Aotphim<br>Tuotanto- ja Viestint\u00e4p\u00e4\u00e4llikk\u00f6: Siru Kataja<br>Talousp\u00e4\u00e4llikk\u00f6: Sofia Franklin<\/p>\n","protected":false},"excerpt":{"rendered":"<p>NY-yritykset MIKSI \u201dYritt\u00e4jyyskasvatus on kasvava trendi koulutuksessa ja osa kaikkien kouluasteiden opetussuunnitelmia. Sen avulla vahvistetaan ihmisten taitoja, tietoa ja asenteita, joita he tarvitsevat menesty\u00e4kseen globaalissa taloudessa ja muuttuvassa ty\u00f6el\u00e4m\u00e4ss\u00e4.\u201d (Euroopan Komissio) MIK\u00c4 Nuori Yritt\u00e4jyys ry:n Vuosi yritt\u00e4j\u00e4n\u00e4 -ohjelma on teorian ja k\u00e4yt\u00e4nn\u00f6n yhdist\u00e4v\u00e4 ty\u00f6kalu yritt\u00e4jyyden taitojen, osaamisen ja asenteen opettamiseen ja oppimiseen. Ohjelma tarjoaa opiskelijalle &hellip; <a href=\"https:\/\/blogit.sasky.fi\/intoamis\/ny-yritykset\/demotesti-tarkea\/\" class=\"more-link\">Jatka lukemista <span class=\"screen-reader-text\">NY-yritykset<\/span> <span class=\"meta-nav\">&rarr;<\/span><\/a><\/p>\n","protected":false},"author":3,"featured_media":0,"parent":181,"menu_order":0,"comment_status":"closed","ping_status":"closed","template":"","meta":{"footnotes":""},"class_list":["post-344","page","type-page","status-publish","hentry"],"_links":{"self":[{"href":"https:\/\/blogit.sasky.fi\/intoamis\/wp-json\/wp\/v2\/pages\/344","targetHints":{"allow":["GET"]}}],"collection":[{"href":"https:\/\/blogit.sasky.fi\/intoamis\/wp-json\/wp\/v2\/pages"}],"about":[{"href":"https:\/\/blogit.sasky.fi\/intoamis\/wp-json\/wp\/v2\/types\/page"}],"author":[{"embeddable":true,"href":"https:\/\/blogit.sasky.fi\/intoamis\/wp-json\/wp\/v2\/users\/3"}],"replies":[{"embeddable":true,"href":"https:\/\/blogit.sasky.fi\/intoamis\/wp-json\/wp\/v2\/comments?post=344"}],"version-history":[{"count":15,"href":"https:\/\/blogit.sasky.fi\/intoamis\/wp-json\/wp\/v2\/pages\/344\/revisions"}],"predecessor-version":[{"id":552,"href":"https:\/\/blogit.sasky.fi\/intoamis\/wp-json\/wp\/v2\/pages\/344\/revisions\/552"}],"up":[{"embeddable":true,"href":"https:\/\/blogit.sasky.fi\/intoamis\/wp-json\/wp\/v2\/pages\/181"}],"wp:attachment":[{"href":"https:\/\/blogit.sasky.fi\/intoamis\/wp-json\/wp\/v2\/media?parent=344"}],"curies":[{"name":"wp","href":"https:\/\/api.w.org\/{rel}","templated":true}]}}