{"id":112,"date":"2022-11-16T08:53:23","date_gmt":"2022-11-16T06:53:23","guid":{"rendered":"https:\/\/blogit.sasky.fi\/lito-mskk\/?page_id=112"},"modified":"2024-03-21T13:48:45","modified_gmt":"2024-03-21T11:48:45","slug":"mita_meilla_opiskellaan","status":"publish","type":"page","link":"https:\/\/blogit.sasky.fi\/mantan_merkonomit\/opinnot\/mita_meilla_opiskellaan\/","title":{"rendered":"Mit\u00e4 meill\u00e4 opiskellaan?"},"content":{"rendered":"\n<p>Merkonomitutkinto muodostuu tutkinnonosista, joiden yhdistelm\u00e4 takaa opiskelijalle sellaisen osaaminen, ett\u00e4 h\u00e4n voi ty\u00f6llisty\u00e4 liiketoiminnan ty\u00f6teht\u00e4viin. <\/p>\n\n\n\n<p>Opintoihin sis\u00e4ltyy mm. seuraavia teemoja:<\/p>\n\n\n\n<ul class=\"wp-block-list\">\n<li>asiakaspalvelu ja myynti<\/li>\n\n\n\n<li>ty\u00f6yhteis\u00f6taidot<\/li>\n\n\n\n<li>liiketoiminnan kannattavuus ja hinnoittelu<\/li>\n\n\n\n<li>kaupan perusty\u00f6teht\u00e4v\u00e4t<\/li>\n\n\n\n<li>markkinointiviestint\u00e4 ja sis\u00e4ll\u00f6ntuotanto<\/li>\n\n\n\n<li>projektity\u00f6skentely<\/li>\n\n\n\n<li>tapahtumien j\u00e4rjestely<\/li>\n<\/ul>\n\n\n\n<p>Opiskelijan opinnot suunnitellaan jokaiselle henkil\u00f6kohtaisesti. Useat meid\u00e4n opiskelijamme haluavat opiskella sujuvan peruspolun mukaan kolmessa vuodessa, mutta erilaisia henkil\u00f6kohtaisia polkuja r\u00e4\u00e4t\u00e4l\u00f6id\u00e4\u00e4n mm. kaksoistutkintoa suorittaville tai paljon ty\u00f6paikalla opiskeleville opiskelijoille.<\/p>\n\n\n\n<p>Tutkinnon perusteisiin voit tutustua Opetushallituksen <a href=\"https:\/\/eperusteet.opintopolku.fi\/#\/fi\/ammatillinenperustutkinto\/8505690\/tiedot\" data-type=\"link\" data-id=\"https:\/\/eperusteet.opintopolku.fi\/#\/fi\/ammatillinenperustutkinto\/8505690\/tiedot\">ePerusteet<\/a>-palvelussa.<\/p>\n","protected":false},"excerpt":{"rendered":"<p>Merkonomitutkinto muodostuu tutkinnonosista, joiden yhdistelm\u00e4 takaa opiskelijalle sellaisen osaaminen, ett\u00e4 h\u00e4n voi ty\u00f6llisty\u00e4 liiketoiminnan ty\u00f6teht\u00e4viin. Opintoihin sis\u00e4ltyy mm. seuraavia teemoja: Opiskelijan opinnot suunnitellaan jokaiselle henkil\u00f6kohtaisesti. Useat meid\u00e4n opiskelijamme haluavat opiskella sujuvan peruspolun mukaan kolmessa vuodessa, mutta erilaisia henkil\u00f6kohtaisia polkuja r\u00e4\u00e4t\u00e4l\u00f6id\u00e4\u00e4n &hellip; <a href=\"https:\/\/blogit.sasky.fi\/mantan_merkonomit\/opinnot\/mita_meilla_opiskellaan\/\">Lue loppuun <span class=\"meta-nav\">&rarr;<\/span><\/a><\/p>\n","protected":false},"author":26,"featured_media":0,"parent":259,"menu_order":0,"comment_status":"closed","ping_status":"closed","template":"","meta":{"footnotes":""},"class_list":["post-112","page","type-page","status-publish","hentry"],"_links":{"self":[{"href":"https:\/\/blogit.sasky.fi\/mantan_merkonomit\/wp-json\/wp\/v2\/pages\/112","targetHints":{"allow":["GET"]}}],"collection":[{"href":"https:\/\/blogit.sasky.fi\/mantan_merkonomit\/wp-json\/wp\/v2\/pages"}],"about":[{"href":"https:\/\/blogit.sasky.fi\/mantan_merkonomit\/wp-json\/wp\/v2\/types\/page"}],"author":[{"embeddable":true,"href":"https:\/\/blogit.sasky.fi\/mantan_merkonomit\/wp-json\/wp\/v2\/users\/26"}],"replies":[{"embeddable":true,"href":"https:\/\/blogit.sasky.fi\/mantan_merkonomit\/wp-json\/wp\/v2\/comments?post=112"}],"version-history":[{"count":8,"href":"https:\/\/blogit.sasky.fi\/mantan_merkonomit\/wp-json\/wp\/v2\/pages\/112\/revisions"}],"predecessor-version":[{"id":477,"href":"https:\/\/blogit.sasky.fi\/mantan_merkonomit\/wp-json\/wp\/v2\/pages\/112\/revisions\/477"}],"up":[{"embeddable":true,"href":"https:\/\/blogit.sasky.fi\/mantan_merkonomit\/wp-json\/wp\/v2\/pages\/259"}],"wp:attachment":[{"href":"https:\/\/blogit.sasky.fi\/mantan_merkonomit\/wp-json\/wp\/v2\/media?parent=112"}],"curies":[{"name":"wp","href":"https:\/\/api.w.org\/{rel}","templated":true}]}}