{"id":149,"date":"2022-11-24T10:56:56","date_gmt":"2022-11-24T08:56:56","guid":{"rendered":"https:\/\/blogit.sasky.fi\/lito-mskk\/?page_id=149"},"modified":"2023-03-21T13:28:49","modified_gmt":"2023-03-21T11:28:49","slug":"hae_opiskelijaksi","status":"publish","type":"page","link":"https:\/\/blogit.sasky.fi\/mantan_merkonomit\/hae_opiskelijaksi\/","title":{"rendered":"Hae opiskelijaksi"},"content":{"rendered":"\n<p>Meille on jatkuva haku. Olitpa alaa vaihtava aikuinen, oppilaitosta vaihtava nuori tai mit\u00e4 tahansa liiketoiminnan urapolkuja ja opiskeluvaihtoehtoja pohtiva tyyppi &#8211; ota yhteytt\u00e4! Me kerromme lis\u00e4\u00e4 ja neuvomme sinua eteenp\u00e4in.<\/p>\n\n\n\n<p><strong>Peruskoulun p\u00e4\u00e4tt\u00e4v\u00e4<\/strong> nuori hakee helmi-maaliskuun yhteishaussa, osoitteessa <a href=\"http:\/\/www.opintopolku.fi\">www.opintopolku.fi.<\/a><\/p>\n\n\n\n<p><strong>Jatkuvan haun<\/strong> hakulomakkeen l\u00f6yd\u00e4t M\u00e4nt\u00e4n seudun koulutuskeskuksen <a href=\"https:\/\/sasky.fi\/oppilaitokset\/mantan-seudun-koulutuskeskus\/\">kotisivuilta<\/a>, kohdasta &#8221;merkonomi&#8221;. Meill\u00e4 voit aloittaa opintosi joustavasti ymp\u00e4ri vuoden.<\/p>\n","protected":false},"excerpt":{"rendered":"<p>Meille on jatkuva haku. Olitpa alaa vaihtava aikuinen, oppilaitosta vaihtava nuori tai mit\u00e4 tahansa liiketoiminnan urapolkuja ja opiskeluvaihtoehtoja pohtiva tyyppi &#8211; ota yhteytt\u00e4! Me kerromme lis\u00e4\u00e4 ja neuvomme sinua eteenp\u00e4in. Peruskoulun p\u00e4\u00e4tt\u00e4v\u00e4 nuori hakee helmi-maaliskuun yhteishaussa, osoitteessa www.opintopolku.fi. Jatkuvan haun &hellip; <a href=\"https:\/\/blogit.sasky.fi\/mantan_merkonomit\/hae_opiskelijaksi\/\">Lue loppuun <span class=\"meta-nav\">&rarr;<\/span><\/a><\/p>\n","protected":false},"author":42,"featured_media":0,"parent":0,"menu_order":0,"comment_status":"closed","ping_status":"closed","template":"","meta":{"footnotes":""},"class_list":["post-149","page","type-page","status-publish","hentry"],"_links":{"self":[{"href":"https:\/\/blogit.sasky.fi\/mantan_merkonomit\/wp-json\/wp\/v2\/pages\/149","targetHints":{"allow":["GET"]}}],"collection":[{"href":"https:\/\/blogit.sasky.fi\/mantan_merkonomit\/wp-json\/wp\/v2\/pages"}],"about":[{"href":"https:\/\/blogit.sasky.fi\/mantan_merkonomit\/wp-json\/wp\/v2\/types\/page"}],"author":[{"embeddable":true,"href":"https:\/\/blogit.sasky.fi\/mantan_merkonomit\/wp-json\/wp\/v2\/users\/42"}],"replies":[{"embeddable":true,"href":"https:\/\/blogit.sasky.fi\/mantan_merkonomit\/wp-json\/wp\/v2\/comments?post=149"}],"version-history":[{"count":11,"href":"https:\/\/blogit.sasky.fi\/mantan_merkonomit\/wp-json\/wp\/v2\/pages\/149\/revisions"}],"predecessor-version":[{"id":276,"href":"https:\/\/blogit.sasky.fi\/mantan_merkonomit\/wp-json\/wp\/v2\/pages\/149\/revisions\/276"}],"wp:attachment":[{"href":"https:\/\/blogit.sasky.fi\/mantan_merkonomit\/wp-json\/wp\/v2\/media?parent=149"}],"curies":[{"name":"wp","href":"https:\/\/api.w.org\/{rel}","templated":true}]}}