{"id":183,"date":"2023-03-16T12:00:29","date_gmt":"2023-03-16T10:00:29","guid":{"rendered":"https:\/\/blogit.sasky.fi\/lito-mskk\/?page_id=183"},"modified":"2023-03-16T15:34:57","modified_gmt":"2023-03-16T13:34:57","slug":"tyonantajalle","status":"publish","type":"page","link":"https:\/\/blogit.sasky.fi\/mantan_merkonomit\/tyonantajalle\/","title":{"rendered":"Ty\u00f6nantajalle"},"content":{"rendered":"\n<hr class=\"wp-block-separator has-alpha-channel-opacity\" \/>\n\n\n\n<h2 class=\"wp-block-heading\">Ty\u00f6ss\u00e4oppimisjaksot<\/h2>\n\n\n\n<p>Ty\u00f6ss\u00e4oppiminen tarkoittaa ty\u00f6paikalla tapahtuvaa oppimista. Opiskelija siirtyy siis oppilaitoksesta ty\u00f6paikalle oppimaan k\u00e4yt\u00e4nn\u00f6n ty\u00f6teht\u00e4viss\u00e4. Ty\u00f6ss\u00e4oppimispaikka ja ty\u00f6teht\u00e4v\u00e4t valikoituvat suoritettavan tutkinnon osan mukaan eli opiskelijalle soveltuvat ty\u00f6teht\u00e4v\u00e4t riippuvat siit\u00e4, suorittaako h\u00e4n esimerkiksi Asiakaspalvelun tai Markkinointiviestinn\u00e4n ja sis\u00e4ll\u00f6ntuotannon tutkinnonosaa.<\/p>\n\n\n\n<p>Ty\u00f6ss\u00e4oppimisjaksot suunnitellaan aina yhdess\u00e4 opiskelijan, opettajan ja ty\u00f6paikan kanssa. Jokaisella opiskelijalla on ty\u00f6paikalla nimetty ty\u00f6paikkaohjaaja ja oppilaitoksesta ohjaava opettaja. Ty\u00f6paikkaohjaajan vastuulla on perehdytt\u00e4\u00e4 opiskelija ty\u00f6paikan pelis\u00e4\u00e4nt\u00f6ihin ja ty\u00f6teht\u00e4viin. Opettaja puolestaan ohjaa opiskelijaa oppimaan ty\u00f6paikalla oikeita ty\u00f6teht\u00e4vi\u00e4, seuraa ty\u00f6ss\u00e4oppimisen etenemist\u00e4 ja tukee opiskelijaa. Suurimman ty\u00f6n tekee tietysti opiskelija itse, joka ottaa haltuun k\u00e4yt\u00e4nn\u00f6n ty\u00f6teht\u00e4v\u00e4t, raportoi oppimisestaan ja n\u00e4ytt\u00e4\u00e4 osaamisensa ty\u00f6ss\u00e4oppimisjakson lopulla.<\/p>\n\n\n\n<p>Ty\u00f6ss\u00e4oppiminen voi tapahtua palkallisena (oppisopimus) tai palkattomana (koulutussopimus). Oppisopimus on mainio tapa sitouttaa opiskelija ty\u00f6paikkaan! My\u00f6s kes\u00e4ty\u00f6 on mahdollista tehd\u00e4 oppisopimuksella, jolloin opiskelijan opinnot nopeutuvat. <\/p>\n\n\n\n<hr class=\"wp-block-separator has-alpha-channel-opacity\" \/>\n\n\n\n<h2 class=\"wp-block-heading\">Ota yhteytt\u00e4 liiketoiminnan opettajiin:<\/h2>\n\n\n\n<p>Maria Nyykooli<br>puh. 0407170731<br><a href=\"mailto:maria.nyykooli@sasky.fi\">maria.nyykooli[at]sasky.fi<\/a><\/p>\n\n\n\n<p>Sari Palosaari<br>p. 040 634 2223<br><a href=\"mailto:sari.palosaari@sasky.fi\">sari.palosaari[at]sasky.fi<\/a><\/p>\n","protected":false},"excerpt":{"rendered":"<p>Ty\u00f6ss\u00e4oppimisjaksot Ty\u00f6ss\u00e4oppiminen tarkoittaa ty\u00f6paikalla tapahtuvaa oppimista. Opiskelija siirtyy siis oppilaitoksesta ty\u00f6paikalle oppimaan k\u00e4yt\u00e4nn\u00f6n ty\u00f6teht\u00e4viss\u00e4. Ty\u00f6ss\u00e4oppimispaikka ja ty\u00f6teht\u00e4v\u00e4t valikoituvat suoritettavan tutkinnon osan mukaan eli opiskelijalle soveltuvat ty\u00f6teht\u00e4v\u00e4t riippuvat siit\u00e4, suorittaako h\u00e4n esimerkiksi Asiakaspalvelun tai Markkinointiviestinn\u00e4n ja sis\u00e4ll\u00f6ntuotannon tutkinnonosaa. Ty\u00f6ss\u00e4oppimisjaksot suunnitellaan aina &hellip; <a href=\"https:\/\/blogit.sasky.fi\/mantan_merkonomit\/tyonantajalle\/\">Lue loppuun <span class=\"meta-nav\">&rarr;<\/span><\/a><\/p>\n","protected":false},"author":42,"featured_media":0,"parent":0,"menu_order":0,"comment_status":"closed","ping_status":"closed","template":"","meta":{"footnotes":""},"class_list":["post-183","page","type-page","status-publish","hentry"],"_links":{"self":[{"href":"https:\/\/blogit.sasky.fi\/mantan_merkonomit\/wp-json\/wp\/v2\/pages\/183","targetHints":{"allow":["GET"]}}],"collection":[{"href":"https:\/\/blogit.sasky.fi\/mantan_merkonomit\/wp-json\/wp\/v2\/pages"}],"about":[{"href":"https:\/\/blogit.sasky.fi\/mantan_merkonomit\/wp-json\/wp\/v2\/types\/page"}],"author":[{"embeddable":true,"href":"https:\/\/blogit.sasky.fi\/mantan_merkonomit\/wp-json\/wp\/v2\/users\/42"}],"replies":[{"embeddable":true,"href":"https:\/\/blogit.sasky.fi\/mantan_merkonomit\/wp-json\/wp\/v2\/comments?post=183"}],"version-history":[{"count":3,"href":"https:\/\/blogit.sasky.fi\/mantan_merkonomit\/wp-json\/wp\/v2\/pages\/183\/revisions"}],"predecessor-version":[{"id":239,"href":"https:\/\/blogit.sasky.fi\/mantan_merkonomit\/wp-json\/wp\/v2\/pages\/183\/revisions\/239"}],"wp:attachment":[{"href":"https:\/\/blogit.sasky.fi\/mantan_merkonomit\/wp-json\/wp\/v2\/media?parent=183"}],"curies":[{"name":"wp","href":"https:\/\/api.w.org\/{rel}","templated":true}]}}