{"id":210,"date":"2023-03-16T12:52:22","date_gmt":"2023-03-16T10:52:22","guid":{"rendered":"https:\/\/blogit.sasky.fi\/lito-mskk\/?page_id=210"},"modified":"2023-11-10T14:32:17","modified_gmt":"2023-11-10T12:32:17","slug":"tervetuloa-mskk-merkonomien-opintojen-pariin","status":"publish","type":"page","link":"https:\/\/blogit.sasky.fi\/mantan_merkonomit\/","title":{"rendered":"Tervetuloa liiketoiminnan opintojen pariin"},"content":{"rendered":"\n<p>T\u00e4ll\u00e4 sivustolla p\u00e4\u00e4set tutustumaan M\u00e4nt\u00e4n merkonomien opintoihin. NYT-yritykset p\u00e4ivitt\u00e4v\u00e4t kuulumisiaan omalle alasivulleen.<\/p>\n\n\n\n<p>Ty\u00f6nantajille suunnatuilta sivuilta l\u00f6yd\u00e4t tietoa M\u00e4nt\u00e4n merkonomien ty\u00f6ss\u00e4oppimisesta ja muusta yhteisty\u00f6st\u00e4, josta ty\u00f6nantajat voisivat hy\u00f6ty\u00e4.<\/p>\n\n\n\n<p>Mik\u00e4li olet harkinnut liiketoiminnan opintoja, tutustu hakijalle suunnattuun osioon.<\/p>\n","protected":false},"excerpt":{"rendered":"<p>T\u00e4ll\u00e4 sivustolla p\u00e4\u00e4set tutustumaan M\u00e4nt\u00e4n merkonomien opintoihin. NYT-yritykset p\u00e4ivitt\u00e4v\u00e4t kuulumisiaan omalle alasivulleen. Ty\u00f6nantajille suunnatuilta sivuilta l\u00f6yd\u00e4t tietoa M\u00e4nt\u00e4n merkonomien ty\u00f6ss\u00e4oppimisesta ja muusta yhteisty\u00f6st\u00e4, josta ty\u00f6nantajat voisivat hy\u00f6ty\u00e4. Mik\u00e4li olet harkinnut liiketoiminnan opintoja, tutustu hakijalle suunnattuun osioon.<\/p>\n","protected":false},"author":42,"featured_media":0,"parent":0,"menu_order":0,"comment_status":"closed","ping_status":"closed","template":"","meta":{"footnotes":""},"class_list":["post-210","page","type-page","status-publish","hentry"],"_links":{"self":[{"href":"https:\/\/blogit.sasky.fi\/mantan_merkonomit\/wp-json\/wp\/v2\/pages\/210","targetHints":{"allow":["GET"]}}],"collection":[{"href":"https:\/\/blogit.sasky.fi\/mantan_merkonomit\/wp-json\/wp\/v2\/pages"}],"about":[{"href":"https:\/\/blogit.sasky.fi\/mantan_merkonomit\/wp-json\/wp\/v2\/types\/page"}],"author":[{"embeddable":true,"href":"https:\/\/blogit.sasky.fi\/mantan_merkonomit\/wp-json\/wp\/v2\/users\/42"}],"replies":[{"embeddable":true,"href":"https:\/\/blogit.sasky.fi\/mantan_merkonomit\/wp-json\/wp\/v2\/comments?post=210"}],"version-history":[{"count":5,"href":"https:\/\/blogit.sasky.fi\/mantan_merkonomit\/wp-json\/wp\/v2\/pages\/210\/revisions"}],"predecessor-version":[{"id":345,"href":"https:\/\/blogit.sasky.fi\/mantan_merkonomit\/wp-json\/wp\/v2\/pages\/210\/revisions\/345"}],"wp:attachment":[{"href":"https:\/\/blogit.sasky.fi\/mantan_merkonomit\/wp-json\/wp\/v2\/media?parent=210"}],"curies":[{"name":"wp","href":"https:\/\/api.w.org\/{rel}","templated":true}]}}