{"id":259,"date":"2023-03-16T16:36:01","date_gmt":"2023-03-16T14:36:01","guid":{"rendered":"https:\/\/blogit.sasky.fi\/lito-mskk\/?page_id=259"},"modified":"2023-11-10T14:29:35","modified_gmt":"2023-11-10T12:29:35","slug":"opinnot","status":"publish","type":"page","link":"https:\/\/blogit.sasky.fi\/mantan_merkonomit\/opinnot\/","title":{"rendered":"Opinnot"},"content":{"rendered":"\n<h2 class=\"wp-block-heading\">Me M\u00e4nt\u00e4n merkonomeissa uskomme, ett\u00e4 parhaiten oppii, kun<\/h2>\n\n\n\n<ul class=\"wp-block-list\">\n<li>ymm\u00e4rt\u00e4\u00e4, miksi asioita tehd\u00e4\u00e4n niin kuin tehd\u00e4\u00e4n<\/li>\n\n\n\n<li>n\u00e4kee vaivaa oman oppimisen eteen<\/li>\n\n\n\n<li>oppiminen on hauskaa ja tapahtuu muiden kanssa<\/li>\n\n\n\n<li>p\u00e4\u00e4see harjoittelemaan uutta asiaa k\u00e4yt\u00e4nn\u00f6ss\u00e4<\/li>\n<\/ul>\n\n\n\n<h2 class=\"wp-block-heading\">M\u00e4nt\u00e4n merkonomeissa onnistut, koska meill\u00e4 <\/h2>\n\n\n\n<ul class=\"wp-block-list\">\n<li>vuorovaikutus- ja esiintymistaitosi paranevat huomaamatta<\/li>\n\n\n\n<li>p\u00e4\u00e4set tekem\u00e4\u00e4n oikeita ty\u00f6el\u00e4m\u00e4projekteja itsen\u00e4isesti<\/li>\n\n\n\n<li>voit itse vaikuttaa mm. ty\u00f6ss\u00e4oppimispaikkojen valinnalla omiin opintoihisi<\/li>\n\n\n\n<li>kehityt vastuunkannossa omissa tiimeiss\u00e4si<\/li>\n\n\n\n<li>p\u00e4\u00e4set osaksi yhteis\u00f6llist\u00e4 opiskelijaporukkaa<\/li>\n<\/ul>\n\n\n\n<figure class=\"wp-block-image size-large\"><img loading=\"lazy\" decoding=\"async\" width=\"724\" height=\"1024\" src=\"https:\/\/blogit.sasky.fi\/mantan_merkonomit\/wp-content\/uploads\/sites\/17\/2023\/11\/Mantan-merkonomi-asiakaslupaus-724x1024.png\" alt=\"\" class=\"wp-image-339\" srcset=\"https:\/\/blogit.sasky.fi\/mantan_merkonomit\/wp-content\/uploads\/sites\/17\/2023\/11\/Mantan-merkonomi-asiakaslupaus-724x1024.png 724w, https:\/\/blogit.sasky.fi\/mantan_merkonomit\/wp-content\/uploads\/sites\/17\/2023\/11\/Mantan-merkonomi-asiakaslupaus-212x300.png 212w, https:\/\/blogit.sasky.fi\/mantan_merkonomit\/wp-content\/uploads\/sites\/17\/2023\/11\/Mantan-merkonomi-asiakaslupaus-768x1086.png 768w, https:\/\/blogit.sasky.fi\/mantan_merkonomit\/wp-content\/uploads\/sites\/17\/2023\/11\/Mantan-merkonomi-asiakaslupaus-1086x1536.png 1086w, https:\/\/blogit.sasky.fi\/mantan_merkonomit\/wp-content\/uploads\/sites\/17\/2023\/11\/Mantan-merkonomi-asiakaslupaus.png 1414w\" sizes=\"auto, (max-width: 724px) 100vw, 724px\" \/><\/figure>\n","protected":false},"excerpt":{"rendered":"<p>Me M\u00e4nt\u00e4n merkonomeissa uskomme, ett\u00e4 parhaiten oppii, kun M\u00e4nt\u00e4n merkonomeissa onnistut, koska meill\u00e4<\/p>\n","protected":false},"author":42,"featured_media":0,"parent":0,"menu_order":0,"comment_status":"closed","ping_status":"closed","template":"","meta":{"footnotes":""},"class_list":["post-259","page","type-page","status-publish","hentry"],"_links":{"self":[{"href":"https:\/\/blogit.sasky.fi\/mantan_merkonomit\/wp-json\/wp\/v2\/pages\/259","targetHints":{"allow":["GET"]}}],"collection":[{"href":"https:\/\/blogit.sasky.fi\/mantan_merkonomit\/wp-json\/wp\/v2\/pages"}],"about":[{"href":"https:\/\/blogit.sasky.fi\/mantan_merkonomit\/wp-json\/wp\/v2\/types\/page"}],"author":[{"embeddable":true,"href":"https:\/\/blogit.sasky.fi\/mantan_merkonomit\/wp-json\/wp\/v2\/users\/42"}],"replies":[{"embeddable":true,"href":"https:\/\/blogit.sasky.fi\/mantan_merkonomit\/wp-json\/wp\/v2\/comments?post=259"}],"version-history":[{"count":5,"href":"https:\/\/blogit.sasky.fi\/mantan_merkonomit\/wp-json\/wp\/v2\/pages\/259\/revisions"}],"predecessor-version":[{"id":340,"href":"https:\/\/blogit.sasky.fi\/mantan_merkonomit\/wp-json\/wp\/v2\/pages\/259\/revisions\/340"}],"wp:attachment":[{"href":"https:\/\/blogit.sasky.fi\/mantan_merkonomit\/wp-json\/wp\/v2\/media?parent=259"}],"curies":[{"name":"wp","href":"https:\/\/api.w.org\/{rel}","templated":true}]}}