{"id":287,"date":"2023-05-03T13:44:41","date_gmt":"2023-05-03T10:44:41","guid":{"rendered":"https:\/\/blogit.sasky.fi\/lito-mskk\/?page_id=287"},"modified":"2023-05-03T13:44:41","modified_gmt":"2023-05-03T10:44:41","slug":"jatko-opintomahdollisuudet","status":"publish","type":"page","link":"https:\/\/blogit.sasky.fi\/mantan_merkonomit\/jatko-opintomahdollisuudet\/","title":{"rendered":"Jatko-opintomahdollisuudet"},"content":{"rendered":"\n<figure class=\"wp-block-image size-large\"><img loading=\"lazy\" decoding=\"async\" width=\"1024\" height=\"576\" src=\"https:\/\/blogit.sasky.fi\/lito-mskk\/wp-content\/uploads\/sites\/17\/2023\/05\/merkonomi-jatko-opinnot-1024x576.jpg\" alt=\"\" class=\"wp-image-288\" srcset=\"https:\/\/blogit.sasky.fi\/mantan_merkonomit\/wp-content\/uploads\/sites\/17\/2023\/05\/merkonomi-jatko-opinnot-1024x576.jpg 1024w, https:\/\/blogit.sasky.fi\/mantan_merkonomit\/wp-content\/uploads\/sites\/17\/2023\/05\/merkonomi-jatko-opinnot-300x169.jpg 300w, https:\/\/blogit.sasky.fi\/mantan_merkonomit\/wp-content\/uploads\/sites\/17\/2023\/05\/merkonomi-jatko-opinnot-768x432.jpg 768w, https:\/\/blogit.sasky.fi\/mantan_merkonomit\/wp-content\/uploads\/sites\/17\/2023\/05\/merkonomi-jatko-opinnot-500x281.jpg 500w, https:\/\/blogit.sasky.fi\/mantan_merkonomit\/wp-content\/uploads\/sites\/17\/2023\/05\/merkonomi-jatko-opinnot.jpg 1280w\" sizes=\"auto, (max-width: 1024px) 100vw, 1024px\" \/><figcaption class=\"wp-element-caption\">Jatko-opintovaihtoehtoja liiketoiminnan perustutkinnon j\u00e4lkeen. Kuvion pohjana hy\u00f6dynnetty Salpauksen tuottamaa jatko-opintoinfoa<\/figcaption><\/figure>\n\n\n\n<p>Liiketoiminnan perustutkinto antaa yleisen jatko-opintokelpoisuuden. T\u00e4m\u00e4 tarkoittaa, ett\u00e4 voit hakeutua vapaasti korkeakouluopintoihin heti tai ty\u00f6kokemuksen kerrytt\u00e4misen j\u00e4lkeen.<\/p>\n\n\n\n<h2 class=\"wp-block-heading\">Opintoja voi jatkaa siis:<\/h2>\n\n\n\n<ul class=\"wp-block-list\">\n<li>ammattikorkeakoulussa<\/li>\n\n\n\n<li>yliopistossa tai muussa korkeakoulussa<\/li>\n\n\n\n<li>suorittamalla ammatti- ja erikoisammattitutkinto tai<\/li>\n\n\n\n<li>tutkinnon osia tai koko tutkinnon toisesta ammatillisesta perustutkinnosta<\/li>\n<\/ul>\n\n\n\n<h2 class=\"wp-block-heading\">Tyypillisi\u00e4 jatko-opintopolkuja<\/h2>\n\n\n\n<ul class=\"wp-block-list\">\n<li>tradenomi amk (eri koulutusohjelmia eri ammattikorkeakouluissa)<\/li>\n\n\n\n<li>Bachelor of Business Administration<\/li>\n\n\n\n<li>kauppatieteiden kandidaatti ja maisteri<\/li>\n\n\n\n<li>Liiketoiminnan, L\u00e4hiesimiesty\u00f6n tai Yritt\u00e4jyyden ammattitutkinto<\/li>\n\n\n\n<li>Liiketoiminnan, Johtamisen ja yritysjohtamisen, Tuotannon esimiesty\u00f6n tai Tuotekehitysty\u00f6n erikoisammattitutkinto<\/li>\n<\/ul>\n\n\n\n<h2 class=\"wp-block-heading\">Lis\u00e4tietoa jatko-opinnoista:<\/h2>\n\n\n\n<ul class=\"wp-block-list\">\n<li>Kaiken tiedon alkul\u00e4hde: <a href=\"http:\/\/www.opintopolku.fi\/\">www.opintopolku.fi<\/a><\/li>\n\n\n\n<li>Ammattikorkeakoulut yleisesti: <a href=\"http:\/\/www.ammattikorkeakouluun.fi\/\">www.ammattikorkeakouluun.fi<\/a><\/li>\n\n\n\n<li>Kauppatieteiden opinnot yliopistoissa: <a href=\"http:\/\/www.kauppatieteet.fi\/\">www.kauppatieteet.fi<\/a><\/li>\n\n\n\n<li>oppilaitosten omat sivut, katso esimerkiksi SASKY M\u00e4nt\u00e4n seudun koulutuskeskuksen tarjonta <a rel=\"noreferrer noopener\" href=\"http:\/\/www.sasky.fi\/mskk\" data-type=\"URL\" data-id=\"www.sasky.fi\/mskk\" target=\"_blank\">ammattitutkinnoissa <\/a><\/li>\n<\/ul>\n","protected":false},"excerpt":{"rendered":"<p>Liiketoiminnan perustutkinto antaa yleisen jatko-opintokelpoisuuden. T\u00e4m\u00e4 tarkoittaa, ett\u00e4 voit hakeutua vapaasti korkeakouluopintoihin heti tai ty\u00f6kokemuksen kerrytt\u00e4misen j\u00e4lkeen. Opintoja voi jatkaa siis: Tyypillisi\u00e4 jatko-opintopolkuja Lis\u00e4tietoa jatko-opinnoista:<\/p>\n","protected":false},"author":42,"featured_media":0,"parent":0,"menu_order":0,"comment_status":"closed","ping_status":"closed","template":"","meta":{"footnotes":""},"class_list":["post-287","page","type-page","status-publish","hentry"],"_links":{"self":[{"href":"https:\/\/blogit.sasky.fi\/mantan_merkonomit\/wp-json\/wp\/v2\/pages\/287","targetHints":{"allow":["GET"]}}],"collection":[{"href":"https:\/\/blogit.sasky.fi\/mantan_merkonomit\/wp-json\/wp\/v2\/pages"}],"about":[{"href":"https:\/\/blogit.sasky.fi\/mantan_merkonomit\/wp-json\/wp\/v2\/types\/page"}],"author":[{"embeddable":true,"href":"https:\/\/blogit.sasky.fi\/mantan_merkonomit\/wp-json\/wp\/v2\/users\/42"}],"replies":[{"embeddable":true,"href":"https:\/\/blogit.sasky.fi\/mantan_merkonomit\/wp-json\/wp\/v2\/comments?post=287"}],"version-history":[{"count":1,"href":"https:\/\/blogit.sasky.fi\/mantan_merkonomit\/wp-json\/wp\/v2\/pages\/287\/revisions"}],"predecessor-version":[{"id":289,"href":"https:\/\/blogit.sasky.fi\/mantan_merkonomit\/wp-json\/wp\/v2\/pages\/287\/revisions\/289"}],"wp:attachment":[{"href":"https:\/\/blogit.sasky.fi\/mantan_merkonomit\/wp-json\/wp\/v2\/media?parent=287"}],"curies":[{"name":"wp","href":"https:\/\/api.w.org\/{rel}","templated":true}]}}