{"id":291,"date":"2023-05-03T14:17:15","date_gmt":"2023-05-03T11:17:15","guid":{"rendered":"https:\/\/blogit.sasky.fi\/lito-mskk\/?page_id=291"},"modified":"2023-11-14T11:30:16","modified_gmt":"2023-11-14T09:30:16","slug":"tyomahdollisuudet","status":"publish","type":"page","link":"https:\/\/blogit.sasky.fi\/mantan_merkonomit\/tyomahdollisuudet\/","title":{"rendered":"Ty\u00f6mahdollisuudet"},"content":{"rendered":"\n<p>Merkonomin ty\u00f6 on hyvin monipuolista ja vaihtelee huomattavasti sen mukaan, mill\u00e4 alalla tai millaisessa organisaatiossa h\u00e4n ty\u00f6skentelee. Merkonomeja ty\u00f6skentelee laajasti eri teht\u00e4viss\u00e4 kaupallisilla aloilla, kuten myynnin, markkinoinnin, myynnin, taloushallinnon, asiakaspalvelun, henkil\u00f6st\u00f6hallinnon ja johtamisen parissa. <\/p>\n\n\n\n<h2 class=\"wp-block-heading\">Ty\u00f6teht\u00e4vi\u00e4<\/h2>\n\n\n\n<p>Alla on esitelty joitakin yleisi\u00e4 merkonomien ty\u00f6teht\u00e4vi\u00e4 eri toimialoilla:<\/p>\n\n\n\n<p>1. Myynti ja asiakaspalvelu: Merkonomi voi toimia myynnin ja asiakaspalvelun parissa, jolloin h\u00e4n hoitaa asiakassuhteita, myynti\u00e4, neuvontaa ja palvelua.<\/p>\n\n\n\n<p>2. Markkinointi: Merkonomi voi ty\u00f6skennell\u00e4 markkinointiteht\u00e4viss\u00e4, jolloin h\u00e4n suunnittelee ja toteuttaa markkinointikampanjoita, tuottaa sis\u00e4lt\u00f6\u00e4 organisaation markkinointia varten ja seuraa toimenpiteiden tuloksellisuutta.<\/p>\n\n\n\n<p>3. Taloushallinto: Merkonomi voi toimia taloushallinnon teht\u00e4viss\u00e4, kuten kirjanpidossa, palkanlaskennassa, budjetoinnissa ja tilinp\u00e4\u00e4t\u00f6ksen laatimisessa.<\/p>\n\n\n\n<p>4. Henkil\u00f6st\u00f6hallinto: Merkonomi voi toimia henkil\u00f6st\u00f6hallinnon teht\u00e4viss\u00e4, jolloin h\u00e4n hoitaa rekrytointia, henkil\u00f6st\u00f6asioiden hallintaa, koulutusta ja ty\u00f6suhdeasioita.<\/p>\n\n\n\n<p>5. Yritt\u00e4jyys: Merkonomi voi toimia my\u00f6s yritt\u00e4j\u00e4n\u00e4, sill\u00e4 heill\u00e4 on hyv\u00e4 perustiet\u00e4mys liiketoiminnan eri osa-alueista ja he ovat saaneet valmiuksia toimia itsen\u00e4isesti.<\/p>\n\n\n\n<p>Merkonomin ty\u00f6 on siis hyvin monipuolista ja tarjoaa laajan kattauksen erilaisia teht\u00e4vi\u00e4 ja rooleja liiketoiminnan eri osa-alueilla. Ty\u00f6 vaatii hyvi\u00e4 viestint\u00e4-, neuvottelu-, yhteisty\u00f6- ja ongelmanratkaisutaitoja, sek\u00e4 kyky\u00e4 soveltaa liiketoiminnan perusteita k\u00e4yt\u00e4nn\u00f6n tilanteisiin. Merkonomin ty\u00f6 on usein haastavaa, mutta my\u00f6s palkitsevaa, sill\u00e4 se mahdollistaa oman osaamisen kehitt\u00e4misen ja vaikuttamisen organisaation menestykseen.<\/p>\n\n\n\n<h2 class=\"wp-block-heading\">Ty\u00f6paikat<\/h2>\n\n\n\n<p>Merkonomin ty\u00f6paikka voi olla mill\u00e4 tahansa toimialalla, kuten kaupan alalla, teollisuudessa, palveluiden tuottamisessa, matkailussa, pankki- ja vakuutusalalla tai vaikkapa julkishallinnossa. Toimialan valintaa voi suunnata oman mielenkiinnon mukaan.<\/p>\n\n\n\n<p>Ty\u00f6paikka voi olla niin iso kuin pieni organisaatio tai sen yksikk\u00f6.<\/p>\n\n\n\n<p>Merkonomille soveltuvia ty\u00f6paikkoja l\u00f6ytyy niin isommilta kuin pienemmilt\u00e4kin paikkakunnilta.<\/p>\n\n\n\n<p><\/p>\n\n\n\n<p><\/p>\n\n\n\n<p><\/p>\n","protected":false},"excerpt":{"rendered":"<p>Merkonomin ty\u00f6 on hyvin monipuolista ja vaihtelee huomattavasti sen mukaan, mill\u00e4 alalla tai millaisessa organisaatiossa h\u00e4n ty\u00f6skentelee. Merkonomeja ty\u00f6skentelee laajasti eri teht\u00e4viss\u00e4 kaupallisilla aloilla, kuten myynnin, markkinoinnin, myynnin, taloushallinnon, asiakaspalvelun, henkil\u00f6st\u00f6hallinnon ja johtamisen parissa. Ty\u00f6teht\u00e4vi\u00e4 Alla on esitelty joitakin yleisi\u00e4 &hellip; <a href=\"https:\/\/blogit.sasky.fi\/mantan_merkonomit\/tyomahdollisuudet\/\">Lue loppuun <span class=\"meta-nav\">&rarr;<\/span><\/a><\/p>\n","protected":false},"author":42,"featured_media":0,"parent":0,"menu_order":0,"comment_status":"closed","ping_status":"closed","template":"","meta":{"footnotes":""},"class_list":["post-291","page","type-page","status-publish","hentry"],"_links":{"self":[{"href":"https:\/\/blogit.sasky.fi\/mantan_merkonomit\/wp-json\/wp\/v2\/pages\/291","targetHints":{"allow":["GET"]}}],"collection":[{"href":"https:\/\/blogit.sasky.fi\/mantan_merkonomit\/wp-json\/wp\/v2\/pages"}],"about":[{"href":"https:\/\/blogit.sasky.fi\/mantan_merkonomit\/wp-json\/wp\/v2\/types\/page"}],"author":[{"embeddable":true,"href":"https:\/\/blogit.sasky.fi\/mantan_merkonomit\/wp-json\/wp\/v2\/users\/42"}],"replies":[{"embeddable":true,"href":"https:\/\/blogit.sasky.fi\/mantan_merkonomit\/wp-json\/wp\/v2\/comments?post=291"}],"version-history":[{"count":2,"href":"https:\/\/blogit.sasky.fi\/mantan_merkonomit\/wp-json\/wp\/v2\/pages\/291\/revisions"}],"predecessor-version":[{"id":352,"href":"https:\/\/blogit.sasky.fi\/mantan_merkonomit\/wp-json\/wp\/v2\/pages\/291\/revisions\/352"}],"wp:attachment":[{"href":"https:\/\/blogit.sasky.fi\/mantan_merkonomit\/wp-json\/wp\/v2\/media?parent=291"}],"curies":[{"name":"wp","href":"https:\/\/api.w.org\/{rel}","templated":true}]}}