{"id":417,"date":"2025-08-25T14:07:44","date_gmt":"2025-08-25T11:07:44","guid":{"rendered":"https:\/\/blogit.sasky.fi\/mantan_merkonomit\/?page_id=417"},"modified":"2025-08-25T14:10:40","modified_gmt":"2025-08-25T11:10:40","slug":"lukuvuoden-2023-2024-nyt-yritykset","status":"publish","type":"page","link":"https:\/\/blogit.sasky.fi\/mantan_merkonomit\/lukuvuoden-2023-2024-nyt-yritykset\/","title":{"rendered":"Lukuvuoden 2023-2024 NYT-yritykset (huom! yritysten toiminta on p\u00e4\u00e4ttynyt)"},"content":{"rendered":"\n<div class=\"wp-block-group is-vertical is-layout-flex wp-container-core-group-is-layout-8cf370e7 wp-block-group-is-layout-flex\">\n<ul class=\"wp-block-list\">\n<li>AMARE NYT<\/li>\n<\/ul>\n\n\n\n<p class=\"has-text-align-left\"><img loading=\"lazy\" decoding=\"async\" width=\"500\" height=\"500\" class=\"wp-image-302\" style=\"width: 150px\" src=\"https:\/\/blogit.sasky.fi\/mskk_merkonomit\/wp-content\/uploads\/sites\/17\/2023\/09\/AMARE-NYT-logo.png\" alt=\"\" srcset=\"https:\/\/blogit.sasky.fi\/mantan_merkonomit\/wp-content\/uploads\/sites\/17\/2023\/09\/AMARE-NYT-logo.png 500w, https:\/\/blogit.sasky.fi\/mantan_merkonomit\/wp-content\/uploads\/sites\/17\/2023\/09\/AMARE-NYT-logo-300x300.png 300w, https:\/\/blogit.sasky.fi\/mantan_merkonomit\/wp-content\/uploads\/sites\/17\/2023\/09\/AMARE-NYT-logo-150x150.png 150w\" sizes=\"auto, (max-width: 500px) 100vw, 500px\" \/><\/p>\n\n\n\n<p>Olemme viiden merkonomiopiskelijan perustama nuorten yritys, joka myy sosiaalisessa mediassa rakkaudella k\u00e4sintehtyj\u00e4 kynttil\u00f6it\u00e4 tuomaan kotiisi tunnelmaa! Valmistamme kynttil\u00e4t itse tiimiss\u00e4mme.&nbsp;&nbsp;<\/p>\n\n\n\n<p>Meilt\u00e4 l\u00f6yd\u00e4t eri muotoisia, v\u00e4risi\u00e4, tuoksuisia sek\u00e4 tuoksuttomia kynttil\u00f6it\u00e4. Kynttil\u00e4mme sopivat arkisiin p\u00e4iviin, juhlaan ja jopa lahjaksi l\u00e4heiselle.&nbsp;&nbsp;<\/p>\n\n\n\n<p>Yrityksemme toimii asiakasl\u00e4ht\u00f6isesti ja pyrimme toteuttamaan mahdolliset asiakkaan toiveet.&nbsp;<\/p>\n\n\n\n<p>Kynttil\u00e4mme l\u00f6yd\u00e4t somekanavistamme&nbsp;<\/p>\n\n\n\n<p>Instagram: <a rel=\"noreferrer noopener\" href=\"https:\/\/www.instagram.com\/amare.nyt\/\" target=\"_blank\">AMARE NYT (@amare.nyt)<\/a>&nbsp;<\/p>\n\n\n\n<p>Facebook: <a href=\"https:\/\/www.facebook.com\/profile.php?id=61551384165646\" data-type=\"URL\" data-id=\"https:\/\/www.facebook.com\/profile.php?id=61551384165646\">AMARE NYT<\/a><br>TikTok: <a rel=\"noreferrer noopener\" href=\"https:\/\/www.tiktok.com\/@amare.nyt\" target=\"_blank\">AMARE NYT<\/a>&nbsp;&nbsp;<\/p>\n\n\n\n<p class=\"has-text-align-left\"><\/p>\n\n\n\n<ul class=\"wp-block-list\">\n<li>AviClick NYT<\/li>\n<\/ul>\n\n\n\n<p class=\"has-text-align-left\"><img loading=\"lazy\" decoding=\"async\" width=\"500\" height=\"500\" class=\"wp-image-308\" style=\"width: 150px\" src=\"https:\/\/blogit.sasky.fi\/mskk_merkonomit\/wp-content\/uploads\/sites\/17\/2023\/09\/LOGO-2.png\" alt=\"\" srcset=\"https:\/\/blogit.sasky.fi\/mantan_merkonomit\/wp-content\/uploads\/sites\/17\/2023\/09\/LOGO-2.png 500w, https:\/\/blogit.sasky.fi\/mantan_merkonomit\/wp-content\/uploads\/sites\/17\/2023\/09\/LOGO-2-300x300.png 300w, https:\/\/blogit.sasky.fi\/mantan_merkonomit\/wp-content\/uploads\/sites\/17\/2023\/09\/LOGO-2-150x150.png 150w\" sizes=\"auto, (max-width: 500px) 100vw, 500px\" \/><\/p>\n\n\n\n<p>AviClick NYT on viiden merkonomiopiskelijan perustama nuorten yritys, joka koostuu nelj\u00e4st\u00e4 ensimm\u00e4isen vuoden opiskelijasta ja yhdest\u00e4 kolmannen vuoden opiskelijasta. Valmistamme erilaisia koruja kuten kaula-, ranne-, korvakoruja ja sormuksia.&nbsp;<\/p>\n\n\n\n<p>Korumme sopivat hyvin juhla- ja arkip\u00e4iviin. Korumme ovat k\u00e4sintehtyj\u00e4 ja sopivat monipuolisesti eri tilanteisiin. Korut ovat ihania itselleen tai vaikka lahjaksi yst\u00e4v\u00e4lleen tai l\u00e4heiselleen.&nbsp;<\/p>\n\n\n\n<p>Teemme korut huolellisesti ja rakkaudella, sill\u00e4 tavoittelemme aina t\u00e4ydellist\u00e4 lopputulosta. Tavoittelemme my\u00f6s parasta mahdollista lopputulosta asiakkaan tilausty\u00f6n toteuttamisessa. Meille t\u00e4rke\u00e4\u00e4 on asiakkaiden tyytyv\u00e4isyys ja heid\u00e4n toiveidensa toteuttamisen mahdollistaminen upeilla koruilla. &nbsp;<\/p>\n\n\n\n<p><a href=\"https:\/\/www.facebook.com\/profile.php?id=61550977503636\" data-type=\"URL\" data-id=\"https:\/\/www.facebook.com\/profile.php?id=61550977503636\">Facebook<\/a><\/p>\n\n\n\n<p><a href=\"https:\/\/www.instagram.com\/aviclick_nyt\/?fbclid=IwAR3nplA7GQY30tYwyLECB_gwiYckAUHLtge4hRYdN6yNeCoVax2JFtSSR6U\" data-type=\"URL\" data-id=\"https:\/\/www.instagram.com\/aviclick_nyt\/?fbclid=IwAR3nplA7GQY30tYwyLECB_gwiYckAUHLtge4hRYdN6yNeCoVax2JFtSSR6U\">Instagram<\/a> <\/p>\n\n\n\n<p>S\u00e4hk\u00f6posti: <a href=\"mailto:aviclicknyt@gmail.com\">aviclicknyt@gmail.com<\/a><\/p>\n<\/div>\n\n\n\n<ul class=\"wp-block-list\">\n<li>Evenly NYT<\/li>\n<\/ul>\n\n\n\n<p><img loading=\"lazy\" decoding=\"async\" width=\"500\" height=\"500\" class=\"wp-image-307\" style=\"width: 150px\" src=\"https:\/\/blogit.sasky.fi\/mskk_merkonomit\/wp-content\/uploads\/sites\/17\/2023\/09\/evenly-logo.png\" alt=\"\" srcset=\"https:\/\/blogit.sasky.fi\/mantan_merkonomit\/wp-content\/uploads\/sites\/17\/2023\/09\/evenly-logo.png 500w, https:\/\/blogit.sasky.fi\/mantan_merkonomit\/wp-content\/uploads\/sites\/17\/2023\/09\/evenly-logo-300x300.png 300w, https:\/\/blogit.sasky.fi\/mantan_merkonomit\/wp-content\/uploads\/sites\/17\/2023\/09\/evenly-logo-150x150.png 150w\" sizes=\"auto, (max-width: 500px) 100vw, 500px\" \/><\/p>\n\n\n\n<p>Evenly NYT on viiden hengen nuorten yritys, joka koostuu ensimm\u00e4isen vuoden opiskelijasta, 3 toisen vuoden opiskelijasta ja viimeisen vuoden opiskelijasta. Teemme erilaisia ja laadukkaita helmikoruja, sek\u00e4 tarjoamme nopeaa ja tehokasta siivouspalvelua.<\/p>\n\n\n\n<p>Meilt\u00e4 voi ostaa muun muassa erilaisia kaula-, nilkka-, rannekoruja sek\u00e4 sormuksia. Korumme on valmistettu siemen ja vaha helmist\u00e4 sek\u00e4 elastisesta langasta, osa koruista sis\u00e4lt\u00e4\u00e4 s\u00e4\u00e4t\u00f6ketjun.<\/p>\n\n\n\n<p>Meid\u00e4t voi l\u00f6yt\u00e4\u00e4 Instagramista, Facebookista sek\u00e4 TikTokista. Meilt\u00e4 l\u00f6ytyy my\u00f6s verkkosivut, johon l\u00f6yd\u00e4t linkin Instagramin biosta.<\/p>\n\n\n\n<p>Instagram <a rel=\"noreferrer noopener\" href=\"https:\/\/www.instagram.com\/evenly.nyt\/\" target=\"_blank\">@evenly.nyt<\/a><br>Facebook <a rel=\"noreferrer noopener\" href=\"https:\/\/www.facebook.com\/evenly.nyt\" data-type=\"URL\" data-id=\"https:\/\/www.facebook.com\/evenly.nyt\" target=\"_blank\">evenly.nyt<\/a><br>Tiktok <a href=\"https:\/\/www.tiktok.com\/@evenly.nyt\" data-type=\"URL\" data-id=\"https:\/\/www.tiktok.com\/@evenly.nyt\">evenly.nyt<\/a><\/p>\n\n\n\n<ul class=\"wp-block-list\">\n<li>Keezy NYT<\/li>\n<\/ul>\n\n\n\n<p><img loading=\"lazy\" decoding=\"async\" width=\"500\" height=\"500\" class=\"wp-image-304\" style=\"width: 150px\" src=\"https:\/\/blogit.sasky.fi\/mskk_merkonomit\/wp-content\/uploads\/sites\/17\/2023\/09\/Keezy-logo-2.png\" alt=\"\" srcset=\"https:\/\/blogit.sasky.fi\/mantan_merkonomit\/wp-content\/uploads\/sites\/17\/2023\/09\/Keezy-logo-2.png 500w, https:\/\/blogit.sasky.fi\/mantan_merkonomit\/wp-content\/uploads\/sites\/17\/2023\/09\/Keezy-logo-2-300x300.png 300w, https:\/\/blogit.sasky.fi\/mantan_merkonomit\/wp-content\/uploads\/sites\/17\/2023\/09\/Keezy-logo-2-150x150.png 150w\" sizes=\"auto, (max-width: 500px) 100vw, 500px\" \/><\/p>\n\n\n\n<p>Keezy NYT on viiden nuoren perustama nuorten yritys, joka valmistaa ja myy avaimenperi\u00e4 ja avainnauhoja. Tuotteet valmistetaan virkkaamalla tai tekem\u00e4ll\u00e4 helmist\u00e4. Virkattujen tuotteiden materiaali on bulgarialaista puuvillalankaa ja helmi\u00e4 on montaa eri materiaalia. Puuvillalanka sopii herk\u00e4lle iholle, ei kutita. V\u00e4rivaihtoehdoissa on laaja valikoima. Teemme tuotteita my\u00f6s asiakkaan toiveiden mukaan, hinta r\u00e4\u00e4t\u00e4l\u00f6ityy mahdollisien uusien raaka-aineiden kustannuksien mukaan. Tuotteitamme voit tilata Instagramista, Facebookista ja nettisivuilta. Tilausohjeet ja hinnasto l\u00f6ytyv\u00e4t Instagramista sek\u00e4 nettisivuilta. <\/p>\n\n\n\n<p>Instagram: @keezynyt <br>Facebook: <a href=\"https:\/\/www.facebook.com\/profile.php?id=61551724704850\" data-type=\"URL\" data-id=\"https:\/\/www.facebook.com\/profile.php?id=61551724704850\">Keezy NYT<\/a><br>Nettisivut: <a href=\"https:\/\/keezy-nyt.webnode.fi\/\">https:\/\/keezy-nyt.webnode.fi\/<\/a><\/p>\n\n\n\n<ul class=\"wp-block-list\">\n<li>LYMO NYT<\/li>\n<\/ul>\n\n\n\n<p><img loading=\"lazy\" decoding=\"async\" width=\"529\" height=\"523\" class=\"wp-image-303\" style=\"width: 150px\" src=\"https:\/\/blogit.sasky.fi\/mskk_merkonomit\/wp-content\/uploads\/sites\/17\/2023\/09\/lymo.png\" alt=\"\" srcset=\"https:\/\/blogit.sasky.fi\/mantan_merkonomit\/wp-content\/uploads\/sites\/17\/2023\/09\/lymo.png 529w, https:\/\/blogit.sasky.fi\/mantan_merkonomit\/wp-content\/uploads\/sites\/17\/2023\/09\/lymo-300x297.png 300w, https:\/\/blogit.sasky.fi\/mantan_merkonomit\/wp-content\/uploads\/sites\/17\/2023\/09\/lymo-303x300.png 303w\" sizes=\"auto, (max-width: 529px) 100vw, 529px\" \/><\/p>\n\n\n\n<p>LYMO NYT on 5 hengen nuorten yritys. Yrityksemme koostuu ensimm\u00e4isen sek\u00e4 toisen vuoden merkonomiopiskelijoista. Tiimiss\u00e4mme on monia eri persoonia ja t\u00e4m\u00e4n my\u00f6t\u00e4 paljon eri osaamista. Eri osaamiset ovat yrityksemme vahvuuksia.<\/p>\n\n\n\n<p>Yrityksemme tekee itse suunniteltuja kustomoituja mukeja yrityksille ja yksityisasiakkaille. Mukien kuvat jakautuvat eri teemoihin kuten talvi. Voimme my\u00f6s luoda mukeja isoimmille ryhmille sek\u00e4 meilt\u00e4 hoituu mukit yrityksen omalla esim logolla. Muki on v\u00e4rilt\u00e4\u00e4n valkoinen.<\/p>\n\n\n\n<p>Meist\u00e4, mukeista sek\u00e4 tulevista projekteista somessa:<br><a href=\"https:\/\/www.facebook.com\/profile.php?id=61551573366333\" data-type=\"URL\" data-id=\"https:\/\/www.facebook.com\/profile.php?id=61551573366333\">Facebook<\/a><br><a href=\"https:\/\/www.instagram.com\/lymo__nyt\/\" data-type=\"URL\" data-id=\"https:\/\/www.instagram.com\/lymo__nyt\/\">Instagram<\/a><\/p>\n\n\n\n<ul class=\"wp-block-list\">\n<li>Untema NYT<\/li>\n<\/ul>\n\n\n\n<p><img loading=\"lazy\" decoding=\"async\" width=\"1814\" height=\"1282\" class=\"wp-image-305\" style=\"width: 150px\" src=\"https:\/\/blogit.sasky.fi\/mskk_merkonomit\/wp-content\/uploads\/sites\/17\/2023\/09\/untema.png\" alt=\"\" srcset=\"https:\/\/blogit.sasky.fi\/mantan_merkonomit\/wp-content\/uploads\/sites\/17\/2023\/09\/untema.png 1814w, https:\/\/blogit.sasky.fi\/mantan_merkonomit\/wp-content\/uploads\/sites\/17\/2023\/09\/untema-300x212.png 300w, https:\/\/blogit.sasky.fi\/mantan_merkonomit\/wp-content\/uploads\/sites\/17\/2023\/09\/untema-1024x724.png 1024w, https:\/\/blogit.sasky.fi\/mantan_merkonomit\/wp-content\/uploads\/sites\/17\/2023\/09\/untema-768x543.png 768w, https:\/\/blogit.sasky.fi\/mantan_merkonomit\/wp-content\/uploads\/sites\/17\/2023\/09\/untema-1536x1086.png 1536w, https:\/\/blogit.sasky.fi\/mantan_merkonomit\/wp-content\/uploads\/sites\/17\/2023\/09\/untema-424x300.png 424w\" sizes=\"auto, (max-width: 1814px) 100vw, 1814px\" \/><\/p>\n\n\n\n<p>Meid\u00e4n yrityksemme Untema NYT tekee k\u00e4sintehtyj\u00e4 unisieppareita M\u00e4nt\u00e4n seudun koulutuskeskuksessa viiden nuoren yritt\u00e4j\u00e4n toimesta. Raaka-aineitamme ovat pehme\u00e4 akryylilanka, metallirenkaat runkoina, sulat sek\u00e4 helmi\u00e4 ja muita koristeita. Yrityksemme toteuttaa asiakkaidemme toiveita laidasta laitaan. Unisieppareidemme perusv\u00e4rej\u00e4 ovat valkoinen, musta sek\u00e4 vaaleanpunainen. Unisieppari toimii hienona sisustuselementtin\u00e4 ja samalla nappaa pahat unet. Tilaus onnistuu Instagramin, Facebookin ja s\u00e4hk\u00f6postin kautta. Toimitamme tuotteet postitse, jolloin ostaja maksaa puolet postikuluista, voimme tuoda ovellesi tai voit hakea paikanp\u00e4\u00e4lt\u00e4.<\/p>\n\n\n\n<p>Yhteystiedot:<br>untema.nyt@gmail.com<br><a href=\"https:\/\/www.instagram.com\/untema_nyt\/\" data-type=\"URL\" data-id=\"https:\/\/www.instagram.com\/untema_nyt\/\">Instagram<\/a><br><a href=\"https:\/\/www.facebook.com\/profile.php?id=61551262899172\" data-type=\"URL\" data-id=\"https:\/\/www.facebook.com\/profile.php?id=61551262899172\">Facebook<\/a><\/p>\n\n\n\n<ul class=\"wp-block-list\">\n<li>Visiems NYT<\/li>\n<\/ul>\n\n\n\n<p><img loading=\"lazy\" decoding=\"async\" width=\"500\" height=\"500\" class=\"wp-image-306\" style=\"width: 150px\" src=\"https:\/\/blogit.sasky.fi\/mskk_merkonomit\/wp-content\/uploads\/sites\/17\/2023\/09\/Visiems-NYT-logo.png\" alt=\"\" srcset=\"https:\/\/blogit.sasky.fi\/mantan_merkonomit\/wp-content\/uploads\/sites\/17\/2023\/09\/Visiems-NYT-logo.png 500w, https:\/\/blogit.sasky.fi\/mantan_merkonomit\/wp-content\/uploads\/sites\/17\/2023\/09\/Visiems-NYT-logo-300x300.png 300w, https:\/\/blogit.sasky.fi\/mantan_merkonomit\/wp-content\/uploads\/sites\/17\/2023\/09\/Visiems-NYT-logo-150x150.png 150w\" sizes=\"auto, (max-width: 500px) 100vw, 500px\" \/><\/p>\n\n\n\n<p>Visiems&nbsp;NYT on nelj\u00e4n merkonomiopiskelijan perustama nuorten yritys&nbsp;MSKK&nbsp;Saskylla,&nbsp;joka myy custom&nbsp;kangaskaseja asiakkaan haluamalla kuvalla. Yritystoimintaamme kuuluu mm kassien tilaus, painatus,&nbsp;myynti, somep\u00e4ivitys&nbsp;ja asiakaspalvelu.&nbsp;<\/p>\n\n\n\n<p>Painatamme kangaskassiimme asiakkaan l\u00e4hett\u00e4m\u00e4n kuvan, jonka j\u00e4lkeen toimitamme tuotteen asiakkaan haluamalla tavalla.&nbsp;<\/p>\n\n\n\n<p>Custom&nbsp;kangaskassin hinta on alkaen 15\u20ac+mahdolliset postikulut.&nbsp;Tilauksen pystys tekem\u00e4\u00e4n laittamalla meille viesti\u00e4 seuraavissa kanavissa:&nbsp;<\/p>\n\n\n\n<p>Instagram: &nbsp;<a rel=\"noreferrer noopener\" href=\"https:\/\/www.instagram.com\/visiems_nyt\/\" target=\"_blank\">Visiems&nbsp;NYT<\/a><br>Facebook: <a href=\"https:\/\/www.facebook.com\/Visiems.nyt\" data-type=\"URL\" data-id=\"https:\/\/www.facebook.com\/Visiems.nyt\">visiems.NYT<\/a>&nbsp;<br>S\u00e4hk\u00f6posti: <a rel=\"noreferrer noopener\" href=\"mailto:visiems.nyt@gmail.com\" target=\"_blank\">visiems.nyt@gmail.com<\/a>&nbsp;<\/p>\n\n\n\n<p>Jos sinulla j\u00e4i kysytt\u00e4v\u00e4\u00e4, niin laitathan meille viesti\u00e4!&nbsp;<\/p>\n\n\n\n<p><\/p>\n","protected":false},"excerpt":{"rendered":"<p>Olemme viiden merkonomiopiskelijan perustama nuorten yritys, joka myy sosiaalisessa mediassa rakkaudella k\u00e4sintehtyj\u00e4 kynttil\u00f6it\u00e4 tuomaan kotiisi tunnelmaa! Valmistamme kynttil\u00e4t itse tiimiss\u00e4mme.&nbsp;&nbsp; Meilt\u00e4 l\u00f6yd\u00e4t eri muotoisia, v\u00e4risi\u00e4, tuoksuisia sek\u00e4 tuoksuttomia kynttil\u00f6it\u00e4. Kynttil\u00e4mme sopivat arkisiin p\u00e4iviin, juhlaan ja jopa lahjaksi l\u00e4heiselle.&nbsp;&nbsp; Yrityksemme toimii &hellip; <a href=\"https:\/\/blogit.sasky.fi\/mantan_merkonomit\/lukuvuoden-2023-2024-nyt-yritykset\/\">Lue loppuun <span class=\"meta-nav\">&rarr;<\/span><\/a><\/p>\n","protected":false},"author":42,"featured_media":0,"parent":0,"menu_order":0,"comment_status":"closed","ping_status":"closed","template":"","meta":{"footnotes":""},"class_list":["post-417","page","type-page","status-publish","hentry"],"_links":{"self":[{"href":"https:\/\/blogit.sasky.fi\/mantan_merkonomit\/wp-json\/wp\/v2\/pages\/417","targetHints":{"allow":["GET"]}}],"collection":[{"href":"https:\/\/blogit.sasky.fi\/mantan_merkonomit\/wp-json\/wp\/v2\/pages"}],"about":[{"href":"https:\/\/blogit.sasky.fi\/mantan_merkonomit\/wp-json\/wp\/v2\/types\/page"}],"author":[{"embeddable":true,"href":"https:\/\/blogit.sasky.fi\/mantan_merkonomit\/wp-json\/wp\/v2\/users\/42"}],"replies":[{"embeddable":true,"href":"https:\/\/blogit.sasky.fi\/mantan_merkonomit\/wp-json\/wp\/v2\/comments?post=417"}],"version-history":[{"count":2,"href":"https:\/\/blogit.sasky.fi\/mantan_merkonomit\/wp-json\/wp\/v2\/pages\/417\/revisions"}],"predecessor-version":[{"id":740,"href":"https:\/\/blogit.sasky.fi\/mantan_merkonomit\/wp-json\/wp\/v2\/pages\/417\/revisions\/740"}],"wp:attachment":[{"href":"https:\/\/blogit.sasky.fi\/mantan_merkonomit\/wp-json\/wp\/v2\/media?parent=417"}],"curies":[{"name":"wp","href":"https:\/\/api.w.org\/{rel}","templated":true}]}}