{"id":474,"date":"2024-04-16T14:56:33","date_gmt":"2024-04-16T11:56:33","guid":{"rendered":"https:\/\/blogit.sasky.fi\/mantan_merkonomit\/?page_id=474"},"modified":"2024-05-07T16:01:31","modified_gmt":"2024-05-07T13:01:31","slug":"missa-mantan-merkonomit-tyossaoppivat-lukuvuonna-2023-2024","status":"publish","type":"page","link":"https:\/\/blogit.sasky.fi\/mantan_merkonomit\/missa-mantan-merkonomit-tyossaoppivat-lukuvuonna-2023-2024\/","title":{"rendered":"Miss\u00e4 M\u00e4nt\u00e4n merkonomit ty\u00f6ss\u00e4oppivat lukuvuonna 2023-2024?"},"content":{"rendered":"\n<h2 class=\"wp-block-heading\">Valmistuvat: myynti\u00e4 ja projekteja<\/h2>\n\n\n\n<p>Kolmannen vuoden opiskelijoiden ty\u00f6paikoissa p\u00e4\u00e4paino on myyntiin liittyviss\u00e4 ty\u00f6teht\u00e4viss\u00e4. Lis\u00e4ksi opiskelijan pit\u00e4\u00e4 p\u00e4\u00e4st\u00e4 suunnittelemaan ja toteuttamaan jonkinlainen projekti.<\/p>\n\n\n\n<p>T\u00e4n\u00e4 vuonna valmistuvien opiskelijoiden ty\u00f6paikat ovat p\u00e4\u00e4s\u00e4\u00e4nt\u00f6isesti erikoisliikkeit\u00e4, kuten Alko, Jysk ja Hankkija. Erikoisliikkeess\u00e4 <strong>Myynnin<\/strong> opiskelijat p\u00e4\u00e4sev\u00e4t kartoittamaan asiakkaan tarpeita, esittelem\u00e4\u00e4n ja suosittelemaan tuotteita sek\u00e4 tekem\u00e4\u00e4n lis\u00e4myynti\u00e4. Lis\u00e4ksi mm. somistus, tuotteiden tilaus ja vastaanottaminen, verkkokauppatilausten hoitaminen ja oman vastuutuoteryhm\u00e4n hoitaminen on kuulunut valmistuvien opiskelijoiden ty\u00f6teht\u00e4viin.<\/p>\n\n\n\n<p>Samoissa ty\u00f6paikoissa opiskelijoilla on vastuullaan my\u00f6s oma <strong>projekti<\/strong>. T\u00e4n\u00e4 vuonna Jyskiss\u00e4 ja Hankkijalla on toteutettu myyntikampanja, Alkoissa erikoisesillepano- ja palvelun esittelyprojektit sek\u00e4 Osuuspankissa pankin juhlavuosiprojekti.<\/p>\n\n\n\n<p>Opiskelijan oman polun mukaisesti tutkinnonosiksi voi valikoitua my\u00f6s muut kuin yll\u00e4 mainitut. Osuuspankissa opiskelija on tuottanut juhlavuoden <strong>tapahtumia<\/strong> sek\u00e4 kehitt\u00e4nyt asiakaskokemusta <strong>palvelumuotoilun<\/strong> keinoin.<\/p>\n\n\n\n<p>Kurkkaa tarkemmin <a href=\"https:\/\/www.instagram.com\/p\/C5Vd5S2vwMs\/?utm_source=ig_web_copy_link&amp;igsh=MzRlODBiNWFlZA==\" data-type=\"link\" data-id=\"https:\/\/www.instagram.com\/p\/C5Vd5S2vwMs\/?utm_source=ig_web_copy_link&amp;igsh=MzRlODBiNWFlZA==\">IG:st\u00e4<\/a> <\/p>\n\n\n\n<h2 class=\"wp-block-heading\">Toinen vuosi: markkinointiviestint\u00e4\u00e4 ja tuloksellista toimintaa<\/h2>\n\n\n\n<p>Toisen vuoden opiskelijoiden ty\u00f6ss\u00e4oppimispaikoissa opiskelijat p\u00e4\u00e4sev\u00e4t suunnittelemaan ja toteuttamaan markkinointia sek\u00e4 selvitt\u00e4m\u00e4\u00e4n toiminnan tuloksellisuutta. T\u00e4n\u00e4kin vuonna juuri t\u00e4ll\u00e4 ty\u00f6ss\u00e4oppimisjaksolla paikat ovat hyvin monipuolisia: yksityisist\u00e4 toimijoista ketjuohjattuihin yrityksiin, erikoiskaupoista p\u00e4ivitt\u00e4istavarakauppoihin ja ravintoloihin. <\/p>\n\n\n\n<p><strong>Tuloksellisessa toiminnassa<\/strong> on analysoitu yrityksen toiminnan kannattavuutta, laskettu tuotteiden hintoja ja katteita sek\u00e4 tehty monenlaista talouden seurantaa esimerkiksi analysoimalla viikkomyyntej\u00e4.<\/p>\n\n\n\n<p><strong>Markkinointiviestinn\u00e4n ja sis\u00e4ll\u00f6ntuotannon<\/strong> ty\u00f6teht\u00e4viin on kuulunut erilaisten markkinointisuunnitelmien, kuten somekalentereiden, kampanjasuunnitelmien tai br\u00e4ndikirjojen laatimista. Lis\u00e4ksi opiskelijat ovat toteuttaneet erilaisia markkinoinnin sis\u00e4lt\u00f6j\u00e4 eri kanaviin (kuten yrityksen somekanavat, nettisivut, myym\u00e4l\u00e4markkinointi tai tapahtumat) ja eri muodoissa (videot, tekstit, kuvat jne.).<\/p>\n\n\n\n<p>Kurkkaa tarkemmin IG:st\u00e4 <a href=\"https:\/\/www.instagram.com\/p\/C5nFtOCBJ-e\/?utm_source=ig_web_copy_link&amp;igsh=MzRlODBiNWFlZA==\" data-type=\"link\" data-id=\"https:\/\/www.instagram.com\/p\/C5nFtOCBJ-e\/?utm_source=ig_web_copy_link&amp;igsh=MzRlODBiNWFlZA==\">t\u00e4st\u00e4 <\/a>ja <a href=\"https:\/\/www.instagram.com\/p\/C55aLoxIOao\/?utm_source=ig_web_copy_link&amp;igsh=MzRlODBiNWFlZA==\" data-type=\"link\" data-id=\"https:\/\/www.instagram.com\/p\/C55aLoxIOao\/?utm_source=ig_web_copy_link&amp;igsh=MzRlODBiNWFlZA==\">t\u00e4st\u00e4 <\/a>ja viel\u00e4 <a href=\"https:\/\/www.instagram.com\/p\/C6LbuIgMbRA\/?utm_source=ig_web_copy_link&amp;igsh=MzRlODBiNWFlZA==\" data-type=\"link\" data-id=\"https:\/\/www.instagram.com\/p\/C6LbuIgMbRA\/?utm_source=ig_web_copy_link&amp;igsh=MzRlODBiNWFlZA==\">t\u00e4st\u00e4<\/a>.<\/p>\n\n\n\n<h2 class=\"wp-block-heading\">Ensimm\u00e4inen vuosi: ty\u00f6yhteis\u00f6taitoja ja asiakaspalvelua<\/h2>\n\n\n\n<p>Ensimm\u00e4isen vuonna opiskelijat suorittavat asiakaspalvelun ja ty\u00f6yhteis\u00f6ss\u00e4 toimimisen tutkinnon osat.<\/p>\n\n\n\n<p>Ty\u00f6paikoilla opitaan <strong>ty\u00f6el\u00e4m\u00e4taitoja<\/strong>, kuten ty\u00f6el\u00e4m\u00e4n peliss\u00e4\u00e4nn\u00f6t ja ty\u00f6skentely\u00e4 ty\u00f6yhteis\u00f6n j\u00e4senen\u00e4. Perehdyt\u00e4\u00e4n ty\u00f6paikkaan ja sen erilaisiin ty\u00f6teht\u00e4viin, opetellaan tekem\u00e4\u00e4n ty\u00f6teht\u00e4v\u00e4t huolellisesti ja oma-aloitteisesti kehitt\u00e4en omaa ty\u00f6skentely\u00e4 ja ty\u00f6yhteis\u00f6\u00e4. <strong>Asiakaspalvelun <\/strong>tutkinnon osassa on oleellista osata palvella asiakkaita vaihtelevissa tilanteissa ja eri kanavissa, ymm\u00e4rt\u00e4\u00e4 oma rooli asiakaskokemuksen syntymisess\u00e4 ja mahdollisesti selvitt\u00e4\u00e4 asiakastyytyv\u00e4isyytt\u00e4 ja kehitt\u00e4\u00e4 asiakaskokemusta.<\/p>\n\n\n\n<p>Asiakaspalvelua ja ty\u00f6yhteis\u00f6ss\u00e4 toimimista voi oppia hyvin erilaisissa ty\u00f6paikoissa. T\u00e4n\u00e4 vuonna opiskelijat ovat ty\u00f6ss\u00e4oppimassa mm. p\u00e4ivitt\u00e4istavara- ja erikoiskaupoissa, kahviloissa ja palvelu- ja teollisuusalan yrityksiss\u00e4.<\/p>\n\n\n\n<p>Esimerkkij\u00e4 l\u00f6yd\u00e4t meid\u00e4n IG:st\u00e4 <a href=\"https:\/\/www.instagram.com\/p\/C6dPkt_vjia\/?utm_source=ig_web_copy_link&amp;igsh=MzRlODBiNWFlZA==\" data-type=\"link\" data-id=\"https:\/\/www.instagram.com\/p\/C6dPkt_vjia\/?utm_source=ig_web_copy_link&amp;igsh=MzRlODBiNWFlZA==\">t\u00e4st\u00e4<\/a><\/p>\n","protected":false},"excerpt":{"rendered":"<p>Valmistuvat: myynti\u00e4 ja projekteja Kolmannen vuoden opiskelijoiden ty\u00f6paikoissa p\u00e4\u00e4paino on myyntiin liittyviss\u00e4 ty\u00f6teht\u00e4viss\u00e4. Lis\u00e4ksi opiskelijan pit\u00e4\u00e4 p\u00e4\u00e4st\u00e4 suunnittelemaan ja toteuttamaan jonkinlainen projekti. T\u00e4n\u00e4 vuonna valmistuvien opiskelijoiden ty\u00f6paikat ovat p\u00e4\u00e4s\u00e4\u00e4nt\u00f6isesti erikoisliikkeit\u00e4, kuten Alko, Jysk ja Hankkija. Erikoisliikkeess\u00e4 Myynnin opiskelijat p\u00e4\u00e4sev\u00e4t kartoittamaan &hellip; <a href=\"https:\/\/blogit.sasky.fi\/mantan_merkonomit\/missa-mantan-merkonomit-tyossaoppivat-lukuvuonna-2023-2024\/\">Lue loppuun <span class=\"meta-nav\">&rarr;<\/span><\/a><\/p>\n","protected":false},"author":42,"featured_media":0,"parent":0,"menu_order":0,"comment_status":"closed","ping_status":"closed","template":"","meta":{"footnotes":""},"class_list":["post-474","page","type-page","status-publish","hentry"],"_links":{"self":[{"href":"https:\/\/blogit.sasky.fi\/mantan_merkonomit\/wp-json\/wp\/v2\/pages\/474","targetHints":{"allow":["GET"]}}],"collection":[{"href":"https:\/\/blogit.sasky.fi\/mantan_merkonomit\/wp-json\/wp\/v2\/pages"}],"about":[{"href":"https:\/\/blogit.sasky.fi\/mantan_merkonomit\/wp-json\/wp\/v2\/types\/page"}],"author":[{"embeddable":true,"href":"https:\/\/blogit.sasky.fi\/mantan_merkonomit\/wp-json\/wp\/v2\/users\/42"}],"replies":[{"embeddable":true,"href":"https:\/\/blogit.sasky.fi\/mantan_merkonomit\/wp-json\/wp\/v2\/comments?post=474"}],"version-history":[{"count":7,"href":"https:\/\/blogit.sasky.fi\/mantan_merkonomit\/wp-json\/wp\/v2\/pages\/474\/revisions"}],"predecessor-version":[{"id":532,"href":"https:\/\/blogit.sasky.fi\/mantan_merkonomit\/wp-json\/wp\/v2\/pages\/474\/revisions\/532"}],"wp:attachment":[{"href":"https:\/\/blogit.sasky.fi\/mantan_merkonomit\/wp-json\/wp\/v2\/media?parent=474"}],"curies":[{"name":"wp","href":"https:\/\/api.w.org\/{rel}","templated":true}]}}