{"id":732,"date":"2025-08-25T14:04:20","date_gmt":"2025-08-25T11:04:20","guid":{"rendered":"https:\/\/blogit.sasky.fi\/mantan_merkonomit\/?page_id=732"},"modified":"2025-09-26T10:41:15","modified_gmt":"2025-09-26T07:41:15","slug":"nyt-yritykset-lukuvuonna-2025-2026","status":"publish","type":"page","link":"https:\/\/blogit.sasky.fi\/mantan_merkonomit\/nyt-yritykset-lukuvuonna-2025-2026\/","title":{"rendered":"NYT-yritykset lukuvuonna 2025-2026"},"content":{"rendered":"\n<figure class=\"wp-block-gallery has-nested-images columns-default is-cropped wp-block-gallery-1 is-layout-flex wp-block-gallery-is-layout-flex\">\n<figure class=\"wp-block-image size-large\"><img loading=\"lazy\" decoding=\"async\" width=\"1024\" height=\"576\" data-id=\"746\" src=\"https:\/\/blogit.sasky.fi\/mantan_merkonomit\/wp-content\/uploads\/sites\/17\/2025\/09\/Logo-1024x576.png\" alt=\"\" class=\"wp-image-746\" srcset=\"https:\/\/blogit.sasky.fi\/mantan_merkonomit\/wp-content\/uploads\/sites\/17\/2025\/09\/Logo-1024x576.png 1024w, https:\/\/blogit.sasky.fi\/mantan_merkonomit\/wp-content\/uploads\/sites\/17\/2025\/09\/Logo-300x169.png 300w, https:\/\/blogit.sasky.fi\/mantan_merkonomit\/wp-content\/uploads\/sites\/17\/2025\/09\/Logo-768x432.png 768w, https:\/\/blogit.sasky.fi\/mantan_merkonomit\/wp-content\/uploads\/sites\/17\/2025\/09\/Logo-1536x864.png 1536w, https:\/\/blogit.sasky.fi\/mantan_merkonomit\/wp-content\/uploads\/sites\/17\/2025\/09\/Logo-500x281.png 500w, https:\/\/blogit.sasky.fi\/mantan_merkonomit\/wp-content\/uploads\/sites\/17\/2025\/09\/Logo.png 1920w\" sizes=\"auto, (max-width: 1024px) 100vw, 1024px\" \/><figcaption class=\"wp-element-caption\">Eduksesi NYT<\/figcaption><\/figure>\n\n\n\n<figure class=\"wp-block-image size-large\"><img loading=\"lazy\" decoding=\"async\" width=\"1024\" height=\"724\" data-id=\"745\" src=\"https:\/\/blogit.sasky.fi\/mantan_merkonomit\/wp-content\/uploads\/sites\/17\/2025\/09\/LOISTAMOON-NYT-1024x724.jpg\" alt=\"\" class=\"wp-image-745\" srcset=\"https:\/\/blogit.sasky.fi\/mantan_merkonomit\/wp-content\/uploads\/sites\/17\/2025\/09\/LOISTAMOON-NYT-1024x724.jpg 1024w, https:\/\/blogit.sasky.fi\/mantan_merkonomit\/wp-content\/uploads\/sites\/17\/2025\/09\/LOISTAMOON-NYT-300x212.jpg 300w, https:\/\/blogit.sasky.fi\/mantan_merkonomit\/wp-content\/uploads\/sites\/17\/2025\/09\/LOISTAMOON-NYT-768x543.jpg 768w, https:\/\/blogit.sasky.fi\/mantan_merkonomit\/wp-content\/uploads\/sites\/17\/2025\/09\/LOISTAMOON-NYT-1536x1086.jpg 1536w, https:\/\/blogit.sasky.fi\/mantan_merkonomit\/wp-content\/uploads\/sites\/17\/2025\/09\/LOISTAMOON-NYT-424x300.jpg 424w, https:\/\/blogit.sasky.fi\/mantan_merkonomit\/wp-content\/uploads\/sites\/17\/2025\/09\/LOISTAMOON-NYT.jpg 2000w\" sizes=\"auto, (max-width: 1024px) 100vw, 1024px\" \/><figcaption class=\"wp-element-caption\">Loistamoon NYT<\/figcaption><\/figure>\n\n\n\n<figure class=\"wp-block-image size-large\"><img loading=\"lazy\" decoding=\"async\" width=\"1024\" height=\"576\" data-id=\"748\" src=\"https:\/\/blogit.sasky.fi\/mantan_merkonomit\/wp-content\/uploads\/sites\/17\/2025\/09\/Melvion-NYT-1024x576.jpg\" alt=\"\" class=\"wp-image-748\" srcset=\"https:\/\/blogit.sasky.fi\/mantan_merkonomit\/wp-content\/uploads\/sites\/17\/2025\/09\/Melvion-NYT-1024x576.jpg 1024w, https:\/\/blogit.sasky.fi\/mantan_merkonomit\/wp-content\/uploads\/sites\/17\/2025\/09\/Melvion-NYT-300x169.jpg 300w, https:\/\/blogit.sasky.fi\/mantan_merkonomit\/wp-content\/uploads\/sites\/17\/2025\/09\/Melvion-NYT-768x432.jpg 768w, https:\/\/blogit.sasky.fi\/mantan_merkonomit\/wp-content\/uploads\/sites\/17\/2025\/09\/Melvion-NYT-1536x864.jpg 1536w, https:\/\/blogit.sasky.fi\/mantan_merkonomit\/wp-content\/uploads\/sites\/17\/2025\/09\/Melvion-NYT-500x281.jpg 500w, https:\/\/blogit.sasky.fi\/mantan_merkonomit\/wp-content\/uploads\/sites\/17\/2025\/09\/Melvion-NYT.jpg 1920w\" sizes=\"auto, (max-width: 1024px) 100vw, 1024px\" \/><\/figure>\n\n\n\n<figure class=\"wp-block-image size-large\"><img loading=\"lazy\" decoding=\"async\" width=\"1414\" height=\"1414\" data-id=\"749\" src=\"https:\/\/blogit.sasky.fi\/mantan_merkonomit\/wp-content\/uploads\/sites\/17\/2025\/09\/Logo-A4-edited.jpg\" alt=\"\" class=\"wp-image-749\" srcset=\"https:\/\/blogit.sasky.fi\/mantan_merkonomit\/wp-content\/uploads\/sites\/17\/2025\/09\/Logo-A4-edited.jpg 1414w, https:\/\/blogit.sasky.fi\/mantan_merkonomit\/wp-content\/uploads\/sites\/17\/2025\/09\/Logo-A4-edited-300x300.jpg 300w, https:\/\/blogit.sasky.fi\/mantan_merkonomit\/wp-content\/uploads\/sites\/17\/2025\/09\/Logo-A4-edited-1024x1024.jpg 1024w, https:\/\/blogit.sasky.fi\/mantan_merkonomit\/wp-content\/uploads\/sites\/17\/2025\/09\/Logo-A4-edited-150x150.jpg 150w, https:\/\/blogit.sasky.fi\/mantan_merkonomit\/wp-content\/uploads\/sites\/17\/2025\/09\/Logo-A4-edited-768x768.jpg 768w\" sizes=\"auto, (max-width: 1414px) 100vw, 1414px\" \/><figcaption class=\"wp-element-caption\">Neora NYT<\/figcaption><\/figure>\n\n\n\n<figure class=\"wp-block-image size-large\"><img loading=\"lazy\" decoding=\"async\" width=\"1587\" height=\"1587\" data-id=\"750\" src=\"https:\/\/blogit.sasky.fi\/mantan_merkonomit\/wp-content\/uploads\/sites\/17\/2025\/09\/SeasonFlow-NYT-edited.png\" alt=\"\" class=\"wp-image-750\" srcset=\"https:\/\/blogit.sasky.fi\/mantan_merkonomit\/wp-content\/uploads\/sites\/17\/2025\/09\/SeasonFlow-NYT-edited.png 1587w, https:\/\/blogit.sasky.fi\/mantan_merkonomit\/wp-content\/uploads\/sites\/17\/2025\/09\/SeasonFlow-NYT-edited-300x300.png 300w, https:\/\/blogit.sasky.fi\/mantan_merkonomit\/wp-content\/uploads\/sites\/17\/2025\/09\/SeasonFlow-NYT-edited-1024x1024.png 1024w, https:\/\/blogit.sasky.fi\/mantan_merkonomit\/wp-content\/uploads\/sites\/17\/2025\/09\/SeasonFlow-NYT-edited-150x150.png 150w, https:\/\/blogit.sasky.fi\/mantan_merkonomit\/wp-content\/uploads\/sites\/17\/2025\/09\/SeasonFlow-NYT-edited-768x768.png 768w, https:\/\/blogit.sasky.fi\/mantan_merkonomit\/wp-content\/uploads\/sites\/17\/2025\/09\/SeasonFlow-NYT-edited-1536x1536.png 1536w\" sizes=\"auto, (max-width: 1587px) 100vw, 1587px\" \/><figcaption class=\"wp-element-caption\">SeasonFlow NYT<\/figcaption><\/figure>\n\n\n\n<figure class=\"wp-block-image size-large\"><img loading=\"lazy\" decoding=\"async\" width=\"1000\" height=\"1000\" data-id=\"743\" src=\"https:\/\/blogit.sasky.fi\/mantan_merkonomit\/wp-content\/uploads\/sites\/17\/2025\/09\/Vira-NYT.png\" alt=\"\" class=\"wp-image-743\" srcset=\"https:\/\/blogit.sasky.fi\/mantan_merkonomit\/wp-content\/uploads\/sites\/17\/2025\/09\/Vira-NYT.png 1000w, https:\/\/blogit.sasky.fi\/mantan_merkonomit\/wp-content\/uploads\/sites\/17\/2025\/09\/Vira-NYT-300x300.png 300w, https:\/\/blogit.sasky.fi\/mantan_merkonomit\/wp-content\/uploads\/sites\/17\/2025\/09\/Vira-NYT-150x150.png 150w, https:\/\/blogit.sasky.fi\/mantan_merkonomit\/wp-content\/uploads\/sites\/17\/2025\/09\/Vira-NYT-768x768.png 768w\" sizes=\"auto, (max-width: 1000px) 100vw, 1000px\" \/><\/figure>\n<\/figure>\n\n\n\n<p>Lue alta, mit\u00e4 palveluita tai tuotteita NYT-yrityksemme t\u00e4n\u00e4 vuonna tarjoavat!<\/p>\n\n\n\n<h2 class=\"wp-block-heading\">Eduksesi NYT<\/h2>\n\n\n\n<p>Eduksesi NYT tarjoaa asiantuntevaa ja luotettavaa myynti ja br\u00e4ndipalvelua yrityksille. Tarjoamme ratkaisuja, jotka s\u00e4\u00e4st\u00e4v\u00e4t aikaa, kasvattavat tuloksia ja tekev\u00e4t yrityksen arjesta helpompaa.\u00a0<\/p>\n\n\n\n<p>Olemme 4 nuoren perustama NYT yritys M\u00e4nt\u00e4n merkonomeista. Tiimimme kuuluu Oona J\u00e4rvinen, Minttu Hein\u00e4nen, Jessica Suvinen ja Minja Lehtonen. Tarjoamme yrityksille myyntiedustuspalvelua, jossa ammattitaitoiset ja asiakaspalveluhenkiset myyj\u00e4mme edustaa yrityksi\u00e4 ja myy yrityksen tuotteita\/ palveluita erilaisissa tapahtumissa tai myyntipisteill\u00e4, sek\u00e4<strong> <\/strong>palvelun, jossa suunnittelemme ja toteutamme yrityksille uuden visuaalisen ilmeen ja edustamme sit\u00e4 meid\u00e4n suunnittelemassa ja toteuttamassa lanseeraustapahtumassa niin, ett\u00e4 sen lanseeraus tekee vahvan vaikutuksen ja tuottaa v\u00e4lit\u00f6nt\u00e4 myynti\u00e4. Tuotamme jokaisen palvelumme niin, ett\u00e4 se on laadukasta, asiakaskohtaista ja ammattitaitoista.\u00a0<\/p>\n\n\n\n<p>L\u00f6yd\u00e4t meid\u00e4t:<\/p>\n\n\n\n<ul class=\"wp-block-list\">\n<li><a href=\"https:\/\/www.instagram.com\/eduksesinyt?igsh=OXlnbGVuamw4bW03\" data-type=\"link\" data-id=\"https:\/\/www.instagram.com\/eduksesinyt?igsh=OXlnbGVuamw4bW03\">Instagram<\/a><\/li>\n\n\n\n<li><a href=\"https:\/\/www.facebook.com\/share\/1GNnUAEf5X\/?mibextid=wwXIfr\" data-type=\"link\" data-id=\"https:\/\/www.facebook.com\/share\/1GNnUAEf5X\/?mibextid=wwXIfr\">Facebook<\/a><\/li>\n\n\n\n<li><a href=\"https:\/\/mantanmerkonomit.my.canva.site\/eduksesinyt\" data-type=\"link\" data-id=\"https:\/\/mantanmerkonomit.my.canva.site\/eduksesinyt\">Nettisivut<\/a><\/li>\n<\/ul>\n\n\n\n<h2 class=\"wp-block-heading\">Loistamoon NYT<\/h2>\n\n\n\n<p>Loistamoon&nbsp;NYT on markkinointi palveluja&nbsp;tarjoava yritys. Autamme yrityksi\u00e4 saamaan lis\u00e4\u00e4 n\u00e4kyvyytt\u00e4 ja asiakkaita.<\/p>\n\n\n\n<p>Loistamoon NYT on kolmen merkonomi opiskelijan perustama markkinointipalveluihin\u00a0erikoistunut nuorten yritys. Haluamme saada asiakkaillemme lis\u00e4\u00e4 n\u00e4kyvyytt\u00e4 ja uusia asiakkaita. Tarjoamme monipuolisia markkinointipalveluja, kuten sosiaalisen median p\u00e4ivityksi\u00e4 mainossis\u00e4lt\u00f6j\u00e4\u00a0sek\u00e4 lyhyit\u00e4 vaikuttavia yritysvideoita. Meille on t\u00e4rke\u00e4\u00e4 tehd\u00e4 markkinoinnista selke\u00e4\u00e4, tehokasta ja juuri asiakkaan tarpeisiin sopiivaa.\u00a0Meihin voi ottaa yhteytt\u00e4 s\u00e4hk\u00f6postilla\u00a0<a href=\"mailto:loistamoonnyt@gmail.com\">loistamoonnyt@gmail.com<\/a>\u00a0sek\u00e4 puhelimitse\u00a0 +358 45 2215344 ke-pe klo: 8.30-13.30.\u00a0<\/p>\n\n\n\n<p>somet: <a href=\"https:\/\/www.instagram.com\/loistamoonnyt\/\" data-type=\"link\" data-id=\"https:\/\/www.instagram.com\/loistamoonnyt\/\">Instagram<\/a>, <a href=\"https:\/\/www.facebook.com\/profile.php?id=61580915465948\" data-type=\"link\" data-id=\"https:\/\/www.facebook.com\/profile.php?id=61580915465948\">Facebook <\/a>ja <a href=\"https:\/\/www.tiktok.com\/@loistamoonnyt\" data-type=\"link\" data-id=\"https:\/\/www.tiktok.com\/@loistamoonnyt\">TikTok <\/a><\/p>\n\n\n\n<h2 class=\"wp-block-heading\">Melvion NYT \u2013 kasvata myynti\u00e4 kanssamme!\u00a0<\/h2>\n\n\n\n<p>Olemme Melvion NYT, nuorten perustama yritys, joka tarjoaa luotettavia ja ammattimaisia myyntipalveluita. Kuuntelemme asiakkaidemme toiveita tarkasti ja suunnittelemme laadukkaita, tuloksiin t\u00e4ht\u00e4\u00e4vi\u00e4 ratkaisuja.&nbsp;&nbsp;<\/p>\n\n\n\n<p>Panostamme asiakkaan tarpeisiin, jotta myynti erottuu ja tukee liiketoimintaa parhaalla mahdollisella tavalla. Meilt\u00e4 saat monipuolista ja asiakasl\u00e4ht\u00f6ist\u00e4 palvelua, jossa yhdistyv\u00e4t ajankohtainen liiketoimintaosaaminen ja myynnin k\u00e4yt\u00e4nn\u00f6n taidot. Valitse Melvion NYT, kun etsit luotettavaa ja ammattimaisia myyntipalveluita!&nbsp;<\/p>\n\n\n\n<h2 class=\"wp-block-heading\">Neora NYT<\/h2>\n\n\n\n<p>Hei, olemme N\u00e9ora NYT. Teemme kynttil\u00f6it\u00e4 kierr\u00e4tetyist\u00e4 kupeista, mukeista ja astioista, joissa on kodikas tunnelma. T\u00e4m\u00e4 prosessi on mahtava, koska asiakas saa pit\u00e4\u00e4 astian kynttil\u00e4n k\u00e4yt\u00f6n j\u00e4lkeen omaan k\u00e4ytt\u00f6\u00f6n. Tarjoamme my\u00f6s erilaisia v\u00e4rej\u00e4 ja tuoksuja kynttil\u00f6illemme, jotta jokainen asiakas saisi ainutlaatuisen kokemuksen. Jos asiakas niin haluaa, h\u00e4n voi my\u00f6s ottaa meihin yhteytt\u00e4 ja l\u00e4hett\u00e4\u00e4 oman astiansa muokattavaksi kynttil\u00e4ksi, jota voidaan r\u00e4\u00e4t\u00e4l\u00f6id\u00e4 tarjoamistamme tuoksuista ja v\u00e4reist\u00e4. Jos haluat tiet\u00e4\u00e4 enemm\u00e4n meist\u00e4, seuraa rohkeasti sosiaalisen median tilej\u00e4mme ja vieraile itse rakennetuilla verkkosivuillamme.<\/p>\n\n\n\n<ul class=\"wp-block-list\">\n<li><a href=\"https:\/\/www.facebook.com\/people\/N%C3%88ORA-NYT\/61580879393207\" data-type=\"link\" data-id=\"https:\/\/www.facebook.com\/people\/N%C3%88ORA-NYT\/61580879393207\">Facebook<\/a><\/li>\n\n\n\n<li><a href=\"https:\/\/www.instagram.com\/neora.nyt\">Instagram<\/a><\/li>\n\n\n\n<li><a href=\"https:\/\/neoranyt.neocities.org\/\" data-type=\"link\" data-id=\"https:\/\/neoranyt.neocities.org\/\">Kotisivut<\/a><\/li>\n\n\n\n<li><a href=\"https:\/\/www.tiktok.com\/@neora.nyt\" data-type=\"link\" data-id=\"https:\/\/www.tiktok.com\/@neora.nyt\">TikTok<\/a><\/li>\n<\/ul>\n\n\n\n<h2 class=\"wp-block-heading\">SeasonFlow NYT<\/h2>\n\n\n\n<p>SeasonFlow NYT on k\u00e4sity\u00f6yritys, joka valmistaa tuotteensa itse laadukkaasti, kotimaisista raaka-aineista.&nbsp;Meilt\u00e4 saat ostettua kuorinta-aineita jokaiseen juhlapyh\u00e4\u00e4n sopivalla teemalla. Valikoimastamme l\u00f6ytyy t\u00e4ll\u00e4 hetkell\u00e4 jalka- ja vartalokuorintoja, joita saat ostettua yksitt\u00e4isin\u00e4 tuotteina tai tuotesettein\u00e4. Tulevaisuudessa meilt\u00e4 l\u00f6ytyy my\u00f6s itse valmistettuja koruja. Meid\u00e4n tuotteitamme on mahdollisuus tilata netist\u00e4, tai ostaa paikanp\u00e4\u00e4lt\u00e4 tulevista myyntitapahtumista M\u00e4ntt\u00e4-Vilppulan alueella.<\/p>\n\n\n\n<p><\/p>\n\n\n\n<ul class=\"wp-block-list\">\n<li>Ig: <a href=\"https:\/\/www.instagram.com\/seasonflownyt\/\" data-type=\"link\" data-id=\"https:\/\/www.instagram.com\/seasonflownyt\/\">seasonflownyt<\/a><\/li>\n\n\n\n<li>Tt: <a href=\"https:\/\/www.tiktok.com\/@seasonflownyt\" data-type=\"link\" data-id=\"https:\/\/www.tiktok.com\/@seasonflownyt\">seasonflownyt<\/a><\/li>\n\n\n\n<li>Fb: <a href=\"https:\/\/www.facebook.com\/profile.php?id=61580943982883\" data-type=\"link\" data-id=\"https:\/\/www.facebook.com\/profile.php?id=61580943982883\">SeasonFlow NYT<\/a><\/li>\n\n\n\n<li>s\u00e4hk\u00f6posti: seasonflow.nyt@gmail.com<\/li>\n<\/ul>\n\n\n\n<p><strong>Vira NYT &#8211; Mainostoimistopalvelut<\/strong> <\/p>\n\n\n\n<p>Hei, olemme kolmen hengen liiketoiminnan opiskelijoiden tiimi ja py\u00f6rit\u00e4mme yhdess\u00e4 mainostoimisto yrityst\u00e4.<br><br>Meilt\u00e4 saat:<br>&#8211; Br\u00e4ndipaketit ja piristykset<br>&#8211; Logon uudistukset<br>&#8211; Somepaketit ja yll\u00e4pidot<br>&#8211; Mainokset ja flyerit<br>&#8211; Mainos- ja yritysvideot<br>&#8211; Asiakaskyselyt<br><br>Jos yrityksell\u00e4si on tarve jollekkin muulle kuin edell\u00e4 mainituista palveluista, kysy rohkeasti ja suunnitellaan yhdess\u00e4 onko mahdollista meid\u00e4n toteuttaa!<br><br>Vira NYT lupaa ammattimaista ja laadukasta markkinoinnin osaamista, joka s\u00e4\u00e4st\u00e4\u00e4 asiakkaan aikaa, kasvattaa n\u00e4kyvyytt\u00e4 ja auttaa liiketoimintaa menestym\u00e4\u00e4n.<br><br>Tiimi:<br>Sara: 2. Vuoden liiketoiminnan opiskelija.<br>Saku 2. Vuoden liiketoiminnan opiskelija.<br>Peppi 1. Vuoden liiketoiminnan opiskelija.<br><br>Ota meihin matalalla kynnyksell\u00e4 yhteytt\u00e4!<br><a href=\"mailto:viranyt.yhteydenotto@gmail.com\">viranyt.yhteydenotto@gmail.com<\/a><\/p>\n","protected":false},"excerpt":{"rendered":"<p>Lue alta, mit\u00e4 palveluita tai tuotteita NYT-yrityksemme t\u00e4n\u00e4 vuonna tarjoavat! Eduksesi NYT Eduksesi NYT tarjoaa asiantuntevaa ja luotettavaa myynti ja br\u00e4ndipalvelua yrityksille. Tarjoamme ratkaisuja, jotka s\u00e4\u00e4st\u00e4v\u00e4t aikaa, kasvattavat tuloksia ja tekev\u00e4t yrityksen arjesta helpompaa.\u00a0 Olemme 4 nuoren perustama NYT yritys &hellip; <a href=\"https:\/\/blogit.sasky.fi\/mantan_merkonomit\/nyt-yritykset-lukuvuonna-2025-2026\/\">Lue loppuun <span class=\"meta-nav\">&rarr;<\/span><\/a><\/p>\n","protected":false},"author":42,"featured_media":0,"parent":0,"menu_order":0,"comment_status":"closed","ping_status":"closed","template":"","meta":{"footnotes":""},"class_list":["post-732","page","type-page","status-publish","hentry"],"_links":{"self":[{"href":"https:\/\/blogit.sasky.fi\/mantan_merkonomit\/wp-json\/wp\/v2\/pages\/732","targetHints":{"allow":["GET"]}}],"collection":[{"href":"https:\/\/blogit.sasky.fi\/mantan_merkonomit\/wp-json\/wp\/v2\/pages"}],"about":[{"href":"https:\/\/blogit.sasky.fi\/mantan_merkonomit\/wp-json\/wp\/v2\/types\/page"}],"author":[{"embeddable":true,"href":"https:\/\/blogit.sasky.fi\/mantan_merkonomit\/wp-json\/wp\/v2\/users\/42"}],"replies":[{"embeddable":true,"href":"https:\/\/blogit.sasky.fi\/mantan_merkonomit\/wp-json\/wp\/v2\/comments?post=732"}],"version-history":[{"count":8,"href":"https:\/\/blogit.sasky.fi\/mantan_merkonomit\/wp-json\/wp\/v2\/pages\/732\/revisions"}],"predecessor-version":[{"id":758,"href":"https:\/\/blogit.sasky.fi\/mantan_merkonomit\/wp-json\/wp\/v2\/pages\/732\/revisions\/758"}],"wp:attachment":[{"href":"https:\/\/blogit.sasky.fi\/mantan_merkonomit\/wp-json\/wp\/v2\/media?parent=732"}],"curies":[{"name":"wp","href":"https:\/\/api.w.org\/{rel}","templated":true}]}}