{"id":6,"date":"2024-08-19T07:47:31","date_gmt":"2024-08-19T07:47:31","guid":{"rendered":"https:\/\/blogit.sasky.fi\/puheex\/?page_id=6"},"modified":"2024-09-18T09:44:15","modified_gmt":"2024-09-18T07:44:15","slug":"etusivu","status":"publish","type":"page","link":"https:\/\/blogit.sasky.fi\/puheex\/","title":{"rendered":"PuheeX-hanke"},"content":{"rendered":"\n<p>9.6.2023-31.7.2024<\/p>\n\n\n\n<p>Tervetuloa PuheeX-hankkeen blogi-sivustolle!<\/p>\n\n\n\n<p>Sivustoltamme l\u00f6yd\u00e4t ajankohtaiset tiedot PuheeX-hankkeesta, blogi-julkaisut sek\u00e4 hankkeen tuottamaa materiaalia.<\/p>\n\n\n\n<p>Alta p\u00e4\u00e4set lukemaan lyhyen esittelyn PuheeX-hankkeesta.<\/p>\n\n\n\n<h2 class=\"wp-block-heading\">Hankkeen kuvaus<\/h2>\n\n\n\n<p>Opetushallituksen rahoittamassa PuheeX-hankkeessa kehitet\u00e4\u00e4n toisen asteen oppilaitoksen turvallisuusk\u00e4yt\u00e4nt\u00f6j\u00e4 kasvattamalla opiskelijoiden ja henkil\u00f6st\u00f6n turvallisuusosaamista. Hankkeessa vahvistetaan tietoisuutta turvallisuuden eri osa-alueista ja laajennetaan k\u00e4sityst\u00e4 turvallisuuteen vaikuttavista tekij\u00f6ist\u00e4.<\/p>\n\n\n\n<p>Hankeen rahoitus saatiin nuorten jengiytymisen ja rikollisuuden ehk\u00e4isemiseen sek\u00e4 hyvinvointi- ja turvallisuusosaamisen vahvistamiseen toisen asteen oppilaitoksissa.<\/p>\n\n\n\n<h2 class=\"wp-block-heading\">Kohderyhm\u00e4<\/h2>\n\n\n\n<p>Hankkeen kohderyhm\u00e4\u00e4 ovat toisen asteen opiskelijat ja oppilaitosten henkil\u00f6st\u00f6.<\/p>\n\n\n\n<h2 class=\"wp-block-heading\">Tavoitteet<\/h2>\n\n\n\n<p>Hankkeen tavoitteet ja toimenpiteet on rakennettu ty\u00f6paketeiksi (TP).<\/p>\n\n\n\n<p><strong>TP 1 &nbsp;<\/strong>&nbsp;&nbsp;&nbsp;&nbsp; Helpotetaan opiskelijoiden ongelmien ja haasteiden puheeksi ottamista, tuetaan haastavien tilanteiden tunnistamista sek\u00e4 nime\u00e4mist\u00e4. Kartoitetaan yksik\u00f6iden olemassa olevien haastavien ja riskialttiiden tilanteiden toimintaohjeistuksia ja k\u00e4yt\u00e4nt\u00f6j\u00e4 sek\u00e4 yhdenmukaistetaan niit\u00e4.<\/p>\n\n\n\n<p><strong>TP 2<\/strong> &nbsp;&nbsp;&nbsp;&nbsp;&nbsp; Vahvistetaan opiskelijoiden ja opetushenkil\u00f6st\u00f6n vuorovaikutus-\u200b ja tunnetaitoa sek\u00e4 turvallisuusosaamista. Kehitet\u00e4\u00e4n ja jalkautetaan lukemismy\u00f6nteinen toimintamalli. Toteutetaan koulutus-\u200b ja ty\u00f6pajakokonaisuus sek\u00e4 vahvistetaan kriittisen tiedon arviointi ja empatiataitoja.<\/p>\n\n\n\n<p><strong>TP 3<\/strong> &nbsp;&nbsp;&nbsp;&nbsp;&nbsp; Mahdollistetaan opiskelijoiden vertaistuen hakeminen ja tarjoaminen digitaalisella toiminta-\u200balustalla. Opinnollistetaan vertaisena toimiminen, viestit\u00e4\u00e4n toiminnasta ja levitet\u00e4\u00e4n toimintamallia.<\/p>\n\n\n\n<p><strong>TP 4&nbsp;<\/strong>&nbsp;&nbsp;&nbsp;&nbsp;&nbsp;&nbsp;Parannetaan oppilaitosten turvallisuutta j\u00e4rjestelm\u00e4llisesti ja yhdenvertaisesti digitaalisia ty\u00f6kaluja hy\u00f6dynt\u00e4en sek\u00e4 yhdenmukaistetaan turvallisuusk\u00e4yt\u00e4nteit\u00e4.<\/p>\n\n\n\n<h2 class=\"wp-block-heading\">P\u00e4\u00e4toteuttaja<\/h2>\n\n\n\n<p>SASKY koulutuskuntayhtym\u00e4<\/p>\n\n\n\n<h2 class=\"wp-block-heading\">Osatoteuttajat<\/h2>\n\n\n\n<p>Koulutuskuntayhtym\u00e4 OSAO<\/p>\n\n\n\n<p>Parkanon lukio<\/p>\n\n\n\n<h2 class=\"wp-block-heading\">Lis\u00e4tietoja<\/h2>\n\n\n\n<p>Taija Ahonen<\/p>\n\n\n\n<p>Hankep\u00e4\u00e4llikk\u00f6<\/p>\n\n\n\n<p>taija.ahonen@sasky.fi<\/p>\n\n\n\n<p><\/p>\n\n\n\n<p><\/p>\n","protected":false},"excerpt":{"rendered":"<p>9.6.2023-31.7.2024 Tervetuloa PuheeX-hankkeen blogi-sivustolle! Sivustoltamme l\u00f6yd\u00e4t ajankohtaiset tiedot PuheeX-hankkeesta, blogi-julkaisut sek\u00e4 hankkeen tuottamaa materiaalia. Alta p\u00e4\u00e4set lukemaan lyhyen esittelyn PuheeX-hankkeesta. Hankkeen kuvaus Opetushallituksen rahoittamassa PuheeX-hankkeessa kehitet\u00e4\u00e4n toisen asteen oppilaitoksen turvallisuusk\u00e4yt\u00e4nt\u00f6j\u00e4 kasvattamalla opiskelijoiden ja henkil\u00f6st\u00f6n turvallisuusosaamista. Hankkeessa vahvistetaan tietoisuutta turvallisuuden eri osa-alueista ja laajennetaan k\u00e4sityst\u00e4 turvallisuuteen vaikuttavista tekij\u00f6ist\u00e4. Hankeen rahoitus saatiin nuorten jengiytymisen ja rikollisuuden ehk\u00e4isemiseen &hellip; <\/p>\n<p class=\"link-more\"><a href=\"https:\/\/blogit.sasky.fi\/puheex\/\" class=\"more-link\">Jatka lukemista<span class=\"screen-reader-text\"> &#8221;PuheeX-hanke&#8221;<\/span><\/a><\/p>\n","protected":false},"author":68,"featured_media":0,"parent":0,"menu_order":0,"comment_status":"closed","ping_status":"closed","template":"","meta":{"footnotes":""},"class_list":["post-6","page","type-page","status-publish","hentry"],"_links":{"self":[{"href":"https:\/\/blogit.sasky.fi\/puheex\/wp-json\/wp\/v2\/pages\/6","targetHints":{"allow":["GET"]}}],"collection":[{"href":"https:\/\/blogit.sasky.fi\/puheex\/wp-json\/wp\/v2\/pages"}],"about":[{"href":"https:\/\/blogit.sasky.fi\/puheex\/wp-json\/wp\/v2\/types\/page"}],"author":[{"embeddable":true,"href":"https:\/\/blogit.sasky.fi\/puheex\/wp-json\/wp\/v2\/users\/68"}],"replies":[{"embeddable":true,"href":"https:\/\/blogit.sasky.fi\/puheex\/wp-json\/wp\/v2\/comments?post=6"}],"version-history":[{"count":13,"href":"https:\/\/blogit.sasky.fi\/puheex\/wp-json\/wp\/v2\/pages\/6\/revisions"}],"predecessor-version":[{"id":79,"href":"https:\/\/blogit.sasky.fi\/puheex\/wp-json\/wp\/v2\/pages\/6\/revisions\/79"}],"wp:attachment":[{"href":"https:\/\/blogit.sasky.fi\/puheex\/wp-json\/wp\/v2\/media?parent=6"}],"curies":[{"name":"wp","href":"https:\/\/api.w.org\/{rel}","templated":true}]}}