{"id":105,"date":"2023-10-27T12:44:58","date_gmt":"2023-10-27T09:44:58","guid":{"rendered":"https:\/\/blogit.sasky.fi\/turvax\/?page_id=105"},"modified":"2024-06-03T12:57:52","modified_gmt":"2024-06-03T09:57:52","slug":"turvax-podcastit","status":"publish","type":"page","link":"https:\/\/blogit.sasky.fi\/turvax\/turvax-podcastit\/","title":{"rendered":"TurvaX podcastit"},"content":{"rendered":"\n<p><em>TurvaX pohtii, miten me kaikki voidaan vaikuttaa omaan ja muiden turvallisuuteen. T\u00e4ss\u00e4 podissa mietit\u00e4\u00e4n turvallisuusteemoja ja kurkistetaan turvallisuuden eri tasoille sellaisilla alueilla, jotka vaikuttavat suoraan opiskelijoiden ja oppilaitosten turvallisuuteen. TurvaX-podcast on osa Opetushallituksen rahoittamaa TurvaX-hanketta<\/em>.<\/p>\n\n\n\n<p><\/p>\n\n\n\n<p><strong><a href=\"https:\/\/blubrry.com\/3202350\/\" data-type=\"URL\" data-id=\"https:\/\/blubrry.com\/3202350\/\">Voit kuunnella kaikki jaksot klikkaamalla t\u00e4st\u00e4.<\/a><\/strong><\/p>\n\n\n\n<p>Jaksojen tekstitykset (PDF):<\/p>\n\n\n\n<div class=\"wp-block-file\"><a id=\"wp-block-file--media-5110fbf6-47cb-48c8-82fc-7e511d0e468b\" href=\"https:\/\/blogit.sasky.fi\/turvax\/wp-content\/uploads\/sites\/19\/2023\/12\/Jaksaajaksaa_tekstitys.pdf\">Jaksaajaksaa_tekstitys<\/a><a href=\"https:\/\/blogit.sasky.fi\/turvax\/wp-content\/uploads\/sites\/19\/2023\/12\/Jaksaajaksaa_tekstitys.pdf\" class=\"wp-block-file__button wp-element-button\" download aria-describedby=\"wp-block-file--media-5110fbf6-47cb-48c8-82fc-7e511d0e468b\">Lataa<\/a><\/div>\n\n\n\n<div class=\"wp-block-file\"><a id=\"wp-block-file--media-3567f868-0f00-47de-a32c-1c7e6f5ffcf2\" href=\"https:\/\/blogit.sasky.fi\/turvax\/wp-content\/uploads\/sites\/19\/2023\/12\/Renkaat-alla_tekstitys.pdf\">Renkaat-alla_tekstitys<\/a><a href=\"https:\/\/blogit.sasky.fi\/turvax\/wp-content\/uploads\/sites\/19\/2023\/12\/Renkaat-alla_tekstitys.pdf\" class=\"wp-block-file__button wp-element-button\" download aria-describedby=\"wp-block-file--media-3567f868-0f00-47de-a32c-1c7e6f5ffcf2\">Lataa<\/a><\/div>\n\n\n\n<div class=\"wp-block-file\"><a id=\"wp-block-file--media-de7f7316-d052-45d1-87b5-b22600397cf5\" href=\"https:\/\/blogit.sasky.fi\/turvax\/wp-content\/uploads\/sites\/19\/2023\/12\/Rohkeasti-elamaa-kohti_tekstitys.pdf\">Rohkeasti-elamaa-kohti_tekstitys<\/a><a href=\"https:\/\/blogit.sasky.fi\/turvax\/wp-content\/uploads\/sites\/19\/2023\/12\/Rohkeasti-elamaa-kohti_tekstitys.pdf\" class=\"wp-block-file__button wp-element-button\" download aria-describedby=\"wp-block-file--media-de7f7316-d052-45d1-87b5-b22600397cf5\">Lataa<\/a><\/div>\n\n\n\n<div class=\"wp-block-file\"><a id=\"wp-block-file--media-128637a0-7ba6-4e25-99f0-8f9e631aefd5\" href=\"https:\/\/blogit.sasky.fi\/turvax\/wp-content\/uploads\/sites\/19\/2023\/12\/Tosi-pahoja-ajatuksia_tekstitys.pdf\">Tosi-pahoja-ajatuksia_tekstitys<\/a><a href=\"https:\/\/blogit.sasky.fi\/turvax\/wp-content\/uploads\/sites\/19\/2023\/12\/Tosi-pahoja-ajatuksia_tekstitys.pdf\" class=\"wp-block-file__button wp-element-button\" download aria-describedby=\"wp-block-file--media-128637a0-7ba6-4e25-99f0-8f9e631aefd5\">Lataa<\/a><\/div>\n\n\n\n<div class=\"wp-block-file\"><a id=\"wp-block-file--media-61564881-7da8-41fc-9301-84f1a1f97261\" href=\"https:\/\/blogit.sasky.fi\/turvax\/wp-content\/uploads\/sites\/19\/2023\/12\/Liekeissa_tekstitys.pdf\">Liekeissa_tekstitys<\/a><a href=\"https:\/\/blogit.sasky.fi\/turvax\/wp-content\/uploads\/sites\/19\/2023\/12\/Liekeissa_tekstitys.pdf\" class=\"wp-block-file__button wp-element-button\" download aria-describedby=\"wp-block-file--media-61564881-7da8-41fc-9301-84f1a1f97261\">Lataa<\/a><\/div>\n\n\n\n<div class=\"wp-block-file\"><a id=\"wp-block-file--media-64bdc575-9dfc-458d-8474-e63448b133b2\" href=\"https:\/\/blogit.sasky.fi\/turvax\/wp-content\/uploads\/sites\/19\/2024\/01\/Kelpaan_sellaisena_kuin_olen_tekstitys.pdf\">Kelpaan_sellaisena_kuin_olen_tekstitys<\/a><a href=\"https:\/\/blogit.sasky.fi\/turvax\/wp-content\/uploads\/sites\/19\/2024\/01\/Kelpaan_sellaisena_kuin_olen_tekstitys.pdf\" class=\"wp-block-file__button wp-element-button\" download aria-describedby=\"wp-block-file--media-64bdc575-9dfc-458d-8474-e63448b133b2\">Lataa<\/a><\/div>\n\n\n\n<div class=\"wp-block-file\"><a id=\"wp-block-file--media-a8b0f7d8-399f-4fb0-83ec-343d235b0bf1\" href=\"https:\/\/blogit.sasky.fi\/turvax\/wp-content\/uploads\/sites\/19\/2024\/02\/Aluks-ne-kuvaviestit-naurattivat_tekstitys.pdf\">Aluks-ne-kuvaviestit-naurattivat_tekstitys<\/a><a href=\"https:\/\/blogit.sasky.fi\/turvax\/wp-content\/uploads\/sites\/19\/2024\/02\/Aluks-ne-kuvaviestit-naurattivat_tekstitys.pdf\" class=\"wp-block-file__button wp-element-button\" download aria-describedby=\"wp-block-file--media-a8b0f7d8-399f-4fb0-83ec-343d235b0bf1\">Lataa<\/a><\/div>\n\n\n\n<div class=\"wp-block-file\"><a id=\"wp-block-file--media-c64dea9a-25fc-42bf-86fe-f50a4ebbb82b\" href=\"https:\/\/blogit.sasky.fi\/turvax\/wp-content\/uploads\/sites\/19\/2024\/03\/Tasa-arvo-hoitaa-mielta_tekstitys.pdf\">Tasa-arvo-hoitaa-mielta_tekstitys<\/a><a href=\"https:\/\/blogit.sasky.fi\/turvax\/wp-content\/uploads\/sites\/19\/2024\/03\/Tasa-arvo-hoitaa-mielta_tekstitys.pdf\" class=\"wp-block-file__button wp-element-button\" download aria-describedby=\"wp-block-file--media-c64dea9a-25fc-42bf-86fe-f50a4ebbb82b\">Lataa<\/a><\/div>\n\n\n\n<div class=\"wp-block-file\"><a id=\"wp-block-file--media-f21b0e68-69d8-48bf-bb13-8f6ae7d485f0\" href=\"https:\/\/blogit.sasky.fi\/turvax\/wp-content\/uploads\/sites\/19\/2024\/05\/Tulevaisuusahdistus_tekstitys.pdf\">Tulevaisuusahdistus_tekstitys<\/a><a href=\"https:\/\/blogit.sasky.fi\/turvax\/wp-content\/uploads\/sites\/19\/2024\/05\/Tulevaisuusahdistus_tekstitys.pdf\" class=\"wp-block-file__button wp-element-button\" download aria-describedby=\"wp-block-file--media-f21b0e68-69d8-48bf-bb13-8f6ae7d485f0\">Lataa<\/a><\/div>\n\n\n\n<div class=\"wp-block-file\"><a id=\"wp-block-file--media-ba12ff2c-6eb6-438c-91ec-1c29be10067d\" href=\"https:\/\/blogit.sasky.fi\/turvax\/wp-content\/uploads\/sites\/19\/2024\/06\/Mun-rajat_tekstitys.pdf\">Mun-rajat_tekstitys<\/a><a href=\"https:\/\/blogit.sasky.fi\/turvax\/wp-content\/uploads\/sites\/19\/2024\/06\/Mun-rajat_tekstitys.pdf\" class=\"wp-block-file__button wp-element-button\" download aria-describedby=\"wp-block-file--media-ba12ff2c-6eb6-438c-91ec-1c29be10067d\">Lataa<\/a><\/div>\n","protected":false},"excerpt":{"rendered":"<p>TurvaX pohtii, miten me kaikki voidaan vaikuttaa omaan ja muiden turvallisuuteen. T\u00e4ss\u00e4 podissa mietit\u00e4\u00e4n turvallisuusteemoja ja kurkistetaan turvallisuuden eri tasoille sellaisilla alueilla, jotka vaikuttavat suoraan opiskelijoiden ja oppilaitosten turvallisuuteen. TurvaX-podcast on osa Opetushallituksen rahoittamaa TurvaX-hanketta. Voit kuunnella kaikki jaksot klikkaamalla t\u00e4st\u00e4. Jaksojen tekstitykset (PDF):<\/p>\n","protected":false},"author":46,"featured_media":0,"parent":0,"menu_order":0,"comment_status":"closed","ping_status":"closed","template":"","meta":{"footnotes":""},"class_list":["post-105","page","type-page","status-publish","hentry"],"_links":{"self":[{"href":"https:\/\/blogit.sasky.fi\/turvax\/wp-json\/wp\/v2\/pages\/105","targetHints":{"allow":["GET"]}}],"collection":[{"href":"https:\/\/blogit.sasky.fi\/turvax\/wp-json\/wp\/v2\/pages"}],"about":[{"href":"https:\/\/blogit.sasky.fi\/turvax\/wp-json\/wp\/v2\/types\/page"}],"author":[{"embeddable":true,"href":"https:\/\/blogit.sasky.fi\/turvax\/wp-json\/wp\/v2\/users\/46"}],"replies":[{"embeddable":true,"href":"https:\/\/blogit.sasky.fi\/turvax\/wp-json\/wp\/v2\/comments?post=105"}],"version-history":[{"count":27,"href":"https:\/\/blogit.sasky.fi\/turvax\/wp-json\/wp\/v2\/pages\/105\/revisions"}],"predecessor-version":[{"id":206,"href":"https:\/\/blogit.sasky.fi\/turvax\/wp-json\/wp\/v2\/pages\/105\/revisions\/206"}],"wp:attachment":[{"href":"https:\/\/blogit.sasky.fi\/turvax\/wp-json\/wp\/v2\/media?parent=105"}],"curies":[{"name":"wp","href":"https:\/\/api.w.org\/{rel}","templated":true}]}}