{"id":156,"date":"2024-05-03T08:32:43","date_gmt":"2024-05-03T05:32:43","guid":{"rendered":"https:\/\/blogit.sasky.fi\/turvax\/?page_id=156"},"modified":"2024-05-14T12:12:23","modified_gmt":"2024-05-14T09:12:23","slug":"turvallisemman-tilan-lukio-pakopelikokonaisuus","status":"publish","type":"page","link":"https:\/\/blogit.sasky.fi\/turvax\/turvallisemman-tilan-lukio-pakopelikokonaisuus\/","title":{"rendered":"Turvallisemman tilan lukio -pakopelikokonaisuus"},"content":{"rendered":"\n<p>Turvallisemman tilan lukio -kokonaisuus koostuu useista opiskelijoiden kirjoittamista pelikokonaisuuksista, joiden teemana on turvallisempi tila ja sosiaalinen turvallisuus. Ideat ja k\u00e4sikirjoitukset huoneisiin on TurvaX -hankkeen opiskelijoiden k\u00e4sikirjoittamia opintoteht\u00e4vin\u00e4.<\/p>\n\n\n\n<p>Astuessasi lukioon sis\u00e4lle l\u00f6yd\u00e4t aulasta eri teemaisia huoneita, joista voit valita hetkeesi sopivan. Huoneiden maksimikesto on 15 min, joten ne sopivat opintoteht\u00e4v\u00e4ksi tai voit k\u00e4ytt\u00e4\u00e4 niit\u00e4 vaikka ryhm\u00e4nohjaushetken tukena.<\/p>\n\n\n\n<p>Thinglink -kokonaisuuteen p\u00e4\u00e4set oheisen kuvan Qr-koodista ja <a href=\"https:\/\/www.thinglink.com\/scene\/1824051703914169188\" data-type=\"link\" data-id=\"https:\/\/www.thinglink.com\/scene\/1824051703914169188\">t\u00e4st\u00e4 linkist\u00e4<\/a>. Peli\u00e4 ja hankkeen materiaaleja saa k\u00e4ytt\u00e4\u00e4 opetuksessa.<\/p>\n\n\n\n<figure class=\"wp-block-image size-large\"><img loading=\"lazy\" decoding=\"async\" width=\"724\" height=\"1024\" src=\"https:\/\/blogit.sasky.fi\/turvax\/wp-content\/uploads\/sites\/19\/2024\/05\/TurvaX_ITK-posteri-841-x-1189-mm-724x1024.jpg\" alt=\"Turvallisemman tilan lukion -prosessikuvaus.\" class=\"wp-image-161\" srcset=\"https:\/\/blogit.sasky.fi\/turvax\/wp-content\/uploads\/sites\/19\/2024\/05\/TurvaX_ITK-posteri-841-x-1189-mm-724x1024.jpg 724w, https:\/\/blogit.sasky.fi\/turvax\/wp-content\/uploads\/sites\/19\/2024\/05\/TurvaX_ITK-posteri-841-x-1189-mm-212x300.jpg 212w, https:\/\/blogit.sasky.fi\/turvax\/wp-content\/uploads\/sites\/19\/2024\/05\/TurvaX_ITK-posteri-841-x-1189-mm-768x1086.jpg 768w, https:\/\/blogit.sasky.fi\/turvax\/wp-content\/uploads\/sites\/19\/2024\/05\/TurvaX_ITK-posteri-841-x-1189-mm-1087x1536.jpg 1087w, https:\/\/blogit.sasky.fi\/turvax\/wp-content\/uploads\/sites\/19\/2024\/05\/TurvaX_ITK-posteri-841-x-1189-mm-1449x2048.jpg 1449w, https:\/\/blogit.sasky.fi\/turvax\/wp-content\/uploads\/sites\/19\/2024\/05\/TurvaX_ITK-posteri-841-x-1189-mm-scaled.jpg 1811w\" sizes=\"auto, (max-width: 724px) 100vw, 724px\" \/><\/figure>\n\n\n","protected":false},"excerpt":{"rendered":"<p>Turvallisemman tilan lukio -kokonaisuus koostuu useista opiskelijoiden kirjoittamista pelikokonaisuuksista, joiden teemana on turvallisempi tila ja sosiaalinen turvallisuus. Ideat ja k\u00e4sikirjoitukset huoneisiin on TurvaX -hankkeen opiskelijoiden k\u00e4sikirjoittamia opintoteht\u00e4vin\u00e4. Astuessasi lukioon sis\u00e4lle l\u00f6yd\u00e4t aulasta eri teemaisia huoneita, joista voit valita hetkeesi sopivan. Huoneiden maksimikesto on 15 min, joten ne sopivat opintoteht\u00e4v\u00e4ksi tai voit k\u00e4ytt\u00e4\u00e4 niit\u00e4 vaikka ryhm\u00e4nohjaushetken &hellip; <\/p>\n<p class=\"link-more\"><a href=\"https:\/\/blogit.sasky.fi\/turvax\/turvallisemman-tilan-lukio-pakopelikokonaisuus\/\" class=\"more-link\">Jatka lukemista<span class=\"screen-reader-text\"> &#8221;Turvallisemman tilan lukio -pakopelikokonaisuus&#8221;<\/span><\/a><\/p>\n","protected":false},"author":46,"featured_media":0,"parent":0,"menu_order":0,"comment_status":"closed","ping_status":"closed","template":"","meta":{"footnotes":""},"class_list":["post-156","page","type-page","status-publish","hentry"],"_links":{"self":[{"href":"https:\/\/blogit.sasky.fi\/turvax\/wp-json\/wp\/v2\/pages\/156","targetHints":{"allow":["GET"]}}],"collection":[{"href":"https:\/\/blogit.sasky.fi\/turvax\/wp-json\/wp\/v2\/pages"}],"about":[{"href":"https:\/\/blogit.sasky.fi\/turvax\/wp-json\/wp\/v2\/types\/page"}],"author":[{"embeddable":true,"href":"https:\/\/blogit.sasky.fi\/turvax\/wp-json\/wp\/v2\/users\/46"}],"replies":[{"embeddable":true,"href":"https:\/\/blogit.sasky.fi\/turvax\/wp-json\/wp\/v2\/comments?post=156"}],"version-history":[{"count":7,"href":"https:\/\/blogit.sasky.fi\/turvax\/wp-json\/wp\/v2\/pages\/156\/revisions"}],"predecessor-version":[{"id":174,"href":"https:\/\/blogit.sasky.fi\/turvax\/wp-json\/wp\/v2\/pages\/156\/revisions\/174"}],"wp:attachment":[{"href":"https:\/\/blogit.sasky.fi\/turvax\/wp-json\/wp\/v2\/media?parent=156"}],"curies":[{"name":"wp","href":"https:\/\/api.w.org\/{rel}","templated":true}]}}