{"id":2,"date":"2023-03-29T15:00:35","date_gmt":"2023-03-29T12:00:35","guid":{"rendered":"https:\/\/blogit.sasky.fi\/turvax\/?page_id=2"},"modified":"2023-06-07T14:38:54","modified_gmt":"2023-06-07T11:38:54","slug":"tietoa","status":"publish","type":"page","link":"https:\/\/blogit.sasky.fi\/turvax\/tietoa\/","title":{"rendered":"Tietoa blogista ja hankkeesta"},"content":{"rendered":"\n<p><em>1.6.2022 \u2013 30.7.2024<\/em><\/p>\n\n\n\n<blockquote class=\"wp-block-quote is-layout-flow wp-block-quote-is-layout-flow\">\n<p>TurvaX\u2013hankkeen tavoitteena on kehitt\u00e4\u00e4 oppilaitosturvallisuutta ja sit\u00e4 kautta tuoda uusia toimintamalleja koko organisaation turvallisuuteen. Turvallisuuden eri osa-alueita ja teemoja kehitet\u00e4\u00e4n yhteisty\u00f6ss\u00e4 opiskelijoiden ja henkil\u00f6kunnan kanssa osana opiskeluarkea, digitaaliset mahdollisuudet huomioiden.<\/p>\n\n\n\n<p>Hankkeen kohderyhm\u00e4\u00e4 ovat osallistuvien lukioiden, Vammalan lukio ja Kangasalan lukio, opiskelijat ja henkil\u00f6st\u00f6, mutta opit ja iso osa materiaaleista tulee olemaan julkisesti jaettavissa.<\/p>\n<\/blockquote>\n\n\n\n<h3 class=\"wp-block-heading\"><strong>Kohderyhm\u00e4<\/strong><\/h3>\n\n\n\n<p>Hankkeen kohderyhm\u00e4\u00e4 ovat osallistuvien lukioiden, Vammalan lukio ja Kangasalan lukio, opiskelijat ja henkil\u00f6st\u00f6.<\/p>\n\n\n\n<h3 class=\"wp-block-heading\"><strong>Tavoitteet<\/strong><\/h3>\n\n\n\n<p id=\"block-790e834e-7044-481b-a520-287b638b04fb\">Tavoitteena on turvallisempi oppilaitos, p\u00e4ivitetyt toimintamallit sek\u00e4 turvallisuusosaamisen parantuminen kaikkien sidosryhmien ja turvallisuuden osa-alueiden osalta.<\/p>\n\n\n\n<h3 class=\"wp-block-heading\" id=\"block-27e27a69-6b2d-42fd-a986-ebbbaf86610f\"><strong>Toimenpiteet<\/strong><\/h3>\n\n\n\n<p id=\"block-9aaffca4-d1bd-4191-81dc-ace7431a10c0\">Hankkeessa kehitet\u00e4\u00e4n arjen toimintamalleja ja turvallisuusmateriaaleja yhteisty\u00f6ss\u00e4 henkil\u00f6kunnan ja opiskelijoiden kanssa. Pilotoidaan turvallisuusasioiden harjoitteluun ja opiskeluun digitaalisia mahdollisuuksia sek\u00e4 luodaan esimerkiksi turvallisuusteemaista sosiaalista mediaa. Tehd\u00e4\u00e4n turvallisuusasiat kaikille saavutettaviksi.<\/p>\n\n\n\n<h3 class=\"wp-block-heading\" id=\"block-567f4c9d-2470-478a-b9a6-627f1ffe37b3\"><strong>P\u00e4\u00e4toteuttaja<\/strong><\/h3>\n\n\n\n<p id=\"block-ab068dda-501d-400e-b6f0-f7860c93fe55\"><a href=\"https:\/\/Sasky.fi\" data-type=\"URL\" data-id=\"https:\/\/Sasky.fi\" target=\"_blank\" rel=\"noreferrer noopener\">SASKY koulutuskuntayhtym\u00e4<\/a><\/p>\n\n\n\n<h3 class=\"wp-block-heading\" id=\"block-af8b6f66-8881-458f-8b79-51390e5f0099\"><strong>Osatoteuttajat\u00a0<\/strong><\/h3>\n\n\n\n<ul class=\"wp-block-list\" id=\"block-127cdff5-9c39-46a9-b82a-5ef2ef8009aa\">\n<li>Kangasalan lukio<\/li>\n\n\n\n<li>Vammalan lukio<\/li>\n<\/ul>\n\n\n\n<h3 class=\"wp-block-heading\" id=\"block-8e87761d-14d0-4402-b953-ae7099608c1b\"><strong>Lis\u00e4tietoja<\/strong><\/h3>\n\n\n\n<p id=\"block-43c2d108-89a8-4c46-8206-b4158121e44d\">Iris Sundelin<\/p>\n\n\n\n<p>Hankekoordinaattori<br>iris.sundelin(at)sasky.fi<\/p>\n","protected":false},"excerpt":{"rendered":"<p>1.6.2022 \u2013 30.7.2024 TurvaX\u2013hankkeen tavoitteena on kehitt\u00e4\u00e4 oppilaitosturvallisuutta ja sit\u00e4 kautta tuoda uusia toimintamalleja koko organisaation turvallisuuteen. Turvallisuuden eri osa-alueita ja teemoja kehitet\u00e4\u00e4n yhteisty\u00f6ss\u00e4 opiskelijoiden ja henkil\u00f6kunnan kanssa osana opiskeluarkea, digitaaliset mahdollisuudet huomioiden. Hankkeen kohderyhm\u00e4\u00e4 ovat osallistuvien lukioiden, Vammalan lukio ja Kangasalan lukio, opiskelijat ja henkil\u00f6st\u00f6, mutta opit ja iso osa materiaaleista tulee olemaan julkisesti &hellip; <\/p>\n<p class=\"link-more\"><a href=\"https:\/\/blogit.sasky.fi\/turvax\/tietoa\/\" class=\"more-link\">Jatka lukemista<span class=\"screen-reader-text\"> &#8221;Tietoa blogista ja hankkeesta&#8221;<\/span><\/a><\/p>\n","protected":false},"author":45,"featured_media":0,"parent":0,"menu_order":0,"comment_status":"closed","ping_status":"open","template":"","meta":{"footnotes":""},"class_list":["post-2","page","type-page","status-publish","hentry"],"_links":{"self":[{"href":"https:\/\/blogit.sasky.fi\/turvax\/wp-json\/wp\/v2\/pages\/2","targetHints":{"allow":["GET"]}}],"collection":[{"href":"https:\/\/blogit.sasky.fi\/turvax\/wp-json\/wp\/v2\/pages"}],"about":[{"href":"https:\/\/blogit.sasky.fi\/turvax\/wp-json\/wp\/v2\/types\/page"}],"author":[{"embeddable":true,"href":"https:\/\/blogit.sasky.fi\/turvax\/wp-json\/wp\/v2\/users\/45"}],"replies":[{"embeddable":true,"href":"https:\/\/blogit.sasky.fi\/turvax\/wp-json\/wp\/v2\/comments?post=2"}],"version-history":[{"count":4,"href":"https:\/\/blogit.sasky.fi\/turvax\/wp-json\/wp\/v2\/pages\/2\/revisions"}],"predecessor-version":[{"id":78,"href":"https:\/\/blogit.sasky.fi\/turvax\/wp-json\/wp\/v2\/pages\/2\/revisions\/78"}],"wp:attachment":[{"href":"https:\/\/blogit.sasky.fi\/turvax\/wp-json\/wp\/v2\/media?parent=2"}],"curies":[{"name":"wp","href":"https:\/\/api.w.org\/{rel}","templated":true}]}}